{"id":56925,"date":"2026-02-06T05:16:26","date_gmt":"2026-02-06T05:16:26","guid":{"rendered":"https:\/\/ruitongs.com\/?page_id=56925"},"modified":"2026-04-30T01:35:17","modified_gmt":"2026-04-30T01:35:17","slug":"56925-2","status":"publish","type":"page","link":"https:\/\/ruitongs.com\/de\/56925-2\/","title":{"rendered":"Startseite"},"content":{"rendered":"\n<h1 class=\"wp-block-heading\" id=\"h-sourcing-agent-china-ruitongs\">Sourcing Agent China \u2014 RUITONGS<\/h1>\n\n\n\n<p>RUITONGS ist Ihr vertrauensw\u00fcrdiger Sourcing Agent China und bietet umfassende Unterst\u00fctzung bei der Lieferantenpr\u00fcfung, Qualit\u00e4tskontrolle und Exportkoordination \u2014 damit internationale Eink\u00e4ufer mit vollster Sicherheit importieren k\u00f6nnen. Wir arbeiten direkt in China, um Beschaffungsrisiken vor dem Versand Ihrer Waren zu managen.<\/p>\n\n\n\n<p>[RUITONGS kontaktieren]<\/p>\n\n\n\n<h2 class=\"wp-block-heading\" id=\"h-wie-unser-sourcing-agent-china-ihre-einkaufe-unterstutzt\">Wie unser Sourcing Agent China Ihre Eink\u00e4ufe unterst\u00fctzt<\/h2>\n\n\n\n<p>Sourcing in China bedeutet oft, mit mehreren Lieferanten, verschiedenen Produktionsphasen und Kommunikationsproblemen umzugehen \u2014 alles aus der Ferne. Als Sourcing Agent China agiert RUITONGS als Ihr lokaler Partner vor Ort und liefert Feldausf\u00fchrung, Verifizierung und klare Berichte w\u00e4hrend des gesamten Beschaffungsprozesses.<\/p>\n\n\n\n<h2 class=\"wp-block-heading\" id=\"h-wie-wir-arbeiten-ein-strukturierter-ansatz-zum-risikomanagement\">Wie Wir Arbeiten: Ein Strukturierter Ansatz zum Risikomanagement<\/h2>\n\n\n\n<p><strong>Schritt 1: Ihre Anforderungen verstehen<\/strong> Wir pr\u00fcfen Produktspezifikationen, Qualit\u00e4tsanforderungen, Bestellmenge, Zielmarkt und ben\u00f6tigte Dienstleistungen.<\/p>\n\n\n\n<p><strong>Schritt 2: Lieferantenauswahl und Verifizierung<\/strong> Wir identifizieren geeignete Lieferanten und pr\u00fcfen ihre Legitimit\u00e4t, Produktionskapazit\u00e4t und potenzielle Risiken vor Beginn der Zusammenarbeit.<\/p>\n\n\n\n<p><strong>Schritt 3: Muster- und Produktionskoordination<\/strong> Wir unterst\u00fctzen die Mustergenehmigung und \u00fcberwachen den Produktionsfortschritt, um Abweichungen und Verz\u00f6gerungen zu reduzieren.<\/p>\n\n\n\n<p><strong>Schritt 4: Qualit\u00e4tskontrolle und Lade\u00fcberwachung<\/strong> Wir f\u00fchren Vor-Ort-Inspektionen durch und \u00fcberwachen die Containerbeladung vor dem Versand.<\/p>\n\n\n\n<p><strong>Schritt 5: Export- und Versandkoordination<\/strong> Wir unterst\u00fctzen bei der Exportdokumentation und Versandkoordination, damit Ihre Waren China reibungslos verlassen.<\/p>\n\n\n\n<h2 class=\"wp-block-heading\" id=\"h-unsere-hauptdienstleistungen\">Unsere Hauptdienstleistungen<\/h2>\n\n\n\n<ul class=\"wp-block-list\">\n<li>Sourcing und Einkauf in China<\/li>\n\n\n\n<li>Fabrikaudit und Lieferantenverifizierung<\/li>\n\n\n\n<li>Qualit\u00e4tskontrolle und Lade\u00fcberwachung<\/li>\n\n\n\n<li>Logistik- und Exportsupport<\/li>\n<\/ul>\n\n\n\n<h2 class=\"wp-block-heading\" id=\"h-warum-ruitongs-als-sourcing-agent-china-wahlen\">Warum RUITONGS als Sourcing Agent China w\u00e4hlen<\/h2>\n\n\n\n<p><strong>Lokale Pr\u00e4senz<\/strong> \u2014 In China ans\u00e4ssiges Team, das die wichtigsten Fertigungszentren abdeckt.<\/p>\n\n\n\n<p><strong>Vollst\u00e4ndige Unabh\u00e4ngigkeit<\/strong> \u2014 Unabh\u00e4ngig von Fabriken und Spediteuren f\u00fcr objektive und unparteiische Berichte.<\/p>\n\n\n\n<p><strong>Faktenbasierte Berichte<\/strong> \u2014 Praktische, evidenzbasierte Berichte ohne Verkaufsversprechen.<\/p>\n\n\n\n<p><strong>Klare Kommunikation<\/strong> \u2014 Risikoorientierte Ausf\u00fchrung mit transparenten und regelm\u00e4\u00dfigen Updates.<\/p>\n\n\n\n<p><strong>Skalierbarer Support<\/strong> \u2014 L\u00f6sungen f\u00fcr kleine Bestellungen und gro\u00dfe Projekte gleicherma\u00dfen.<\/p>\n\n\n\n<h2 class=\"wp-block-heading\" id=\"h-branchen-die-wir-unterstutzen\">Branchen die wir Unterst\u00fctzen<\/h2>\n\n\n\n<p>Unser Sourcing Agent China ist in zahlreichen Industriesektoren t\u00e4tig, darunter Konsumg\u00fcter, M\u00f6bel, Industriekomponenten, Baumaterialien und OEM- oder kundenspezifische Fertigung. Wenn Ihr Produkt in China hergestellt wird, k\u00f6nnen wir Sie wahrscheinlich unterst\u00fctzen.<\/p>\n\n\n\n<h2 class=\"wp-block-heading\" id=\"h-starten-sie-ihr-sourcing-in-china-mit-vertrauen\">Starten Sie Ihr Sourcing in China mit Vertrauen<\/h2>\n\n\n\n<p>Ob Sie zum ersten Mal importieren oder eine laufende Produktion verwalten, RUITONGS bietet zuverl\u00e4ssigen Support direkt vor Ort in China.<\/p>\n\n\n\n<p>F\u00fcr weitere Informationen zum internationalen Handel besuchen Sie die <a href=\"https:\/\/www.wto.org\/indexsp.htm\">Welthandelsorganisation<\/a><\/p>\n\n\n\n<p>\ud83d\udc49 <a href=\"https:\/\/ruitongs.com\/sourcing-agent-china\/\">Sourcing-Dienstleistungen China<\/a> \ud83d\udc49 <a href=\"https:\/\/ruitongs.com\/kontakt-sourcing-agent-china\/\">RUITONGS kontaktieren<\/a><\/p>\n\n\n\n<p>[RUITONGS kontaktieren]<\/p>\n\n\n\n<p><\/p>\n","protected":false},"excerpt":{"rendered":"<p>Sourcing Agent China \u2014 RUITONGS RUITONGS ist Ihr vertrauensw\u00fcrdiger Sourcing Agent China und bietet umfassende Unterst\u00fctzung bei der Lieferantenpr\u00fcfung, Qualit\u00e4tskontrolle [&hellip;]<\/p>\n","protected":false},"author":259547316,"featured_media":0,"parent":0,"menu_order":0,"comment_status":"closed","ping_status":"closed","template":"","meta":{"_acf_changed":false,"site-sidebar-layout":"default","site-content-layout":"","ast-site-content-layout":"default","site-content-style":"default","site-sidebar-style":"default","ast-global-header-display":"","ast-banner-title-visibility":"","ast-main-header-display":"","ast-hfb-above-header-display":"","ast-hfb-below-header-display":"","ast-hfb-mobile-header-display":"","site-post-title":"","ast-breadcrumbs-content":"","ast-featured-img":"","footer-sml-layout":"","ast-disable-related-posts":"","theme-transparent-header-meta":"","adv-header-id-meta":"","stick-header-meta":"","header-above-stick-meta":"","header-main-stick-meta":"","header-below-stick-meta":"","astra-migrate-meta-layouts":"default","ast-page-background-enabled":"default","ast-page-background-meta":{"desktop":{"background-color":"var(--ast-global-color-5)","background-image":"","background-repeat":"repeat","background-position":"center center","background-size":"auto","background-attachment":"scroll","background-type":"","background-media":"","overlay-type":"","overlay-color":"","overlay-opacity":"","overlay-gradient":""},"tablet":{"background-color":"","background-image":"","background-repeat":"repeat","background-position":"center center","background-size":"auto","background-attachment":"scroll","background-type":"","background-media":"","overlay-type":"","overlay-color":"","overlay-opacity":"","overlay-gradient":""},"mobile":{"background-color":"","background-image":"","background-repeat":"repeat","background-position":"center center","background-size":"auto","background-attachment":"scroll","background-type":"","background-media":"","overlay-type":"","overlay-color":"","overlay-opacity":"","overlay-gradient":""}},"ast-content-background-meta":{"desktop":{"background-color":"var(--ast-global-color-4)","background-image":"","background-repeat":"repeat","background-position":"center center","background-size":"auto","background-attachment":"scroll","background-type":"","background-media":"","overlay-type":"","overlay-color":"","overlay-opacity":"","overlay-gradient":""},"tablet":{"background-color":"var(--ast-global-color-4)","background-image":"","background-repeat":"repeat","background-position":"center center","background-size":"auto","background-attachment":"scroll","background-type":"","background-media":"","overlay-type":"","overlay-color":"","overlay-opacity":"","overlay-gradient":""},"mobile":{"background-color":"var(--ast-global-color-4)","background-image":"","background-repeat":"repeat","background-position":"center center","background-size":"auto","background-attachment":"scroll","background-type":"","background-media":"","overlay-type":"","overlay-color":"","overlay-opacity":"","overlay-gradient":""}},"_cloudinary_featured_overwrite":false,"footnotes":""},"class_list":["post-56925","page","type-page","status-publish","hentry"],"acf":[],"yoast_head":"<!-- This site is optimized with the Yoast SEO Premium plugin v27.4 (Yoast SEO v27.5) - https:\/\/yoast.com\/product\/yoast-seo-premium-wordpress\/ -->\n<title>Sourcing Agent China | RUITONGS<\/title>\n<meta name=\"description\" content=\"RUITONGS ist Ihr unabh\u00e4ngiger Sourcing Agent China. Lieferantenpr\u00fcfung, Qualit\u00e4tskontrolle und Exportkoordination. Importieren Sie mit Vertrauen.\" \/>\n<meta name=\"robots\" content=\"index, follow, max-snippet:-1, max-image-preview:large, max-video-preview:-1\" \/>\n<link rel=\"canonical\" href=\"https:\/\/ruitongs.com\/de\/56925-2\/\" \/>\n<meta property=\"og:locale\" content=\"de_DE\" \/>\n<meta property=\"og:type\" content=\"article\" \/>\n<meta property=\"og:title\" content=\"Startseite\" \/>\n<meta property=\"og:description\" content=\"RUITONGS ist Ihr unabh\u00e4ngiger Sourcing Agent China. Lieferantenpr\u00fcfung, Qualit\u00e4tskontrolle und Exportkoordination. Importieren Sie mit Vertrauen.\" \/>\n<meta property=\"og:url\" content=\"https:\/\/ruitongs.com\/de\/56925-2\/\" \/>\n<meta property=\"og:site_name\" content=\"RUITONGS\" \/>\n<meta property=\"article:modified_time\" content=\"2026-04-30T01:35:17+00:00\" \/>\n<meta name=\"twitter:card\" content=\"summary_large_image\" \/>\n<meta name=\"twitter:label1\" content=\"Gesch\u00e4tzte Lesezeit\" \/>\n\t<meta name=\"twitter:data1\" content=\"2\u00a0Minuten\" \/>\n<script type=\"application\/ld+json\" class=\"yoast-schema-graph\">{\"@context\":\"https:\\\/\\\/schema.org\",\"@graph\":[{\"@type\":\"WebPage\",\"@id\":\"https:\\\/\\\/ruitongs.com\\\/de\\\/56925-2\\\/\",\"url\":\"https:\\\/\\\/ruitongs.com\\\/de\\\/56925-2\\\/\",\"name\":\"Sourcing Agent China | RUITONGS\",\"isPartOf\":{\"@id\":\"https:\\\/\\\/ruitongs.com\\\/de\\\/#website\"},\"datePublished\":\"2026-02-06T05:16:26+00:00\",\"dateModified\":\"2026-04-30T01:35:17+00:00\",\"description\":\"RUITONGS ist Ihr unabh\u00e4ngiger Sourcing Agent China. Lieferantenpr\u00fcfung, Qualit\u00e4tskontrolle und Exportkoordination. Importieren Sie mit Vertrauen.\",\"breadcrumb\":{\"@id\":\"https:\\\/\\\/ruitongs.com\\\/de\\\/56925-2\\\/#breadcrumb\"},\"inLanguage\":\"de\",\"potentialAction\":[{\"@type\":\"ReadAction\",\"target\":[\"https:\\\/\\\/ruitongs.com\\\/de\\\/56925-2\\\/\"]}]},{\"@type\":\"BreadcrumbList\",\"@id\":\"https:\\\/\\\/ruitongs.com\\\/de\\\/56925-2\\\/#breadcrumb\",\"itemListElement\":[{\"@type\":\"ListItem\",\"position\":1,\"name\":\"Home\",\"item\":\"https:\\\/\\\/ruitongs.com\\\/de\\\/\"},{\"@type\":\"ListItem\",\"position\":2,\"name\":\"Startseite\"}]},{\"@type\":\"WebSite\",\"@id\":\"https:\\\/\\\/ruitongs.com\\\/de\\\/#website\",\"url\":\"https:\\\/\\\/ruitongs.com\\\/de\\\/\",\"name\":\"RUITONGS\",\"description\":\"RUITONGS \u2013 China&#039;s Premier Kitchenware Supplier\",\"publisher\":{\"@id\":\"https:\\\/\\\/ruitongs.com\\\/de\\\/#organization\"},\"potentialAction\":[{\"@type\":\"SearchAction\",\"target\":{\"@type\":\"EntryPoint\",\"urlTemplate\":\"https:\\\/\\\/ruitongs.com\\\/de\\\/?s={search_term_string}\"},\"query-input\":{\"@type\":\"PropertyValueSpecification\",\"valueRequired\":true,\"valueName\":\"search_term_string\"}}],\"inLanguage\":\"de\"},{\"@type\":[\"Organization\",\"Place\"],\"@id\":\"https:\\\/\\\/ruitongs.com\\\/de\\\/#organization\",\"name\":\"RUITONGS\",\"url\":\"https:\\\/\\\/ruitongs.com\\\/de\\\/\",\"logo\":{\"@id\":\"https:\\\/\\\/ruitongs.com\\\/de\\\/56925-2\\\/#local-main-organization-logo\"},\"image\":{\"@id\":\"https:\\\/\\\/ruitongs.com\\\/de\\\/56925-2\\\/#local-main-organization-logo\"},\"description\":\"RUITONGS is a China-based professional sourcing agent offering one-stop sourcing, inspection, and export services for global buyers.\",\"telephone\":[],\"openingHoursSpecification\":[{\"@type\":\"OpeningHoursSpecification\",\"dayOfWeek\":[\"Sunday\",\"Monday\",\"Tuesday\",\"Wednesday\",\"Thursday\",\"Friday\",\"Saturday\"],\"opens\":\"09:00\",\"closes\":\"17:00\"}]},{\"@type\":\"ImageObject\",\"inLanguage\":\"de\",\"@id\":\"https:\\\/\\\/ruitongs.com\\\/de\\\/56925-2\\\/#local-main-organization-logo\",\"url\":\"https:\\\/\\\/res.cloudinary.com\\\/dbnpbpprq\\\/images\\\/f_auto,q_auto\\\/v1777343761\\\/ruitongs-logo_4079932e37\\\/ruitongs-logo_4079932e37.png?_i=AA\",\"contentUrl\":\"https:\\\/\\\/res.cloudinary.com\\\/dbnpbpprq\\\/images\\\/f_auto,q_auto\\\/v1777343761\\\/ruitongs-logo_4079932e37\\\/ruitongs-logo_4079932e37.png?_i=AA\",\"width\":696,\"height\":696,\"caption\":\"RUITONGS\"}]}<\/script>\n<!-- \/ Yoast SEO Premium plugin. -->","yoast_head_json":{"title":"Sourcing Agent China | RUITONGS","description":"RUITONGS ist Ihr unabh\u00e4ngiger Sourcing Agent China. Lieferantenpr\u00fcfung, Qualit\u00e4tskontrolle und Exportkoordination. Importieren Sie mit Vertrauen.","robots":{"index":"index","follow":"follow","max-snippet":"max-snippet:-1","max-image-preview":"max-image-preview:large","max-video-preview":"max-video-preview:-1"},"canonical":"https:\/\/ruitongs.com\/de\/56925-2\/","og_locale":"de_DE","og_type":"article","og_title":"Startseite","og_description":"RUITONGS ist Ihr unabh\u00e4ngiger Sourcing Agent China. Lieferantenpr\u00fcfung, Qualit\u00e4tskontrolle und Exportkoordination. Importieren Sie mit Vertrauen.","og_url":"https:\/\/ruitongs.com\/de\/56925-2\/","og_site_name":"RUITONGS","article_modified_time":"2026-04-30T01:35:17+00:00","twitter_card":"summary_large_image","twitter_misc":{"Gesch\u00e4tzte Lesezeit":"2\u00a0Minuten"},"schema":{"@context":"https:\/\/schema.org","@graph":[{"@type":"WebPage","@id":"https:\/\/ruitongs.com\/de\/56925-2\/","url":"https:\/\/ruitongs.com\/de\/56925-2\/","name":"Sourcing Agent China | RUITONGS","isPartOf":{"@id":"https:\/\/ruitongs.com\/de\/#website"},"datePublished":"2026-02-06T05:16:26+00:00","dateModified":"2026-04-30T01:35:17+00:00","description":"RUITONGS ist Ihr unabh\u00e4ngiger Sourcing Agent China. Lieferantenpr\u00fcfung, Qualit\u00e4tskontrolle und Exportkoordination. Importieren Sie mit Vertrauen.","breadcrumb":{"@id":"https:\/\/ruitongs.com\/de\/56925-2\/#breadcrumb"},"inLanguage":"de","potentialAction":[{"@type":"ReadAction","target":["https:\/\/ruitongs.com\/de\/56925-2\/"]}]},{"@type":"BreadcrumbList","@id":"https:\/\/ruitongs.com\/de\/56925-2\/#breadcrumb","itemListElement":[{"@type":"ListItem","position":1,"name":"Home","item":"https:\/\/ruitongs.com\/de\/"},{"@type":"ListItem","position":2,"name":"Startseite"}]},{"@type":"WebSite","@id":"https:\/\/ruitongs.com\/de\/#website","url":"https:\/\/ruitongs.com\/de\/","name":"RUITONGS","description":"RUITONGS \u2013 China&#039;s Premier Kitchenware Supplier","publisher":{"@id":"https:\/\/ruitongs.com\/de\/#organization"},"potentialAction":[{"@type":"SearchAction","target":{"@type":"EntryPoint","urlTemplate":"https:\/\/ruitongs.com\/de\/?s={search_term_string}"},"query-input":{"@type":"PropertyValueSpecification","valueRequired":true,"valueName":"search_term_string"}}],"inLanguage":"de"},{"@type":["Organization","Place"],"@id":"https:\/\/ruitongs.com\/de\/#organization","name":"RUITONGS","url":"https:\/\/ruitongs.com\/de\/","logo":{"@id":"https:\/\/ruitongs.com\/de\/56925-2\/#local-main-organization-logo"},"image":{"@id":"https:\/\/ruitongs.com\/de\/56925-2\/#local-main-organization-logo"},"description":"RUITONGS is a China-based professional sourcing agent offering one-stop sourcing, inspection, and export services for global buyers.","telephone":[],"openingHoursSpecification":[{"@type":"OpeningHoursSpecification","dayOfWeek":["Sunday","Monday","Tuesday","Wednesday","Thursday","Friday","Saturday"],"opens":"09:00","closes":"17:00"}]},{"@type":"ImageObject","inLanguage":"de","@id":"https:\/\/ruitongs.com\/de\/56925-2\/#local-main-organization-logo","url":"https:\/\/res.cloudinary.com\/dbnpbpprq\/images\/f_auto,q_auto\/v1777343761\/ruitongs-logo_4079932e37\/ruitongs-logo_4079932e37.png?_i=AA","contentUrl":"https:\/\/res.cloudinary.com\/dbnpbpprq\/images\/f_auto,q_auto\/v1777343761\/ruitongs-logo_4079932e37\/ruitongs-logo_4079932e37.png?_i=AA","width":696,"height":696,"caption":"RUITONGS"}]}},"jetpack_likes_enabled":false,"jetpack_sharing_enabled":false,"jetpack_shortlink":"https:\/\/wp.me\/Pgestk-eO9","jetpack-related-posts":[{"id":56941,"url":"https:\/\/ruitongs.com\/de\/56925-2\/ruitongs-kontaktieren-china\/","url_meta":{"origin":56925,"position":0},"title":"Kontakt","author":"Ruitongs","date":"8. Februar 2026","format":false,"excerpt":"RUITONGS kontaktieren China \u2014 Ihr Sourcing Agent vor Ort M\u00f6chten Sie RUITONGS kontaktieren China? Unser unabh\u00e4ngiges Team ist vor Ort bereit f\u00fcr Qualit\u00e4tsinspektionen, Fabrikaudits, Sourcing-Support und Exportkoordination \u00fcberall in China. [Kostenlose Beratung anfordern] Wir Sind Bereit zu Helfen Ob Sie zum ersten Mal importieren oder eine laufende Produktion verwalten, unser\u2026","rel":"","context":"\u00c4hnlicher Beitrag","block_context":{"text":"\u00c4hnlicher Beitrag","link":""},"img":{"alt_text":"","src":"","width":0,"height":0},"classes":[]},{"id":56933,"url":"https:\/\/ruitongs.com\/de\/56925-2\/sourcing-dienstleistungen-china\/","url_meta":{"origin":56925,"position":1},"title":"Unsere Leistungen","author":"Ruitongs","date":"8. Februar 2026","format":false,"excerpt":"Sourcing Dienstleistungen China \u2014 RUITONGS RUITONGS bietet umfassende Sourcing Dienstleistungen China, vom Lieferantenaudit bis zur vollst\u00e4ndigen Einkaufsverwaltung. Unser lokales Team und unsere Feld\u00fcberwachung erm\u00f6glichen es Ihnen, mit vollem Vertrauen zu importieren. [Individuelle Serviceanfrage stellen] Warum unsere Sourcing Dienstleistungen China w\u00e4hlen Von der Lieferantenauswahl bis zur Lade\u00fcberwachung verwaltet unser Team jeden\u2026","rel":"","context":"\u00c4hnlicher Beitrag","block_context":{"text":"\u00c4hnlicher Beitrag","link":""},"img":{"alt_text":"","src":"","width":0,"height":0},"classes":[]},{"id":41168,"url":"https:\/\/ruitongs.com\/","url_meta":{"origin":56925,"position":2},"title":"Home","author":"Ruitongs","date":"6. Februar 2026","format":false,"excerpt":"China Sourcing Agent \u2014 RUITONGS RUITONGS is your trusted China sourcing agent, providing on-the-ground support for supplier verification, quality inspection, and export coordination \u2014 helping global buyers source with confidence. We work directly in China to manage sourcing risks before your goods ship. [Contact RUITONGS to Discuss Your Project] Why\u2026","rel":"","context":"\u00c4hnlicher Beitrag","block_context":{"text":"\u00c4hnlicher Beitrag","link":""},"img":{"alt_text":"","src":"","width":0,"height":0},"classes":[]},{"id":41634,"url":"https:\/\/ruitongs.com\/china-sourcing-agent\/contact-ruitongs\/","url_meta":{"origin":56925,"position":3},"title":"Contact RUITONGS","author":"Ruitongs","date":"8. Februar 2026","format":false,"excerpt":"Contact RUITONGS \u2014 Your China Sourcing Agent RUITONGS is your independent China sourcing agent on the ground. Contact us today for quality inspection, factory audits, sourcing support, and export coordination anywhere in China. [Get a Free Consultation] We Are Ready to Help Whether you are sourcing for the first time\u2026","rel":"","context":"\u00c4hnlicher Beitrag","block_context":{"text":"\u00c4hnlicher Beitrag","link":""},"img":{"alt_text":"","src":"","width":0,"height":0},"classes":[]}],"_links":{"self":[{"href":"https:\/\/ruitongs.com\/de\/wp-json\/wp\/v2\/pages\/56925","targetHints":{"allow":["GET"]}}],"collection":[{"href":"https:\/\/ruitongs.com\/de\/wp-json\/wp\/v2\/pages"}],"about":[{"href":"https:\/\/ruitongs.com\/de\/wp-json\/wp\/v2\/types\/page"}],"author":[{"embeddable":true,"href":"https:\/\/ruitongs.com\/de\/wp-json\/wp\/v2\/users\/259547316"}],"replies":[{"embeddable":true,"href":"https:\/\/ruitongs.com\/de\/wp-json\/wp\/v2\/comments?post=56925"}],"version-history":[{"count":4,"href":"https:\/\/ruitongs.com\/de\/wp-json\/wp\/v2\/pages\/56925\/revisions"}],"predecessor-version":[{"id":57018,"href":"https:\/\/ruitongs.com\/de\/wp-json\/wp\/v2\/pages\/56925\/revisions\/57018"}],"wp:attachment":[{"href":"https:\/\/ruitongs.com\/de\/wp-json\/wp\/v2\/media?parent=56925"}],"curies":[{"name":"wp","href":"https:\/\/api.w.org\/{rel}","templated":true}]}}