{"id":56933,"date":"2026-02-08T02:44:43","date_gmt":"2026-02-08T02:44:43","guid":{"rendered":"https:\/\/ruitongs.com\/?page_id=56933"},"modified":"2026-04-28T03:55:23","modified_gmt":"2026-04-28T03:55:23","slug":"sourcing-dienstleistungen-china","status":"publish","type":"page","link":"https:\/\/ruitongs.com\/de\/56925-2\/sourcing-dienstleistungen-china\/","title":{"rendered":"Unsere Leistungen"},"content":{"rendered":"\n<h2 class=\"wp-block-heading\" id=\"h-sourcing-dienstleistungen-china-ruitongs\">Sourcing Dienstleistungen China \u2014 RUITONGS<\/h2>\n\n\n\n<p>RUITONGS bietet umfassende Sourcing Dienstleistungen in China, vom Lieferantenaudit bis zur vollst\u00e4ndigen Einkaufsverwaltung. Unser lokales Team und unsere Feld\u00fcberwachung erm\u00f6glichen es Ihnen, mit vollem Vertrauen zu importieren.<\/p>\n\n\n\n<p>[Individuelle Serviceanfrage stellen]<\/p>\n\n\n\n<hr class=\"wp-block-separator has-alpha-channel-opacity\"\/>\n\n\n\n<h3 class=\"wp-block-heading\" id=\"h-warum-unsere-sourcing-dienstleistungen-in-china-wahlen\">Warum unsere Sourcing Dienstleistungen in China w\u00e4hlen<\/h3>\n\n\n\n<p>Von der Lieferantenauswahl bis zur Lade\u00fcberwachung verwaltet unser Team jeden Schritt Ihrer Lieferkette in China. Als erfahrener Sourcing Agent China decken wir den gesamten Produktionszyklus ab, vom ersten Lieferantenkontakt bis zum Versandhafen.<\/p>\n\n\n\n<hr class=\"wp-block-separator has-alpha-channel-opacity\"\/>\n\n\n\n<h3 class=\"wp-block-heading\" id=\"h-strategisches-sourcing-und-einkaufsmanagement-in-china\">Strategisches Sourcing und Einkaufsmanagement in China<\/h3>\n\n\n\n<p>Wir gehen \u00fcber Online-Kataloge hinaus. Unser Team identifiziert und bewertet Hersteller basierend auf Ihren technischen Anforderungen, Qualit\u00e4tsstandards und Kostenzielen. Jede Beschaffungsmission beginnt mit einem genauen Verst\u00e4ndnis Ihrer Bed\u00fcrfnisse.<\/p>\n\n\n\n<ul class=\"wp-block-list\">\n<li><strong>Lieferantenidentifikation<\/strong> \u2014 Zugang zu unserem verifizierten Netzwerk von Direktherstellern.<\/li>\n\n\n\n<li><strong>Wettbewerbsf\u00e4hige Verhandlung<\/strong> \u2014 Wir verhandeln Preise und Zahlungsbedingungen (30\/70) in Ihrem Namen.<\/li>\n\n\n\n<li><strong>Musterentwicklung<\/strong> \u2014 Wir verwalten den Prototyping-Prozess bis zur endg\u00fcltigen Genehmigung.<\/li>\n<\/ul>\n\n\n\n<hr class=\"wp-block-separator has-alpha-channel-opacity\"\/>\n\n\n\n<h3 class=\"wp-block-heading\" id=\"h-fabrikaudit-und-lieferantenverifizierung\">Fabrikaudit und Lieferantenverifizierung<\/h3>\n\n\n\n<p>&#8222;Vertrauen, aber verifizieren.&#8220; Vor jeder Anzahlung f\u00fchren wir gr\u00fcndliche physische Audits durch. Diese Verifizierung steht im Mittelpunkt unseres Beschaffungsprozesses in China und best\u00e4tigt die operative Zuverl\u00e4ssigkeit des Lieferanten vor jeder finanziellen Verpflichtung.<\/p>\n\n\n\n<ul class=\"wp-block-list\">\n<li><strong>Legitimit\u00e4t<\/strong> \u2014 Gewerbliche Lizenzen, Exportrechte und rechtliche Struktur.<\/li>\n\n\n\n<li><strong>Kapazit\u00e4t<\/strong> \u2014 Maschinenzustand, Teamgr\u00f6\u00dfe und Produktionseffizienz.<\/li>\n\n\n\n<li><strong>Konformit\u00e4t<\/strong> \u2014 ISO-Zertifizierungen, BSCI \/ Sedex und Umweltstandards.<\/li>\n<\/ul>\n\n\n\n<hr class=\"wp-block-separator has-alpha-channel-opacity\"\/>\n\n\n\n<h3 class=\"wp-block-heading\" id=\"h-professionelle-qualitatskontrolle-im-rahmen-unserer-sourcing-dienstleistungen\">Professionelle Qualit\u00e4tskontrolle im Rahmen unserer Sourcing Dienstleistungen<\/h3>\n\n\n\n<p>Unsere Inspektionen folgen den internationalen Standards AQL 2.5 \/ 4.0, um M\u00e4ngel vor dem Versand zu erkennen. Dieser Service ist integraler Bestandteil unserer Einkaufsl\u00f6sungen in China als Sourcing Agent China.<\/p>\n\n\n\n<ul class=\"wp-block-list\">\n<li>Vorproduktionsinspektion (PPI)<\/li>\n\n\n\n<li>Inspektion w\u00e4hrend der Produktion (DUPRO)<\/li>\n\n\n\n<li>Vorversandinspektion (PSI)<\/li>\n<\/ul>\n\n\n\n<p><strong>Berichte<\/strong> \u2014 Vollst\u00e4ndiger digitaler Bericht mit Fotos und Videos innerhalb von 24 Stunden.<\/p>\n\n\n\n<hr class=\"wp-block-separator has-alpha-channel-opacity\"\/>\n\n\n\n<h3 class=\"wp-block-heading\" id=\"h-ladeuberwachung-und-exportkoordination\">Lade\u00fcberwachung und Exportkoordination<\/h3>\n\n\n\n<p>Der letzte Schritt unserer Sourcing Dienstleistungen in China. Wir garantieren eine korrekte Beladung, Schadensvorbeugung und ordnungsgem\u00e4\u00dfe Versiegelung vor dem Versand Ihrer Waren. Wir sichern so den vollst\u00e4ndigen Schutz Ihrer Lieferkette bis zur Abfahrt vom Hafen.<\/p>\n\n\n\n<ul class=\"wp-block-list\">\n<li>Mengenpr\u00fcfung gegen Packliste<\/li>\n\n\n\n<li>\u00dcberpr\u00fcfung des Containerzustands<\/li>\n\n\n\n<li>Koordination der Exportdokumentation<\/li>\n<\/ul>\n\n\n\n<hr class=\"wp-block-separator has-alpha-channel-opacity\"\/>\n\n\n\n<h3 class=\"wp-block-heading\" id=\"h-branchen-die-wir-beliefern\">Branchen die wir Beliefern<\/h3>\n\n\n\n<p>Unsere Dienstleistungen decken Konsumg\u00fcter, M\u00f6bel, Industriekomponenten, Baumaterialien und OEM- oder kundenspezifische Projekte ab. Wenn Ihr Produkt in China hergestellt wird, k\u00f6nnen wir Sie bei Ihrem Beschaffungsprozess in China unterst\u00fctzen.<\/p>\n\n\n\n<hr class=\"wp-block-separator has-alpha-channel-opacity\"\/>\n\n\n\n<h3 class=\"wp-block-heading\" id=\"h-bereit-ihr-sourcing-in-china-zu-optimieren\">Bereit Ihr Sourcing in China zu Optimieren?<\/h3>\n\n\n\n<p>H\u00f6ren Sie auf, Risiken aus der Ferne zu verwalten. RUITONGS ist Ihre Augen und Ohren in China als zuverl\u00e4ssiger Sourcing Agent China.<\/p>\n\n\n\n<p>F\u00fcr weitere Informationen zum internationalen Handel besuchen Sie die <a href=\"https:\/\/www.wto.org\/indexsp.htm\">Welthandelsorganisation<\/a><\/p>\n\n\n\n<p>\ud83d\udc49 <a href=\"https:\/\/ruitongs.com\/sourcing-agent-china\/\">Sourcing Agent China<\/a> \ud83d\udc49 <a href=\"https:\/\/ruitongs.com\/kontakt-sourcing-agent-china\/\">RUITONGS kontaktieren<\/a><\/p>\n\n\n\n<p>[RUITONGS kontaktieren]<\/p>\n\n\n\n<p><\/p>\n","protected":false},"excerpt":{"rendered":"<p>Sourcing Dienstleistungen China \u2014 RUITONGS RUITONGS bietet umfassende Sourcing Dienstleistungen in China, vom Lieferantenaudit bis zur vollst\u00e4ndigen Einkaufsverwaltung. Unser lokales [&hellip;]<\/p>\n","protected":false},"author":259547316,"featured_media":0,"parent":56925,"menu_order":0,"comment_status":"closed","ping_status":"closed","template":"","meta":{"_acf_changed":false,"site-sidebar-layout":"default","site-content-layout":"","ast-site-content-layout":"default","site-content-style":"default","site-sidebar-style":"default","ast-global-header-display":"","ast-banner-title-visibility":"","ast-main-header-display":"","ast-hfb-above-header-display":"","ast-hfb-below-header-display":"","ast-hfb-mobile-header-display":"","site-post-title":"","ast-breadcrumbs-content":"","ast-featured-img":"","footer-sml-layout":"","ast-disable-related-posts":"","theme-transparent-header-meta":"","adv-header-id-meta":"","stick-header-meta":"","header-above-stick-meta":"","header-main-stick-meta":"","header-below-stick-meta":"","astra-migrate-meta-layouts":"default","ast-page-background-enabled":"default","ast-page-background-meta":{"desktop":{"background-color":"var(--ast-global-color-5)","background-image":"","background-repeat":"repeat","background-position":"center center","background-size":"auto","background-attachment":"scroll","background-type":"","background-media":"","overlay-type":"","overlay-color":"","overlay-opacity":"","overlay-gradient":""},"tablet":{"background-color":"","background-image":"","background-repeat":"repeat","background-position":"center center","background-size":"auto","background-attachment":"scroll","background-type":"","background-media":"","overlay-type":"","overlay-color":"","overlay-opacity":"","overlay-gradient":""},"mobile":{"background-color":"","background-image":"","background-repeat":"repeat","background-position":"center center","background-size":"auto","background-attachment":"scroll","background-type":"","background-media":"","overlay-type":"","overlay-color":"","overlay-opacity":"","overlay-gradient":""}},"ast-content-background-meta":{"desktop":{"background-color":"var(--ast-global-color-4)","background-image":"","background-repeat":"repeat","background-position":"center center","background-size":"auto","background-attachment":"scroll","background-type":"","background-media":"","overlay-type":"","overlay-color":"","overlay-opacity":"","overlay-gradient":""},"tablet":{"background-color":"var(--ast-global-color-4)","background-image":"","background-repeat":"repeat","background-position":"center center","background-size":"auto","background-attachment":"scroll","background-type":"","background-media":"","overlay-type":"","overlay-color":"","overlay-opacity":"","overlay-gradient":""},"mobile":{"background-color":"var(--ast-global-color-4)","background-image":"","background-repeat":"repeat","background-position":"center center","background-size":"auto","background-attachment":"scroll","background-type":"","background-media":"","overlay-type":"","overlay-color":"","overlay-opacity":"","overlay-gradient":""}},"_cloudinary_featured_overwrite":false,"footnotes":""},"class_list":["post-56933","page","type-page","status-publish","hentry"],"acf":[],"yoast_head":"<!-- This site is optimized with the Yoast SEO Premium plugin v27.4 (Yoast SEO v27.4) - https:\/\/yoast.com\/product\/yoast-seo-premium-wordpress\/ -->\n<title>Sourcing Dienstleistungen China | RUITONGS<\/title>\n<meta name=\"description\" content=\"RUITONGS bietet Sourcing Dienstleistungen in China: Fabrikaudit, Qualit\u00e4tskontrolle und Exportsupport. Importieren Sie sicher mit unserem lokalen Team.\" \/>\n<meta name=\"robots\" content=\"index, follow, max-snippet:-1, max-image-preview:large, max-video-preview:-1\" \/>\n<link rel=\"canonical\" href=\"https:\/\/ruitongs.com\/de\/56925-2\/sourcing-dienstleistungen-china\/\" \/>\n<meta property=\"og:locale\" content=\"de_DE\" \/>\n<meta property=\"og:type\" content=\"article\" \/>\n<meta property=\"og:title\" content=\"Unsere Leistungen\" \/>\n<meta property=\"og:description\" content=\"RUITONGS bietet Sourcing Dienstleistungen in China: Fabrikaudit, Qualit\u00e4tskontrolle und Exportsupport. Importieren Sie sicher mit unserem lokalen Team.\" \/>\n<meta property=\"og:url\" content=\"https:\/\/ruitongs.com\/de\/56925-2\/sourcing-dienstleistungen-china\/\" \/>\n<meta property=\"og:site_name\" content=\"RUITONGS\" \/>\n<meta property=\"article:modified_time\" content=\"2026-04-28T03:55:23+00:00\" \/>\n<meta name=\"twitter:card\" content=\"summary_large_image\" \/>\n<meta name=\"twitter:label1\" content=\"Gesch\u00e4tzte Lesezeit\" \/>\n\t<meta name=\"twitter:data1\" content=\"3\u00a0Minuten\" \/>\n<script type=\"application\/ld+json\" class=\"yoast-schema-graph\">{\"@context\":\"https:\\\/\\\/schema.org\",\"@graph\":[{\"@type\":\"WebPage\",\"@id\":\"https:\\\/\\\/ruitongs.com\\\/de\\\/56925-2\\\/sourcing-dienstleistungen-china\\\/\",\"url\":\"https:\\\/\\\/ruitongs.com\\\/de\\\/56925-2\\\/sourcing-dienstleistungen-china\\\/\",\"name\":\"Sourcing Dienstleistungen China | RUITONGS\",\"isPartOf\":{\"@id\":\"https:\\\/\\\/ruitongs.com\\\/de\\\/#website\"},\"datePublished\":\"2026-02-08T02:44:43+00:00\",\"dateModified\":\"2026-04-28T03:55:23+00:00\",\"description\":\"RUITONGS bietet Sourcing Dienstleistungen in China: Fabrikaudit, Qualit\u00e4tskontrolle und Exportsupport. Importieren Sie sicher mit unserem lokalen Team.\",\"breadcrumb\":{\"@id\":\"https:\\\/\\\/ruitongs.com\\\/de\\\/56925-2\\\/sourcing-dienstleistungen-china\\\/#breadcrumb\"},\"inLanguage\":\"de\",\"potentialAction\":[{\"@type\":\"ReadAction\",\"target\":[\"https:\\\/\\\/ruitongs.com\\\/de\\\/56925-2\\\/sourcing-dienstleistungen-china\\\/\"]}]},{\"@type\":\"BreadcrumbList\",\"@id\":\"https:\\\/\\\/ruitongs.com\\\/de\\\/56925-2\\\/sourcing-dienstleistungen-china\\\/#breadcrumb\",\"itemListElement\":[{\"@type\":\"ListItem\",\"position\":1,\"name\":\"Home\",\"item\":\"https:\\\/\\\/ruitongs.com\\\/de\\\/\"},{\"@type\":\"ListItem\",\"position\":2,\"name\":\"Startseite\",\"item\":\"https:\\\/\\\/ruitongs.com\\\/de\\\/56925-2\\\/\"},{\"@type\":\"ListItem\",\"position\":3,\"name\":\"Unsere Leistungen\"}]},{\"@type\":\"WebSite\",\"@id\":\"https:\\\/\\\/ruitongs.com\\\/de\\\/#website\",\"url\":\"https:\\\/\\\/ruitongs.com\\\/de\\\/\",\"name\":\"RUITONGS\",\"description\":\"RUITONGS \u2013 China&#039;s Premier Kitchenware Supplier\",\"publisher\":{\"@id\":\"https:\\\/\\\/ruitongs.com\\\/de\\\/#organization\"},\"potentialAction\":[{\"@type\":\"SearchAction\",\"target\":{\"@type\":\"EntryPoint\",\"urlTemplate\":\"https:\\\/\\\/ruitongs.com\\\/de\\\/?s={search_term_string}\"},\"query-input\":{\"@type\":\"PropertyValueSpecification\",\"valueRequired\":true,\"valueName\":\"search_term_string\"}}],\"inLanguage\":\"de\"},{\"@type\":[\"Organization\",\"Place\"],\"@id\":\"https:\\\/\\\/ruitongs.com\\\/de\\\/#organization\",\"name\":\"RUITONGS\",\"url\":\"https:\\\/\\\/ruitongs.com\\\/de\\\/\",\"logo\":{\"@id\":\"https:\\\/\\\/ruitongs.com\\\/de\\\/56925-2\\\/sourcing-dienstleistungen-china\\\/#local-main-organization-logo\"},\"image\":{\"@id\":\"https:\\\/\\\/ruitongs.com\\\/de\\\/56925-2\\\/sourcing-dienstleistungen-china\\\/#local-main-organization-logo\"},\"description\":\"RUITONGS is a China-based professional sourcing agent offering one-stop sourcing, inspection, and export services for global buyers.\",\"telephone\":[],\"openingHoursSpecification\":[{\"@type\":\"OpeningHoursSpecification\",\"dayOfWeek\":[\"Sunday\",\"Monday\",\"Tuesday\",\"Wednesday\",\"Thursday\",\"Friday\",\"Saturday\"],\"opens\":\"09:00\",\"closes\":\"17:00\"}]},{\"@type\":\"ImageObject\",\"inLanguage\":\"de\",\"@id\":\"https:\\\/\\\/ruitongs.com\\\/de\\\/56925-2\\\/sourcing-dienstleistungen-china\\\/#local-main-organization-logo\",\"url\":\"https:\\\/\\\/ruitongs.com\\\/wp-content\\\/uploads\\\/2026\\\/02\\\/ruitongs-logo.png\",\"contentUrl\":\"https:\\\/\\\/ruitongs.com\\\/wp-content\\\/uploads\\\/2026\\\/02\\\/ruitongs-logo.png\",\"width\":696,\"height\":696,\"caption\":\"RUITONGS\"}]}<\/script>\n<!-- \/ Yoast SEO Premium plugin. -->","yoast_head_json":{"title":"Sourcing Dienstleistungen China | RUITONGS","description":"RUITONGS bietet Sourcing Dienstleistungen in China: Fabrikaudit, Qualit\u00e4tskontrolle und Exportsupport. Importieren Sie sicher mit unserem lokalen Team.","robots":{"index":"index","follow":"follow","max-snippet":"max-snippet:-1","max-image-preview":"max-image-preview:large","max-video-preview":"max-video-preview:-1"},"canonical":"https:\/\/ruitongs.com\/de\/56925-2\/sourcing-dienstleistungen-china\/","og_locale":"de_DE","og_type":"article","og_title":"Unsere Leistungen","og_description":"RUITONGS bietet Sourcing Dienstleistungen in China: Fabrikaudit, Qualit\u00e4tskontrolle und Exportsupport. Importieren Sie sicher mit unserem lokalen Team.","og_url":"https:\/\/ruitongs.com\/de\/56925-2\/sourcing-dienstleistungen-china\/","og_site_name":"RUITONGS","article_modified_time":"2026-04-28T03:55:23+00:00","twitter_card":"summary_large_image","twitter_misc":{"Gesch\u00e4tzte Lesezeit":"3\u00a0Minuten"},"schema":{"@context":"https:\/\/schema.org","@graph":[{"@type":"WebPage","@id":"https:\/\/ruitongs.com\/de\/56925-2\/sourcing-dienstleistungen-china\/","url":"https:\/\/ruitongs.com\/de\/56925-2\/sourcing-dienstleistungen-china\/","name":"Sourcing Dienstleistungen China | RUITONGS","isPartOf":{"@id":"https:\/\/ruitongs.com\/de\/#website"},"datePublished":"2026-02-08T02:44:43+00:00","dateModified":"2026-04-28T03:55:23+00:00","description":"RUITONGS bietet Sourcing Dienstleistungen in China: Fabrikaudit, Qualit\u00e4tskontrolle und Exportsupport. Importieren Sie sicher mit unserem lokalen Team.","breadcrumb":{"@id":"https:\/\/ruitongs.com\/de\/56925-2\/sourcing-dienstleistungen-china\/#breadcrumb"},"inLanguage":"de","potentialAction":[{"@type":"ReadAction","target":["https:\/\/ruitongs.com\/de\/56925-2\/sourcing-dienstleistungen-china\/"]}]},{"@type":"BreadcrumbList","@id":"https:\/\/ruitongs.com\/de\/56925-2\/sourcing-dienstleistungen-china\/#breadcrumb","itemListElement":[{"@type":"ListItem","position":1,"name":"Home","item":"https:\/\/ruitongs.com\/de\/"},{"@type":"ListItem","position":2,"name":"Startseite","item":"https:\/\/ruitongs.com\/de\/56925-2\/"},{"@type":"ListItem","position":3,"name":"Unsere Leistungen"}]},{"@type":"WebSite","@id":"https:\/\/ruitongs.com\/de\/#website","url":"https:\/\/ruitongs.com\/de\/","name":"RUITONGS","description":"RUITONGS \u2013 China&#039;s Premier Kitchenware Supplier","publisher":{"@id":"https:\/\/ruitongs.com\/de\/#organization"},"potentialAction":[{"@type":"SearchAction","target":{"@type":"EntryPoint","urlTemplate":"https:\/\/ruitongs.com\/de\/?s={search_term_string}"},"query-input":{"@type":"PropertyValueSpecification","valueRequired":true,"valueName":"search_term_string"}}],"inLanguage":"de"},{"@type":["Organization","Place"],"@id":"https:\/\/ruitongs.com\/de\/#organization","name":"RUITONGS","url":"https:\/\/ruitongs.com\/de\/","logo":{"@id":"https:\/\/ruitongs.com\/de\/56925-2\/sourcing-dienstleistungen-china\/#local-main-organization-logo"},"image":{"@id":"https:\/\/ruitongs.com\/de\/56925-2\/sourcing-dienstleistungen-china\/#local-main-organization-logo"},"description":"RUITONGS is a China-based professional sourcing agent offering one-stop sourcing, inspection, and export services for global buyers.","telephone":[],"openingHoursSpecification":[{"@type":"OpeningHoursSpecification","dayOfWeek":["Sunday","Monday","Tuesday","Wednesday","Thursday","Friday","Saturday"],"opens":"09:00","closes":"17:00"}]},{"@type":"ImageObject","inLanguage":"de","@id":"https:\/\/ruitongs.com\/de\/56925-2\/sourcing-dienstleistungen-china\/#local-main-organization-logo","url":"https:\/\/ruitongs.com\/wp-content\/uploads\/2026\/02\/ruitongs-logo.png","contentUrl":"https:\/\/ruitongs.com\/wp-content\/uploads\/2026\/02\/ruitongs-logo.png","width":696,"height":696,"caption":"RUITONGS"}]}},"jetpack_likes_enabled":false,"jetpack_sharing_enabled":false,"jetpack_shortlink":"https:\/\/wp.me\/Pgestk-eOh","jetpack-related-posts":[{"id":41700,"url":"https:\/\/ruitongs.com\/china-sourcing-agent\/china-sourcing-services\/china-sourcing-faq\/","url_meta":{"origin":56933,"position":0},"title":"Frequently Asked Questions (FAQ)","author":"Ruitongs","date":"8. Februar 2026","format":false,"excerpt":"China Sourcing FAQ \u2014 RUITONGS This China sourcing FAQ covers the most common questions global buyers ask about working with RUITONGS, including inspections, factory audits, export logistics, and pricing. If you have a question not covered here, contact us directly. China Sourcing FAQ: About RUITONGS Where are RUITONGS offices located\u2026","rel":"","context":"\u00c4hnlicher Beitrag","block_context":{"text":"\u00c4hnlicher Beitrag","link":""},"img":{"alt_text":"","src":"","width":0,"height":0},"classes":[]},{"id":41634,"url":"https:\/\/ruitongs.com\/china-sourcing-agent\/contact-ruitongs\/","url_meta":{"origin":56933,"position":1},"title":"Contact RUITONGS","author":"Ruitongs","date":"8. Februar 2026","format":false,"excerpt":"Contact RUITONGS \u2014 Your China Sourcing Agent RUITONGS is your independent China sourcing agent on the ground. Contact us today for quality inspection, factory audits, sourcing support, and export coordination anywhere in China. [Get a Free Consultation] We Are Ready to Help Whether you are sourcing for the first time\u2026","rel":"","context":"\u00c4hnlicher Beitrag","block_context":{"text":"\u00c4hnlicher Beitrag","link":""},"img":{"alt_text":"","src":"","width":0,"height":0},"classes":[]},{"id":41707,"url":"https:\/\/ruitongs.com\/es\/importar-desde-china\/gestion-de-compras-en-china\/preguntas-frecuentes-sourcing-china\/","url_meta":{"origin":56933,"position":2},"title":"Preguntas Frecuentes (FAQ)","author":"Ruitongs","date":"8. Februar 2026","format":false,"excerpt":"Preguntas Frecuentes Sourcing China \u2014 RUITONGS Esta p\u00e1gina responde las preguntas frecuentes sobre sourcing China que nos hacen los compradores internacionales, incluyendo inspecciones, auditor\u00edas de f\u00e1bricas, log\u00edstica de exportaci\u00f3n y c\u00f3mo trabaja RUITONGS como su socio local. Si tiene alguna pregunta adicional, cont\u00e1ctenos directamente. Preguntas Frecuentes Sourcing China: Sobre RUITONGS\u2026","rel":"","context":"\u00c4hnlicher Beitrag","block_context":{"text":"\u00c4hnlicher Beitrag","link":""},"img":{"alt_text":"","src":"","width":0,"height":0},"classes":[]},{"id":41168,"url":"https:\/\/ruitongs.com\/","url_meta":{"origin":56933,"position":3},"title":"Home","author":"Ruitongs","date":"6. Februar 2026","format":false,"excerpt":"China Sourcing Agent \u2014 RUITONGS RUITONGS is your trusted China sourcing agent, providing on-the-ground support for supplier verification, quality inspection, and export coordination \u2014 helping global buyers source with confidence. We work directly in China to manage sourcing risks before your goods ship. [Contact RUITONGS to Discuss Your Project] Why\u2026","rel":"","context":"\u00c4hnlicher Beitrag","block_context":{"text":"\u00c4hnlicher Beitrag","link":""},"img":{"alt_text":"","src":"","width":0,"height":0},"classes":[]},{"id":41705,"url":"https:\/\/ruitongs.com\/pt-br\/inicio-2\/nossos-servicos\/perguntas-frequentes-faq\/","url_meta":{"origin":56933,"position":4},"title":"Perguntas Frequentes (FAQ)","author":"Ruitongs","date":"8. Februar 2026","format":false,"excerpt":"Perguntas Frequentes Sourcing China \u2014 RUITONGS Esta p\u00e1gina responde as perguntas frequentes sobre sourcing China que recebemos de compradores internacionais, incluindo inspe\u00e7\u00f5es, auditorias de f\u00e1bricas, log\u00edstica de exporta\u00e7\u00e3o e como a RUITONGS atua como seu parceiro local. Se tiver alguma d\u00favida adicional, entre em contato diretamente. Perguntas Frequentes Sourcing China:\u2026","rel":"","context":"\u00c4hnlicher Beitrag","block_context":{"text":"\u00c4hnlicher Beitrag","link":""},"img":{"alt_text":"","src":"","width":0,"height":0},"classes":[]},{"id":41748,"url":"https:\/\/ruitongs.com\/china-sourcing-agent\/china-order-tracking\/","url_meta":{"origin":56933,"position":5},"title":"Order Status","author":"Ruitongs","date":"8. Februar 2026","format":false,"excerpt":"China Order Tracking \u2014 RUITONGS RUITONGS provides centralized China order tracking so you always know what stage your order is in, what has been completed, and what is happening right now on the factory floor. When you place an order in China, the biggest risk is not price \u2014 it's\u2026","rel":"","context":"\u00c4hnlicher Beitrag","block_context":{"text":"\u00c4hnlicher Beitrag","link":""},"img":{"alt_text":"","src":"","width":0,"height":0},"classes":[]}],"_links":{"self":[{"href":"https:\/\/ruitongs.com\/de\/wp-json\/wp\/v2\/pages\/56933","targetHints":{"allow":["GET"]}}],"collection":[{"href":"https:\/\/ruitongs.com\/de\/wp-json\/wp\/v2\/pages"}],"about":[{"href":"https:\/\/ruitongs.com\/de\/wp-json\/wp\/v2\/types\/page"}],"author":[{"embeddable":true,"href":"https:\/\/ruitongs.com\/de\/wp-json\/wp\/v2\/users\/259547316"}],"replies":[{"embeddable":true,"href":"https:\/\/ruitongs.com\/de\/wp-json\/wp\/v2\/comments?post=56933"}],"version-history":[{"count":3,"href":"https:\/\/ruitongs.com\/de\/wp-json\/wp\/v2\/pages\/56933\/revisions"}],"predecessor-version":[{"id":56978,"href":"https:\/\/ruitongs.com\/de\/wp-json\/wp\/v2\/pages\/56933\/revisions\/56978"}],"up":[{"embeddable":true,"href":"https:\/\/ruitongs.com\/de\/wp-json\/wp\/v2\/pages\/56925"}],"wp:attachment":[{"href":"https:\/\/ruitongs.com\/de\/wp-json\/wp\/v2\/media?parent=56933"}],"curies":[{"name":"wp","href":"https:\/\/api.w.org\/{rel}","templated":true}]}}