{"id":56941,"date":"2026-02-08T07:15:44","date_gmt":"2026-02-08T07:15:44","guid":{"rendered":"https:\/\/ruitongs.com\/56925-2\/contact-ruitongs\/"},"modified":"2026-04-29T02:58:43","modified_gmt":"2026-04-29T02:58:43","slug":"ruitongs-kontaktieren-china","status":"publish","type":"page","link":"https:\/\/ruitongs.com\/de\/56925-2\/ruitongs-kontaktieren-china\/","title":{"rendered":"Kontakt"},"content":{"rendered":"\n<h1 class=\"wp-block-heading\" id=\"h-ruitongs-kontaktieren-china-ihr-sourcing-agent-vor-ort\">RUITONGS kontaktieren China \u2014 Ihr Sourcing Agent vor Ort<\/h1>\n\n\n\n<p>M\u00f6chten Sie RUITONGS kontaktieren China? Unser unabh\u00e4ngiges Team ist vor Ort bereit f\u00fcr Qualit\u00e4tsinspektionen, Fabrikaudits, Sourcing-Support und Exportkoordination \u00fcberall in China.<\/p>\n\n\n\n<p>[Kostenlose Beratung anfordern]<\/p>\n\n\n\n<h2 class=\"wp-block-heading\" id=\"h-wir-sind-bereit-zu-helfen\">Wir Sind Bereit zu Helfen<\/h2>\n\n\n\n<p>Ob Sie zum ersten Mal importieren oder eine laufende Produktion verwalten, unser lokales Team in China ist bereit zu handeln \u2014 schnell, unabh\u00e4ngig und zuverl\u00e4ssig. Kontaktieren Sie RUITONGS China und wir antworten auf alle Anfragen innerhalb von 24 Stunden.<\/p>\n\n\n\n<h2 class=\"wp-block-heading\" id=\"h-unsere-dienstleistungen\">Unsere Dienstleistungen<\/h2>\n\n\n\n<ul class=\"wp-block-list\">\n<li>Qualit\u00e4tskontrolle (PPI, DUPRO, PSI)<\/li>\n\n\n\n<li>Fabrikaudit und Lieferantenverifizierung<\/li>\n\n\n\n<li>Sourcing und Einkauf in China<\/li>\n\n\n\n<li>Containerbeladungs\u00fcberwachung<\/li>\n\n\n\n<li>Exportdokumentationssupport<\/li>\n\n\n\n<li>Inlandstransport und Frachtbuchung (See- und Luftfracht)<\/li>\n\n\n\n<li>Chinesische Zollabfertigung und Handelspr\u00fcfung<\/li>\n<\/ul>\n\n\n\n<h2 class=\"wp-block-heading\" id=\"h-direkter-kontakt\">Direkter Kontakt<\/h2>\n\n\n\n<p><strong>Direktor:<\/strong> Herr Lee <strong>E-Mail:<\/strong> <a href=\"mailto:info@ruitongs.com\">info@ruitongs.com<\/a> <strong>WhatsApp \/ Mobil:<\/strong> +86 186 5798 7863 <strong>WeChat:<\/strong> +86 186 5798 7863 <strong>Verf\u00fcgbarkeit:<\/strong> Montag \u2013 Samstag | 09:00 \u2013 18:00 (GMT+8)<\/p>\n\n\n\n<h2 class=\"wp-block-heading\" id=\"h-senden-sie-uns-ihre-nachricht\">Senden Sie uns Ihre Nachricht<\/h2>\n\n\n\n<ul class=\"wp-block-list\">\n<li>Name<\/li>\n\n\n\n<li>Firmenname<\/li>\n\n\n\n<li>E-Mail-Adresse<\/li>\n\n\n\n<li>Ben\u00f6tigte Dienstleistung (Qualit\u00e4tskontrolle \/ Fabrikaudit \/ Sourcing \/ Logistik)<\/li>\n\n\n\n<li>Nachricht <em>(Beispiel: &#8222;Ich ben\u00f6tige eine Vorversandinspektion in Shenzhen n\u00e4chste Woche.&#8220;)<\/em><\/li>\n<\/ul>\n\n\n\n<p>[RUITONGS Heute Kontaktieren]<\/p>\n\n\n\n<h2 class=\"wp-block-heading\" id=\"h-wo-wir-tatig-sind\">Wo Wir T\u00e4tig Sind<\/h2>\n\n\n\n<p>Mit Sitz in Yiwu decken unsere Teams alle wichtigen Fertigungsregionen und Exporth\u00e4fen in China ab. Wenn Sie RUITONGS kontaktieren China, erreichen Sie ein Netzwerk das landesweit aktiv ist.<\/p>\n\n\n\n<p><strong>Fertigungsregionen<\/strong> Yiwu \u00b7 Hangzhou \u00b7 Guangzhou \u00b7 Shenzhen \u00b7 Jieyang \u00b7 Jiangmen \u00b7 Qingdao \u00b7 Xiamen \u00b7 Chongqing<\/p>\n\n\n\n<p><strong>Exporth\u00e4fen<\/strong> Ningbo \u00b7 Shanghai \u00b7 Shenzhen \u00b7 Guangzhou \u00b7 Qingdao \u00b7 Tianjin \u00b7 Dalian \u00b7 Xiamen \u00b7 Nanjing<\/p>\n\n\n\n<h2 class=\"wp-block-heading\" id=\"h-warum-ruitongs-kontaktieren-china\">Warum RUITONGS kontaktieren China<\/h2>\n\n\n\n<p><strong>100% Unabh\u00e4ngig<\/strong> \u2014 Keine Provisionen von Fabriken oder Spediteuren. Wir arbeiten ausschlie\u00dflich f\u00fcr Eink\u00e4ufer.<\/p>\n\n\n\n<p><strong>Vor Ort Pr\u00e4senz<\/strong> \u2014 Teams in allen wichtigen Fertigungszentren und Exporth\u00e4fen in China.<\/p>\n\n\n\n<p><strong>Schnelle Reaktion<\/strong> \u2014 Inspektoren innerhalb von 24\u201348 Stunden eingesetzt. Berichte innerhalb von 24 Stunden geliefert.<\/p>\n\n\n\n<p><strong>Transparente Berichte<\/strong> \u2014 Evidenzbasierte Berichte mit Fotos und Videos. Keine Verkaufsversprechen.<\/p>\n\n\n\n<p>F\u00fcr weitere Informationen zu internationalen Handelsstandards besuchen Sie die <a href=\"https:\/\/iccwbo.org\/de\/\">Internationale Handelskammer<\/a><\/p>\n\n\n\n<p>\ud83d\udc49 <a href=\"https:\/\/ruitongs.com\/sourcing-dienstleistungen-china\/\">Sourcing Dienstleistungen China<\/a> \ud83d\udc49 <a href=\"https:\/\/ruitongs.com\/sourcing-agent-china\/\">Sourcing Agent China<\/a><\/p>\n\n\n\n<p>[RUITONGS Heute Kontaktieren]<\/p>\n\n\n\n<p><\/p>\n","protected":false},"excerpt":{"rendered":"<p>RUITONGS kontaktieren China \u2014 Ihr Sourcing Agent vor Ort M\u00f6chten Sie RUITONGS kontaktieren China? Unser unabh\u00e4ngiges Team ist vor Ort [&hellip;]<\/p>\n","protected":false},"author":259547316,"featured_media":0,"parent":56925,"menu_order":0,"comment_status":"closed","ping_status":"closed","template":"","meta":{"_acf_changed":false,"site-sidebar-layout":"default","site-content-layout":"","ast-site-content-layout":"default","site-content-style":"default","site-sidebar-style":"default","ast-global-header-display":"","ast-banner-title-visibility":"","ast-main-header-display":"","ast-hfb-above-header-display":"","ast-hfb-below-header-display":"","ast-hfb-mobile-header-display":"","site-post-title":"","ast-breadcrumbs-content":"","ast-featured-img":"","footer-sml-layout":"","ast-disable-related-posts":"","theme-transparent-header-meta":"","adv-header-id-meta":"","stick-header-meta":"","header-above-stick-meta":"","header-main-stick-meta":"","header-below-stick-meta":"","astra-migrate-meta-layouts":"default","ast-page-background-enabled":"default","ast-page-background-meta":{"desktop":{"background-color":"var(--ast-global-color-5)","background-image":"","background-repeat":"repeat","background-position":"center center","background-size":"auto","background-attachment":"scroll","background-type":"","background-media":"","overlay-type":"","overlay-color":"","overlay-opacity":"","overlay-gradient":""},"tablet":{"background-color":"","background-image":"","background-repeat":"repeat","background-position":"center center","background-size":"auto","background-attachment":"scroll","background-type":"","background-media":"","overlay-type":"","overlay-color":"","overlay-opacity":"","overlay-gradient":""},"mobile":{"background-color":"","background-image":"","background-repeat":"repeat","background-position":"center center","background-size":"auto","background-attachment":"scroll","background-type":"","background-media":"","overlay-type":"","overlay-color":"","overlay-opacity":"","overlay-gradient":""}},"ast-content-background-meta":{"desktop":{"background-color":"var(--ast-global-color-4)","background-image":"","background-repeat":"repeat","background-position":"center center","background-size":"auto","background-attachment":"scroll","background-type":"","background-media":"","overlay-type":"","overlay-color":"","overlay-opacity":"","overlay-gradient":""},"tablet":{"background-color":"var(--ast-global-color-4)","background-image":"","background-repeat":"repeat","background-position":"center center","background-size":"auto","background-attachment":"scroll","background-type":"","background-media":"","overlay-type":"","overlay-color":"","overlay-opacity":"","overlay-gradient":""},"mobile":{"background-color":"var(--ast-global-color-4)","background-image":"","background-repeat":"repeat","background-position":"center center","background-size":"auto","background-attachment":"scroll","background-type":"","background-media":"","overlay-type":"","overlay-color":"","overlay-opacity":"","overlay-gradient":""}},"_cloudinary_featured_overwrite":false,"footnotes":""},"class_list":["post-56941","page","type-page","status-publish","hentry"],"acf":[],"yoast_head":"<!-- This site is optimized with the Yoast SEO Premium plugin v27.4 (Yoast SEO v27.5) - https:\/\/yoast.com\/product\/yoast-seo-premium-wordpress\/ -->\n<title>RUITONGS kontaktieren China | Sourcing Agent<\/title>\n<meta name=\"description\" content=\"RUITONGS kontaktieren China \u2014 Ihr unabh\u00e4ngiger Sourcing Agent. Qualit\u00e4tskontrolle, Fabrikaudit und Logistik. Antwort innerhalb von 24 Stunden.\" \/>\n<meta name=\"robots\" content=\"index, follow, max-snippet:-1, max-image-preview:large, max-video-preview:-1\" \/>\n<link rel=\"canonical\" href=\"https:\/\/ruitongs.com\/de\/56925-2\/ruitongs-kontaktieren-china\/\" \/>\n<meta property=\"og:locale\" content=\"de_DE\" \/>\n<meta property=\"og:type\" content=\"article\" \/>\n<meta property=\"og:title\" content=\"Kontakt\" \/>\n<meta property=\"og:description\" content=\"RUITONGS kontaktieren China \u2014 Ihr unabh\u00e4ngiger Sourcing Agent. Qualit\u00e4tskontrolle, Fabrikaudit und Logistik. Antwort innerhalb von 24 Stunden.\" \/>\n<meta property=\"og:url\" content=\"https:\/\/ruitongs.com\/de\/56925-2\/ruitongs-kontaktieren-china\/\" \/>\n<meta property=\"og:site_name\" content=\"RUITONGS\" \/>\n<meta property=\"article:modified_time\" content=\"2026-04-29T02:58:43+00:00\" \/>\n<meta name=\"twitter:card\" content=\"summary_large_image\" \/>\n<meta name=\"twitter:label1\" content=\"Gesch\u00e4tzte Lesezeit\" \/>\n\t<meta name=\"twitter:data1\" content=\"2\u00a0Minuten\" \/>\n<script type=\"application\/ld+json\" class=\"yoast-schema-graph\">{\"@context\":\"https:\\\/\\\/schema.org\",\"@graph\":[{\"@type\":\"WebPage\",\"@id\":\"https:\\\/\\\/ruitongs.com\\\/de\\\/56925-2\\\/ruitongs-kontaktieren-china\\\/\",\"url\":\"https:\\\/\\\/ruitongs.com\\\/de\\\/56925-2\\\/ruitongs-kontaktieren-china\\\/\",\"name\":\"RUITONGS kontaktieren China | Sourcing Agent\",\"isPartOf\":{\"@id\":\"https:\\\/\\\/ruitongs.com\\\/de\\\/#website\"},\"datePublished\":\"2026-02-08T07:15:44+00:00\",\"dateModified\":\"2026-04-29T02:58:43+00:00\",\"description\":\"RUITONGS kontaktieren China \u2014 Ihr unabh\u00e4ngiger Sourcing Agent. Qualit\u00e4tskontrolle, Fabrikaudit und Logistik. Antwort innerhalb von 24 Stunden.\",\"breadcrumb\":{\"@id\":\"https:\\\/\\\/ruitongs.com\\\/de\\\/56925-2\\\/ruitongs-kontaktieren-china\\\/#breadcrumb\"},\"inLanguage\":\"de\",\"potentialAction\":[{\"@type\":\"ReadAction\",\"target\":[\"https:\\\/\\\/ruitongs.com\\\/de\\\/56925-2\\\/ruitongs-kontaktieren-china\\\/\"]}]},{\"@type\":\"BreadcrumbList\",\"@id\":\"https:\\\/\\\/ruitongs.com\\\/de\\\/56925-2\\\/ruitongs-kontaktieren-china\\\/#breadcrumb\",\"itemListElement\":[{\"@type\":\"ListItem\",\"position\":1,\"name\":\"Home\",\"item\":\"https:\\\/\\\/ruitongs.com\\\/de\\\/\"},{\"@type\":\"ListItem\",\"position\":2,\"name\":\"Startseite\",\"item\":\"https:\\\/\\\/ruitongs.com\\\/de\\\/56925-2\\\/\"},{\"@type\":\"ListItem\",\"position\":3,\"name\":\"Kontakt\"}]},{\"@type\":\"WebSite\",\"@id\":\"https:\\\/\\\/ruitongs.com\\\/de\\\/#website\",\"url\":\"https:\\\/\\\/ruitongs.com\\\/de\\\/\",\"name\":\"RUITONGS\",\"description\":\"RUITONGS \u2013 China&#039;s Premier Kitchenware Supplier\",\"publisher\":{\"@id\":\"https:\\\/\\\/ruitongs.com\\\/de\\\/#organization\"},\"potentialAction\":[{\"@type\":\"SearchAction\",\"target\":{\"@type\":\"EntryPoint\",\"urlTemplate\":\"https:\\\/\\\/ruitongs.com\\\/de\\\/?s={search_term_string}\"},\"query-input\":{\"@type\":\"PropertyValueSpecification\",\"valueRequired\":true,\"valueName\":\"search_term_string\"}}],\"inLanguage\":\"de\"},{\"@type\":[\"Organization\",\"Place\"],\"@id\":\"https:\\\/\\\/ruitongs.com\\\/de\\\/#organization\",\"name\":\"RUITONGS\",\"url\":\"https:\\\/\\\/ruitongs.com\\\/de\\\/\",\"logo\":{\"@id\":\"https:\\\/\\\/ruitongs.com\\\/de\\\/56925-2\\\/ruitongs-kontaktieren-china\\\/#local-main-organization-logo\"},\"image\":{\"@id\":\"https:\\\/\\\/ruitongs.com\\\/de\\\/56925-2\\\/ruitongs-kontaktieren-china\\\/#local-main-organization-logo\"},\"description\":\"RUITONGS is a China-based professional sourcing agent offering one-stop sourcing, inspection, and export services for global buyers.\",\"telephone\":[],\"openingHoursSpecification\":[{\"@type\":\"OpeningHoursSpecification\",\"dayOfWeek\":[\"Sunday\",\"Monday\",\"Tuesday\",\"Wednesday\",\"Thursday\",\"Friday\",\"Saturday\"],\"opens\":\"09:00\",\"closes\":\"17:00\"}]},{\"@type\":\"ImageObject\",\"inLanguage\":\"de\",\"@id\":\"https:\\\/\\\/ruitongs.com\\\/de\\\/56925-2\\\/ruitongs-kontaktieren-china\\\/#local-main-organization-logo\",\"url\":\"https:\\\/\\\/res.cloudinary.com\\\/dbnpbpprq\\\/images\\\/f_auto,q_auto\\\/v1777343761\\\/ruitongs-logo_4079932e37\\\/ruitongs-logo_4079932e37.png?_i=AA\",\"contentUrl\":\"https:\\\/\\\/res.cloudinary.com\\\/dbnpbpprq\\\/images\\\/f_auto,q_auto\\\/v1777343761\\\/ruitongs-logo_4079932e37\\\/ruitongs-logo_4079932e37.png?_i=AA\",\"width\":696,\"height\":696,\"caption\":\"RUITONGS\"}]}<\/script>\n<!-- \/ Yoast SEO Premium plugin. -->","yoast_head_json":{"title":"RUITONGS kontaktieren China | Sourcing Agent","description":"RUITONGS kontaktieren China \u2014 Ihr unabh\u00e4ngiger Sourcing Agent. Qualit\u00e4tskontrolle, Fabrikaudit und Logistik. Antwort innerhalb von 24 Stunden.","robots":{"index":"index","follow":"follow","max-snippet":"max-snippet:-1","max-image-preview":"max-image-preview:large","max-video-preview":"max-video-preview:-1"},"canonical":"https:\/\/ruitongs.com\/de\/56925-2\/ruitongs-kontaktieren-china\/","og_locale":"de_DE","og_type":"article","og_title":"Kontakt","og_description":"RUITONGS kontaktieren China \u2014 Ihr unabh\u00e4ngiger Sourcing Agent. Qualit\u00e4tskontrolle, Fabrikaudit und Logistik. Antwort innerhalb von 24 Stunden.","og_url":"https:\/\/ruitongs.com\/de\/56925-2\/ruitongs-kontaktieren-china\/","og_site_name":"RUITONGS","article_modified_time":"2026-04-29T02:58:43+00:00","twitter_card":"summary_large_image","twitter_misc":{"Gesch\u00e4tzte Lesezeit":"2\u00a0Minuten"},"schema":{"@context":"https:\/\/schema.org","@graph":[{"@type":"WebPage","@id":"https:\/\/ruitongs.com\/de\/56925-2\/ruitongs-kontaktieren-china\/","url":"https:\/\/ruitongs.com\/de\/56925-2\/ruitongs-kontaktieren-china\/","name":"RUITONGS kontaktieren China | Sourcing Agent","isPartOf":{"@id":"https:\/\/ruitongs.com\/de\/#website"},"datePublished":"2026-02-08T07:15:44+00:00","dateModified":"2026-04-29T02:58:43+00:00","description":"RUITONGS kontaktieren China \u2014 Ihr unabh\u00e4ngiger Sourcing Agent. Qualit\u00e4tskontrolle, Fabrikaudit und Logistik. Antwort innerhalb von 24 Stunden.","breadcrumb":{"@id":"https:\/\/ruitongs.com\/de\/56925-2\/ruitongs-kontaktieren-china\/#breadcrumb"},"inLanguage":"de","potentialAction":[{"@type":"ReadAction","target":["https:\/\/ruitongs.com\/de\/56925-2\/ruitongs-kontaktieren-china\/"]}]},{"@type":"BreadcrumbList","@id":"https:\/\/ruitongs.com\/de\/56925-2\/ruitongs-kontaktieren-china\/#breadcrumb","itemListElement":[{"@type":"ListItem","position":1,"name":"Home","item":"https:\/\/ruitongs.com\/de\/"},{"@type":"ListItem","position":2,"name":"Startseite","item":"https:\/\/ruitongs.com\/de\/56925-2\/"},{"@type":"ListItem","position":3,"name":"Kontakt"}]},{"@type":"WebSite","@id":"https:\/\/ruitongs.com\/de\/#website","url":"https:\/\/ruitongs.com\/de\/","name":"RUITONGS","description":"RUITONGS \u2013 China&#039;s Premier Kitchenware Supplier","publisher":{"@id":"https:\/\/ruitongs.com\/de\/#organization"},"potentialAction":[{"@type":"SearchAction","target":{"@type":"EntryPoint","urlTemplate":"https:\/\/ruitongs.com\/de\/?s={search_term_string}"},"query-input":{"@type":"PropertyValueSpecification","valueRequired":true,"valueName":"search_term_string"}}],"inLanguage":"de"},{"@type":["Organization","Place"],"@id":"https:\/\/ruitongs.com\/de\/#organization","name":"RUITONGS","url":"https:\/\/ruitongs.com\/de\/","logo":{"@id":"https:\/\/ruitongs.com\/de\/56925-2\/ruitongs-kontaktieren-china\/#local-main-organization-logo"},"image":{"@id":"https:\/\/ruitongs.com\/de\/56925-2\/ruitongs-kontaktieren-china\/#local-main-organization-logo"},"description":"RUITONGS is a China-based professional sourcing agent offering one-stop sourcing, inspection, and export services for global buyers.","telephone":[],"openingHoursSpecification":[{"@type":"OpeningHoursSpecification","dayOfWeek":["Sunday","Monday","Tuesday","Wednesday","Thursday","Friday","Saturday"],"opens":"09:00","closes":"17:00"}]},{"@type":"ImageObject","inLanguage":"de","@id":"https:\/\/ruitongs.com\/de\/56925-2\/ruitongs-kontaktieren-china\/#local-main-organization-logo","url":"https:\/\/res.cloudinary.com\/dbnpbpprq\/images\/f_auto,q_auto\/v1777343761\/ruitongs-logo_4079932e37\/ruitongs-logo_4079932e37.png?_i=AA","contentUrl":"https:\/\/res.cloudinary.com\/dbnpbpprq\/images\/f_auto,q_auto\/v1777343761\/ruitongs-logo_4079932e37\/ruitongs-logo_4079932e37.png?_i=AA","width":696,"height":696,"caption":"RUITONGS"}]}},"jetpack_likes_enabled":false,"jetpack_sharing_enabled":false,"jetpack_shortlink":"https:\/\/wp.me\/Pgestk-eOp","jetpack-related-posts":[{"id":41700,"url":"https:\/\/ruitongs.com\/china-sourcing-agent\/china-sourcing-services\/china-sourcing-faq\/","url_meta":{"origin":56941,"position":0},"title":"Frequently Asked Questions (FAQ)","author":"Ruitongs","date":"8. Februar 2026","format":false,"excerpt":"China Sourcing FAQ \u2014 RUITONGS This China sourcing FAQ covers the most common questions global buyers ask about working with RUITONGS, including inspections, factory audits, export logistics, and pricing. If you have a question not covered here, contact us directly. China Sourcing FAQ: About RUITONGS Where are RUITONGS offices located\u2026","rel":"","context":"\u00c4hnlicher Beitrag","block_context":{"text":"\u00c4hnlicher Beitrag","link":""},"img":{"alt_text":"","src":"","width":0,"height":0},"classes":[]},{"id":41707,"url":"https:\/\/ruitongs.com\/es\/importar-desde-china\/gestion-de-compras-en-china\/preguntas-frecuentes-sourcing-china\/","url_meta":{"origin":56941,"position":1},"title":"Preguntas Frecuentes (FAQ)","author":"Ruitongs","date":"8. Februar 2026","format":false,"excerpt":"Preguntas Frecuentes Sourcing China \u2014 RUITONGS Esta p\u00e1gina responde las preguntas frecuentes sobre sourcing China que nos hacen los compradores internacionales, incluyendo inspecciones, auditor\u00edas de f\u00e1bricas, log\u00edstica de exportaci\u00f3n y c\u00f3mo trabaja RUITONGS como su socio local. Si tiene alguna pregunta adicional, cont\u00e1ctenos directamente. Preguntas Frecuentes Sourcing China: Sobre RUITONGS\u2026","rel":"","context":"\u00c4hnlicher Beitrag","block_context":{"text":"\u00c4hnlicher Beitrag","link":""},"img":{"alt_text":"","src":"","width":0,"height":0},"classes":[]},{"id":41634,"url":"https:\/\/ruitongs.com\/china-sourcing-agent\/contact-ruitongs\/","url_meta":{"origin":56941,"position":2},"title":"Contact RUITONGS","author":"Ruitongs","date":"8. Februar 2026","format":false,"excerpt":"Contact RUITONGS \u2014 Your China Sourcing Agent RUITONGS is your independent China sourcing agent on the ground. Contact us today for quality inspection, factory audits, sourcing support, and export coordination anywhere in China. [Get a Free Consultation] We Are Ready to Help Whether you are sourcing for the first time\u2026","rel":"","context":"\u00c4hnlicher Beitrag","block_context":{"text":"\u00c4hnlicher Beitrag","link":""},"img":{"alt_text":"","src":"","width":0,"height":0},"classes":[]},{"id":41168,"url":"https:\/\/ruitongs.com\/","url_meta":{"origin":56941,"position":3},"title":"Home","author":"Ruitongs","date":"6. Februar 2026","format":false,"excerpt":"China Sourcing Agent \u2014 RUITONGS RUITONGS is your trusted China sourcing agent, providing on-the-ground support for supplier verification, quality inspection, and export coordination \u2014 helping global buyers source with confidence. We work directly in China to manage sourcing risks before your goods ship. [Contact RUITONGS to Discuss Your Project] Why\u2026","rel":"","context":"\u00c4hnlicher Beitrag","block_context":{"text":"\u00c4hnlicher Beitrag","link":""},"img":{"alt_text":"","src":"","width":0,"height":0},"classes":[]}],"_links":{"self":[{"href":"https:\/\/ruitongs.com\/de\/wp-json\/wp\/v2\/pages\/56941","targetHints":{"allow":["GET"]}}],"collection":[{"href":"https:\/\/ruitongs.com\/de\/wp-json\/wp\/v2\/pages"}],"about":[{"href":"https:\/\/ruitongs.com\/de\/wp-json\/wp\/v2\/types\/page"}],"author":[{"embeddable":true,"href":"https:\/\/ruitongs.com\/de\/wp-json\/wp\/v2\/users\/259547316"}],"replies":[{"embeddable":true,"href":"https:\/\/ruitongs.com\/de\/wp-json\/wp\/v2\/comments?post=56941"}],"version-history":[{"count":5,"href":"https:\/\/ruitongs.com\/de\/wp-json\/wp\/v2\/pages\/56941\/revisions"}],"predecessor-version":[{"id":57007,"href":"https:\/\/ruitongs.com\/de\/wp-json\/wp\/v2\/pages\/56941\/revisions\/57007"}],"up":[{"embeddable":true,"href":"https:\/\/ruitongs.com\/de\/wp-json\/wp\/v2\/pages\/56925"}],"wp:attachment":[{"href":"https:\/\/ruitongs.com\/de\/wp-json\/wp\/v2\/media?parent=56941"}],"curies":[{"name":"wp","href":"https:\/\/api.w.org\/{rel}","templated":true}]}}