{"id":41643,"date":"2026-02-08T07:15:44","date_gmt":"2026-02-08T07:15:44","guid":{"rendered":"https:\/\/ruitongs.com\/inicio-2\/contacta-con-ruitongs\/"},"modified":"2026-02-08T07:52:22","modified_gmt":"2026-02-08T07:52:22","slug":"contacta-con-ruitongs","status":"publish","type":"page","link":"https:\/\/ruitongs.com\/es\/inicio-2\/contacta-con-ruitongs\/","title":{"rendered":"Cont\u00e1ctenos"},"content":{"rendered":"\n<h3 id=\"h-contact-ruitongs\" class=\"wp-block-heading\"><strong>Cont\u00e1ctenos<\/strong><\/h3>\n\n<p><strong>Tu equipo de cadena de suministro en China, sobre el terreno<\/strong><\/p>\n\n<p>\u00bfListo para asegurar tu cadena de suministro en China?<br\/>Ya sea que necesites una inspecci\u00f3n de calidad urgente, una auditor\u00eda de f\u00e1brica o soporte log\u00edstico de exportaci\u00f3n, nuestros equipos nacionales est\u00e1n listos para actuar \u2014 r\u00e1pidos, independientes y confiables.<\/p>\n\n<h3 id=\"h-port-coverage-amp-export-support\" class=\"wp-block-heading\"><strong>Cobertura Portuaria y Soporte de Exportaci\u00f3n<\/strong><\/h3>\n\n<p>Ofrecemos supervisi\u00f3n in situ de carga en contenedores y soporte en documentaci\u00f3n de exportaci\u00f3n en los principales puertos de China.<br\/>Donde salga tu mercanc\u00eda, podemos estar all\u00ed.<\/p>\n\n<h3 id=\"h-eastern-china-amp-inland-export-ports\" class=\"wp-block-heading\"><strong>Puertos de Exportaci\u00f3n del Este de China e Interior<\/strong><\/h3>\n\n<p>Ningbo \u00b7 Shangh\u00e1i \u00b7 Nanjing \u00b7 Chongqing \u00b7 Wenzhou<\/p>\n\n<h3 id=\"h-southern-china-export-ports\" class=\"wp-block-heading\"><strong>Puertos de Exportaci\u00f3n del Sur de China<\/strong><\/h3>\n\n<p>Shenzhen (Yantian, Shekou) \u00b7 Guangzhou (Huangpu) \u00b7 Jiangmen \u00b7 Zhongshan \u00b7 Chenghai \u00b7 Xiamen \u00b7 Mawei<\/p>\n\n<h3 id=\"h-northern-export-ports\" class=\"wp-block-heading\"><strong>Puertos de Exportaci\u00f3n del Norte<\/strong><\/h3>\n\n<p>Qingdao \u00b7 Tianjin \u00b7 Dalian<\/p>\n\n<h3 id=\"h-supporting-services-at-these-ports\" class=\"wp-block-heading\"><strong>Servicios de Apoyo en Estos Puertos<\/strong><\/h3>\n\n<ul class=\"wp-block-list\">\n<li>Supervisi\u00f3n de Carga de Contenedores<\/li>\n\n\n\n<li>Verificaci\u00f3n de cantidades y surtido<\/li>\n\n\n\n<li>Revisi\u00f3n del estado del contenedor<\/li>\n\n\n\n<li>Soporte en documentaci\u00f3n de exportaci\u00f3n<\/li>\n<\/ul>\n\n<h3 id=\"h-get-a-free-consultation\" class=\"wp-block-heading\"><strong>Solicita una Consulta Gratuita<\/strong><\/h3>\n\n<h4 id=\"h-direct-contact\" class=\"wp-block-heading\"><strong>Contacto Directo<\/strong><\/h4>\n\n<p>Director: Sr. Lee<br\/>Correo electr\u00f3nico: <a>info@ruitongs.com<\/a><br\/>WhatsApp \/ M\u00f3vil: +86 186 5798 7863<br\/>WeChat: +86 186 5798 7863<\/p>\n\n<p>Horario de atenci\u00f3n: Lunes \u2013 S\u00e1bado | 09:00 \u2013 18:00 (GMT+8)<\/p>\n\n<h3 id=\"h-send-us-your-message\" class=\"wp-block-heading\"><strong>Env\u00edanos tu Mensaje<\/strong><\/h3>\n\n<p>Nombre<br\/>Nombre de la Empresa<br\/>Correo Electr\u00f3nico<br\/>Servicio Necesario<br\/>(Inspecci\u00f3n de Calidad \/ Auditor\u00eda de F\u00e1brica \/ Sourcing \/ Log\u00edstica)<\/p>\n\n<p>Mensaje<br\/>(Ejemplo: \u201cNecesito una inspecci\u00f3n pre-embarque en Shenzhen la pr\u00f3xima semana.\u201d)<\/p>\n\n<h3 id=\"h-final-call-to-action\" class=\"wp-block-heading\"><strong>Llamado Final a la Acci\u00f3n<\/strong><\/h3>\n\n<p>No gestiones el sourcing en China a distancia.<br\/>Deja que RUITONGS sea tus ojos y o\u00eddos independientes sobre el terreno.<\/p>\n","protected":false},"excerpt":{"rendered":"<p>Cont\u00e1ctenos Tu equipo de cadena de suministro en China, sobre el terreno \u00bfListo para asegurar tu cadena de suministro en [&hellip;]<\/p>\n","protected":false},"author":259547316,"featured_media":0,"parent":41281,"menu_order":0,"comment_status":"closed","ping_status":"closed","template":"","meta":{"_acf_changed":false,"site-sidebar-layout":"default","site-content-layout":"","ast-site-content-layout":"default","site-content-style":"default","site-sidebar-style":"default","ast-global-header-display":"","ast-banner-title-visibility":"","ast-main-header-display":"","ast-hfb-above-header-display":"","ast-hfb-below-header-display":"","ast-hfb-mobile-header-display":"","site-post-title":"","ast-breadcrumbs-content":"","ast-featured-img":"","footer-sml-layout":"","ast-disable-related-posts":"","theme-transparent-header-meta":"","adv-header-id-meta":"","stick-header-meta":"","header-above-stick-meta":"","header-main-stick-meta":"","header-below-stick-meta":"","astra-migrate-meta-layouts":"default","ast-page-background-enabled":"default","ast-page-background-meta":{"desktop":{"background-color":"var(--ast-global-color-5)","background-image":"","background-repeat":"repeat","background-position":"center center","background-size":"auto","background-attachment":"scroll","background-type":"","background-media":"","overlay-type":"","overlay-color":"","overlay-opacity":"","overlay-gradient":""},"tablet":{"background-color":"","background-image":"","background-repeat":"repeat","background-position":"center center","background-size":"auto","background-attachment":"scroll","background-type":"","background-media":"","overlay-type":"","overlay-color":"","overlay-opacity":"","overlay-gradient":""},"mobile":{"background-color":"","background-image":"","background-repeat":"repeat","background-position":"center center","background-size":"auto","background-attachment":"scroll","background-type":"","background-media":"","overlay-type":"","overlay-color":"","overlay-opacity":"","overlay-gradient":""}},"ast-content-background-meta":{"desktop":{"background-color":"var(--ast-global-color-4)","background-image":"","background-repeat":"repeat","background-position":"center center","background-size":"auto","background-attachment":"scroll","background-type":"","background-media":"","overlay-type":"","overlay-color":"","overlay-opacity":"","overlay-gradient":""},"tablet":{"background-color":"var(--ast-global-color-4)","background-image":"","background-repeat":"repeat","background-position":"center center","background-size":"auto","background-attachment":"scroll","background-type":"","background-media":"","overlay-type":"","overlay-color":"","overlay-opacity":"","overlay-gradient":""},"mobile":{"background-color":"var(--ast-global-color-4)","background-image":"","background-repeat":"repeat","background-position":"center center","background-size":"auto","background-attachment":"scroll","background-type":"","background-media":"","overlay-type":"","overlay-color":"","overlay-opacity":"","overlay-gradient":""}},"jetpack_post_was_ever_published":false,"_cloudinary_featured_overwrite":false,"footnotes":""},"class_list":["post-41643","page","type-page","status-publish","hentry"],"acf":[],"yoast_head":"<!-- This site is optimized with the Yoast SEO Premium plugin v27.3 (Yoast SEO v27.3) - https:\/\/yoast.com\/product\/yoast-seo-premium-wordpress\/ -->\n<title>Contacto RUITONGS | Inspecci\u00f3n de Calidad y Auditor\u00eda de F\u00e1bricas en China<\/title>\n<meta name=\"description\" content=\"Contacta con RUITONGS para inspecciones de calidad, auditor\u00edas de f\u00e1bricas y soporte log\u00edstico de exportaci\u00f3n en China. Equipos locales y respuesta r\u00e1pida.\" \/>\n<meta name=\"robots\" content=\"index, follow, max-snippet:-1, max-image-preview:large, max-video-preview:-1\" \/>\n<link rel=\"canonical\" href=\"https:\/\/ruitongs.com\/es\/inicio-2\/contacta-con-ruitongs\/\" \/>\n<meta property=\"og:locale\" content=\"es_ES\" \/>\n<meta property=\"og:type\" content=\"article\" \/>\n<meta property=\"og:title\" content=\"Cont\u00e1ctenos\" \/>\n<meta property=\"og:description\" content=\"Contacta con RUITONGS para inspecciones de calidad, auditor\u00edas de f\u00e1bricas y soporte log\u00edstico de exportaci\u00f3n en China. Equipos locales y respuesta r\u00e1pida.\" \/>\n<meta property=\"og:url\" content=\"https:\/\/ruitongs.com\/es\/inicio-2\/contacta-con-ruitongs\/\" \/>\n<meta property=\"og:site_name\" content=\"RUITONGS\" \/>\n<meta property=\"article:modified_time\" content=\"2026-02-08T07:52:22+00:00\" \/>\n<meta name=\"twitter:card\" content=\"summary_large_image\" \/>\n<meta name=\"twitter:label1\" content=\"Tiempo de lectura\" \/>\n\t<meta name=\"twitter:data1\" content=\"1 minuto\" \/>\n<script type=\"application\/ld+json\" class=\"yoast-schema-graph\">{\"@context\":\"https:\\\/\\\/schema.org\",\"@graph\":[{\"@type\":\"WebPage\",\"@id\":\"https:\\\/\\\/ruitongs.com\\\/es\\\/inicio-2\\\/contacta-con-ruitongs\\\/\",\"url\":\"https:\\\/\\\/ruitongs.com\\\/es\\\/inicio-2\\\/contacta-con-ruitongs\\\/\",\"name\":\"Contacto RUITONGS | Inspecci\u00f3n de Calidad y Auditor\u00eda de F\u00e1bricas en China\",\"isPartOf\":{\"@id\":\"https:\\\/\\\/ruitongs.com\\\/es\\\/#website\"},\"datePublished\":\"2026-02-08T07:15:44+00:00\",\"dateModified\":\"2026-02-08T07:52:22+00:00\",\"description\":\"Contacta con RUITONGS para inspecciones de calidad, auditor\u00edas de f\u00e1bricas y soporte log\u00edstico de exportaci\u00f3n en China. Equipos locales y respuesta r\u00e1pida.\",\"breadcrumb\":{\"@id\":\"https:\\\/\\\/ruitongs.com\\\/es\\\/inicio-2\\\/contacta-con-ruitongs\\\/#breadcrumb\"},\"inLanguage\":\"es\",\"potentialAction\":[{\"@type\":\"ReadAction\",\"target\":[\"https:\\\/\\\/ruitongs.com\\\/es\\\/inicio-2\\\/contacta-con-ruitongs\\\/\"]}]},{\"@type\":\"BreadcrumbList\",\"@id\":\"https:\\\/\\\/ruitongs.com\\\/es\\\/inicio-2\\\/contacta-con-ruitongs\\\/#breadcrumb\",\"itemListElement\":[{\"@type\":\"ListItem\",\"position\":1,\"name\":\"Home\",\"item\":\"https:\\\/\\\/ruitongs.com\\\/es\\\/inicio-2\\\/\"},{\"@type\":\"ListItem\",\"position\":2,\"name\":\"In\u00edcio\",\"item\":\"https:\\\/\\\/ruitongs.com\\\/es\\\/inicio-2\\\/\"},{\"@type\":\"ListItem\",\"position\":3,\"name\":\"Cont\u00e1ctenos\"}]},{\"@type\":\"WebSite\",\"@id\":\"https:\\\/\\\/ruitongs.com\\\/es\\\/#website\",\"url\":\"https:\\\/\\\/ruitongs.com\\\/es\\\/\",\"name\":\"RUITONGS\",\"description\":\"RUITONGS \u2013 China&#039;s Premier Kitchenware Supplier\",\"publisher\":{\"@id\":\"https:\\\/\\\/ruitongs.com\\\/es\\\/#organization\"},\"potentialAction\":[{\"@type\":\"SearchAction\",\"target\":{\"@type\":\"EntryPoint\",\"urlTemplate\":\"https:\\\/\\\/ruitongs.com\\\/es\\\/?s={search_term_string}\"},\"query-input\":{\"@type\":\"PropertyValueSpecification\",\"valueRequired\":true,\"valueName\":\"search_term_string\"}}],\"inLanguage\":\"es\"},{\"@type\":[\"Organization\",\"Place\"],\"@id\":\"https:\\\/\\\/ruitongs.com\\\/es\\\/#organization\",\"name\":\"RUITONGS\",\"url\":\"https:\\\/\\\/ruitongs.com\\\/es\\\/\",\"logo\":{\"@id\":\"https:\\\/\\\/ruitongs.com\\\/es\\\/inicio-2\\\/contacta-con-ruitongs\\\/#local-main-organization-logo\"},\"image\":{\"@id\":\"https:\\\/\\\/ruitongs.com\\\/es\\\/inicio-2\\\/contacta-con-ruitongs\\\/#local-main-organization-logo\"},\"description\":\"RUITONGS is a China-based professional sourcing agent offering one-stop sourcing, inspection, and export services for global buyers.\",\"telephone\":[],\"openingHoursSpecification\":[{\"@type\":\"OpeningHoursSpecification\",\"dayOfWeek\":[\"Sunday\",\"Monday\",\"Tuesday\",\"Wednesday\",\"Thursday\",\"Friday\",\"Saturday\"],\"opens\":\"09:00\",\"closes\":\"17:00\"}]},{\"@type\":\"ImageObject\",\"inLanguage\":\"es\",\"@id\":\"https:\\\/\\\/ruitongs.com\\\/es\\\/inicio-2\\\/contacta-con-ruitongs\\\/#local-main-organization-logo\",\"url\":\"https:\\\/\\\/ruitongs.com\\\/wp-content\\\/uploads\\\/2026\\\/02\\\/ruitongs-logo.png\",\"contentUrl\":\"https:\\\/\\\/ruitongs.com\\\/wp-content\\\/uploads\\\/2026\\\/02\\\/ruitongs-logo.png\",\"width\":696,\"height\":696,\"caption\":\"RUITONGS\"}]}<\/script>\n<!-- \/ Yoast SEO Premium plugin. -->","yoast_head_json":{"title":"Contacto RUITONGS | Inspecci\u00f3n de Calidad y Auditor\u00eda de F\u00e1bricas en China","description":"Contacta con RUITONGS para inspecciones de calidad, auditor\u00edas de f\u00e1bricas y soporte log\u00edstico de exportaci\u00f3n en China. Equipos locales y respuesta r\u00e1pida.","robots":{"index":"index","follow":"follow","max-snippet":"max-snippet:-1","max-image-preview":"max-image-preview:large","max-video-preview":"max-video-preview:-1"},"canonical":"https:\/\/ruitongs.com\/es\/inicio-2\/contacta-con-ruitongs\/","og_locale":"es_ES","og_type":"article","og_title":"Cont\u00e1ctenos","og_description":"Contacta con RUITONGS para inspecciones de calidad, auditor\u00edas de f\u00e1bricas y soporte log\u00edstico de exportaci\u00f3n en China. Equipos locales y respuesta r\u00e1pida.","og_url":"https:\/\/ruitongs.com\/es\/inicio-2\/contacta-con-ruitongs\/","og_site_name":"RUITONGS","article_modified_time":"2026-02-08T07:52:22+00:00","twitter_card":"summary_large_image","twitter_misc":{"Tiempo de lectura":"1 minuto"},"schema":{"@context":"https:\/\/schema.org","@graph":[{"@type":"WebPage","@id":"https:\/\/ruitongs.com\/es\/inicio-2\/contacta-con-ruitongs\/","url":"https:\/\/ruitongs.com\/es\/inicio-2\/contacta-con-ruitongs\/","name":"Contacto RUITONGS | Inspecci\u00f3n de Calidad y Auditor\u00eda de F\u00e1bricas en China","isPartOf":{"@id":"https:\/\/ruitongs.com\/es\/#website"},"datePublished":"2026-02-08T07:15:44+00:00","dateModified":"2026-02-08T07:52:22+00:00","description":"Contacta con RUITONGS para inspecciones de calidad, auditor\u00edas de f\u00e1bricas y soporte log\u00edstico de exportaci\u00f3n en China. Equipos locales y respuesta r\u00e1pida.","breadcrumb":{"@id":"https:\/\/ruitongs.com\/es\/inicio-2\/contacta-con-ruitongs\/#breadcrumb"},"inLanguage":"es","potentialAction":[{"@type":"ReadAction","target":["https:\/\/ruitongs.com\/es\/inicio-2\/contacta-con-ruitongs\/"]}]},{"@type":"BreadcrumbList","@id":"https:\/\/ruitongs.com\/es\/inicio-2\/contacta-con-ruitongs\/#breadcrumb","itemListElement":[{"@type":"ListItem","position":1,"name":"Home","item":"https:\/\/ruitongs.com\/es\/inicio-2\/"},{"@type":"ListItem","position":2,"name":"In\u00edcio","item":"https:\/\/ruitongs.com\/es\/inicio-2\/"},{"@type":"ListItem","position":3,"name":"Cont\u00e1ctenos"}]},{"@type":"WebSite","@id":"https:\/\/ruitongs.com\/es\/#website","url":"https:\/\/ruitongs.com\/es\/","name":"RUITONGS","description":"RUITONGS \u2013 China&#039;s Premier Kitchenware Supplier","publisher":{"@id":"https:\/\/ruitongs.com\/es\/#organization"},"potentialAction":[{"@type":"SearchAction","target":{"@type":"EntryPoint","urlTemplate":"https:\/\/ruitongs.com\/es\/?s={search_term_string}"},"query-input":{"@type":"PropertyValueSpecification","valueRequired":true,"valueName":"search_term_string"}}],"inLanguage":"es"},{"@type":["Organization","Place"],"@id":"https:\/\/ruitongs.com\/es\/#organization","name":"RUITONGS","url":"https:\/\/ruitongs.com\/es\/","logo":{"@id":"https:\/\/ruitongs.com\/es\/inicio-2\/contacta-con-ruitongs\/#local-main-organization-logo"},"image":{"@id":"https:\/\/ruitongs.com\/es\/inicio-2\/contacta-con-ruitongs\/#local-main-organization-logo"},"description":"RUITONGS is a China-based professional sourcing agent offering one-stop sourcing, inspection, and export services for global buyers.","telephone":[],"openingHoursSpecification":[{"@type":"OpeningHoursSpecification","dayOfWeek":["Sunday","Monday","Tuesday","Wednesday","Thursday","Friday","Saturday"],"opens":"09:00","closes":"17:00"}]},{"@type":"ImageObject","inLanguage":"es","@id":"https:\/\/ruitongs.com\/es\/inicio-2\/contacta-con-ruitongs\/#local-main-organization-logo","url":"https:\/\/ruitongs.com\/wp-content\/uploads\/2026\/02\/ruitongs-logo.png","contentUrl":"https:\/\/ruitongs.com\/wp-content\/uploads\/2026\/02\/ruitongs-logo.png","width":696,"height":696,"caption":"RUITONGS"}]}},"jetpack_likes_enabled":true,"jetpack_sharing_enabled":true,"jetpack_shortlink":"https:\/\/wp.me\/Pgestk-aPF","jetpack-related-posts":[{"id":41620,"url":"https:\/\/ruitongs.com\/es\/inicio-2\/nuestros-servicios\/logistica-y-soporte-de-exportacion\/","url_meta":{"origin":41643,"position":0},"title":"Log\u00edstica y Soporte de Exportaci\u00f3n","author":"Ruitongs","date":"8 de febrero de 2026","format":false,"excerpt":"Log\u00edstica y Soporte de Exportaci\u00f3n Log\u00edstica y Soporte de Exportaci\u00f3n: El Tramo Final de su Cadena de Suministro Un producto perfecto solo tiene valor si llega en buen estado y pasa la aduana sin retrasos.RUITONGS ofrece supervisi\u00f3n profesional de carga en contenedores y apoyo experto en documentaci\u00f3n de exportaci\u00f3n para\u2026","rel":"","context":"Entrada similar","block_context":{"text":"Entrada similar","link":""},"img":{"alt_text":"","src":"","width":0,"height":0},"classes":[]},{"id":41579,"url":"https:\/\/ruitongs.com\/es\/inicio-2\/nuestros-servicios\/","url_meta":{"origin":41643,"position":1},"title":"Nuestros Servicios","author":"Ruitongs","date":"8 de febrero de 2026","format":false,"excerpt":"Nuestros Servicios Soluciones Escalables de Abastecimiento y Gesti\u00f3n de Riesgos en China Desde auditor\u00edas de f\u00e1bricas hasta la gesti\u00f3n integral de compras, RUITONGS ofrece presencia local y supervisi\u00f3n en terreno para que importes con total confianza. Solicitar Propuesta de Servicio Personalizada Abastecimiento Estrat\u00e9gico y Gesti\u00f3n de Compras Vamos m\u00e1s all\u00e1\u2026","rel":"","context":"Entrada similar","block_context":{"text":"Entrada similar","link":""},"img":{"alt_text":"","src":"","width":0,"height":0},"classes":[]},{"id":41611,"url":"https:\/\/ruitongs.com\/es\/inicio-2\/nuestros-servicios\/auditoria-de-fabricas-y-verificacion-de-proveedores\/","url_meta":{"origin":41643,"position":2},"title":"Auditor\u00eda de f\u00e1bricas y verificaci\u00f3n de proveedores","author":"Ruitongs","date":"8 de febrero de 2026","format":false,"excerpt":"Auditor\u00eda de f\u00e1bricas y verificaci\u00f3n de proveedores Servicios de Auditor\u00eda de F\u00e1bricas en China: Sepa con Qui\u00e9n Est\u00e1 Comprando Un sitio web profesional es f\u00e1cil de crear, pero encontrar un socio de fabricaci\u00f3n confiable es otra historia.RUITONGS ofrece auditor\u00edas presenciales completas en f\u00e1bricas chinas para verificar la legalidad, la capacidad\u2026","rel":"","context":"Entrada similar","block_context":{"text":"Entrada similar","link":""},"img":{"alt_text":"","src":"","width":0,"height":0},"classes":[]},{"id":41281,"url":"https:\/\/ruitongs.com\/es\/","url_meta":{"origin":41643,"position":3},"title":"In\u00edcio","author":"Ruitongs","date":"6 de febrero de 2026","format":false,"excerpt":"Su socio confiable para sourcing, inspecci\u00f3n y exportaci\u00f3n en China Soporte basado en China para la verificaci\u00f3n de proveedores, inspecci\u00f3n de calidad y coordinaci\u00f3n de exportaciones, ayudando a compradores globales a abastecerse con confianza. Trabajamos directamente en China para gestionar los riesgos de sourcing antes de que su mercanc\u00eda sea\u2026","rel":"","context":"Entrada similar","block_context":{"text":"Entrada similar","link":""},"img":{"alt_text":"","src":"","width":0,"height":0},"classes":[]},{"id":41707,"url":"https:\/\/ruitongs.com\/es\/inicio-2\/nuestros-servicios\/preguntas-frecuentes-faq\/","url_meta":{"origin":41643,"position":4},"title":"Preguntas Frecuentes (FAQ)","author":"Ruitongs","date":"8 de febrero de 2026","format":false,"excerpt":"Preguntas Frecuentes (FAQ) \u00bfD\u00f3nde est\u00e1n ubicadas las oficinas de RUITONGS en China? RUITONGS mantiene una red operativa a nivel nacional en las principales regiones manufactureras de China, lo que nos permite brindar soporte real en sitio. Nuestra presencia incluye: Yiwu (Sede central) Hangzhou, Bengbu Guangzhou, Shenzhen Jieyang, Jiangmen Qingdao, Xiamen,\u2026","rel":"","context":"Entrada similar","block_context":{"text":"Entrada similar","link":""},"img":{"alt_text":"","src":"","width":0,"height":0},"classes":[]}],"_links":{"self":[{"href":"https:\/\/ruitongs.com\/es\/wp-json\/wp\/v2\/pages\/41643","targetHints":{"allow":["GET"]}}],"collection":[{"href":"https:\/\/ruitongs.com\/es\/wp-json\/wp\/v2\/pages"}],"about":[{"href":"https:\/\/ruitongs.com\/es\/wp-json\/wp\/v2\/types\/page"}],"author":[{"embeddable":true,"href":"https:\/\/ruitongs.com\/es\/wp-json\/wp\/v2\/users\/259547316"}],"replies":[{"embeddable":true,"href":"https:\/\/ruitongs.com\/es\/wp-json\/wp\/v2\/comments?post=41643"}],"version-history":[{"count":6,"href":"https:\/\/ruitongs.com\/es\/wp-json\/wp\/v2\/pages\/41643\/revisions"}],"predecessor-version":[{"id":41664,"href":"https:\/\/ruitongs.com\/es\/wp-json\/wp\/v2\/pages\/41643\/revisions\/41664"}],"up":[{"embeddable":true,"href":"https:\/\/ruitongs.com\/es\/wp-json\/wp\/v2\/pages\/41281"}],"wp:attachment":[{"href":"https:\/\/ruitongs.com\/es\/wp-json\/wp\/v2\/media?parent=41643"}],"curies":[{"name":"wp","href":"https:\/\/api.w.org\/{rel}","templated":true}]}}