{"id":41549,"date":"2026-02-06T05:16:26","date_gmt":"2026-02-06T05:16:26","guid":{"rendered":"https:\/\/ruitongs.com\/inicio-2\/"},"modified":"2026-02-08T02:36:00","modified_gmt":"2026-02-08T02:36:00","slug":"inicio-2","status":"publish","type":"page","link":"https:\/\/ruitongs.com\/pt-br\/","title":{"rendered":"In\u00edcio"},"content":{"rendered":"\n<h1 id=\"h-your-trusted-china-sourcing-inspection-amp-export-partner\" class=\"wp-block-heading\">Seu parceiro confi\u00e1vel para sourcing, inspe\u00e7\u00e3o e exporta\u00e7\u00e3o na China<\/h1>\n\n<p><strong>Soporte basado en China para la verificaci\u00f3n de proveedores, inspecci\u00f3n de calidad y coordinaci\u00f3n de exportaciones, ayudando a compradores globales a abastecerse con confianza.<\/strong><\/p>\n\n<p>Trabalhamos diretamente na China para gerenciar os riscos de sourcing antes que sua mercadoria seja embarcada.<\/p>\n\n<p><strong>[Entre em contato com a RUITONGS para conversar sobre o seu projeto]<\/strong><\/p>\n\n<h2 id=\"h-sourcing-from-china-involves-real-risks-we-manage-them-locally-step-by-step\" class=\"wp-block-heading\">Comprar da China envolve riscos reais. N\u00f3s os gerenciamos localmente, passo a passo. <\/h2>\n\n<h3 id=\"h-how-we-support-your-china-sourcing\" class=\"wp-block-heading\">C\u00f3mo apoyamos su sourcing en China<\/h3>\n\n<p>Comprar productos en China suele implicar tratar con m\u00faltiples proveedores, diferentes etapas de producci\u00f3n y desaf\u00edos de comunicaci\u00f3n, todo desde el extranjero.<\/p>\n\n<p>RUITONGS act\u00faa como su socio local en China, proporcionando ejecuci\u00f3n en sitio, verificaci\u00f3n y reportes claros durante todo el proceso de sourcing.<\/p>\n\n<h2 id=\"h-how-we-work-a-structured-approach-to-risk-management\" class=\"wp-block-heading\">Como trabalhamos: uma abordagem estruturada para a gest\u00e3o de riscos<\/h2>\n\n<h3 id=\"h-step-1-understand-your-requirements\" class=\"wp-block-heading\">Etapa 1: Entender suas necessidades<\/h3>\n\n<p>Analisamos as especifica\u00e7\u00f5es do produto, expectativas de qualidade, quantidade do pedido, mercado de destino e os servi\u00e7os necess\u00e1rios.<\/p>\n\n<h3 id=\"h-step-2-supplier-selection-amp-verification\" class=\"wp-block-heading\">Etapa 2: Sele\u00e7\u00e3o e verifica\u00e7\u00e3o de fornecedores<\/h3>\n\n<p>Identificamos fornecedores adequados e verificamos sua legitimidade, capacidade produtiva e poss\u00edveis riscos antes de iniciar a coopera\u00e7\u00e3o.<\/p>\n\n<h3 id=\"h-step-3-sample-amp-production-coordination\" class=\"wp-block-heading\">Etapa 3: Coordena\u00e7\u00e3o de amostras e produ\u00e7\u00e3o<\/h3>\n\n<p>Apoiamos a aprova\u00e7\u00e3o de amostras e acompanhamos o progresso da produ\u00e7\u00e3o para reduzir desvios e atrasos.<\/p>\n\n<h3 id=\"h-step-4-quality-inspection-amp-loading-supervision\" class=\"wp-block-heading\">Etapa 4: Inspe\u00e7\u00e3o de qualidade e supervis\u00e3o de carregamento<\/h3>\n\n<p>Realizamos inspe\u00e7\u00f5es presenciais e supervis\u00e3o do carregamento antes do embarque.<\/p>\n\n<h3 id=\"h-step-5-export-amp-shipment-coordination\" class=\"wp-block-heading\">Etapa 5: Coordena\u00e7\u00e3o de exporta\u00e7\u00e3o e envio<\/h3>\n\n<p>Auxiliamos na documenta\u00e7\u00e3o de exporta\u00e7\u00e3o e na coordena\u00e7\u00e3o do envio para ajudar a mercadoria a sair da China sem problemas.<\/p>\n\n<h2 id=\"h-our-core-services\" class=\"wp-block-heading\">Nossos principais servi\u00e7os<\/h2>\n\n<ul class=\"wp-block-list\">\n<li>Sourcing e compras na China<\/li>\n\n\n\n<li>Auditoria de f\u00e1bricas e verifica\u00e7\u00e3o de fornecedores<\/li>\n\n\n\n<li>Inspe\u00e7\u00e3o de qualidade e supervis\u00e3o de carregamento<\/li>\n\n\n\n<li>Suporte log\u00edstico e de exporta\u00e7\u00e3o<\/li>\n<\/ul>\n\n<h2 id=\"h-why-work-with-ruitongs\" class=\"wp-block-heading\">Por que trabalhar com a RUITONGS<\/h2>\n\n<p>Presen\u00e7a local<br\/>Equipe baseada na China, com cobertura nos principais polos de manufatura.<\/p>\n\n<p>Independ\u00eancia total<br\/>Independentes de f\u00e1bricas e agentes de frete para garantir relat\u00f3rios imparciais.<\/p>\n\n<p>Relat\u00f3rios baseados em fatos<br\/>Informa\u00e7\u00f5es pr\u00e1ticas e comprovadas, sem promessas comerciais.<\/p>\n\n<p><strong>Clear Communication<\/strong><br\/>Risk-focused execution with transparent updates.<\/p>\n\n<p>Comunica\u00e7\u00e3o clara<br\/>Execu\u00e7\u00e3o focada em riscos, com atualiza\u00e7\u00f5es transparentes.<\/p>\n\n<h2 id=\"h-industries-we-support\" class=\"wp-block-heading\">Setores que atendemos<\/h2>\n\n<p>Oferecemos supervis\u00e3o especializada em diversos setores industriais, incluindo produtos de consumo, itens para o lar, m\u00f3veis, componentes industriais, materiais de constru\u00e7\u00e3o e fabrica\u00e7\u00e3o OEM ou personalizada.<\/p>\n\n<p>Se o seu produto \u00e9 fabricado na China, provavelmente podemos apoiar suas necessidades de sourcing.<\/p>\n\n<h2 id=\"h-start-your-china-sourcing-with-confidence\" class=\"wp-block-heading\">Comece seu sourcing na China com confian\u00e7a<\/h2>\n\n<p>Seja voc\u00ea um comprador iniciante ou algu\u00e9m que j\u00e1 gerencia produ\u00e7\u00e3o cont\u00ednua,<br\/>a RUITONGS oferece suporte confi\u00e1vel diretamente na China.<\/p>\n\n<p><strong>[Entre em contato com a RUITONGS para conversar sobre o seu projeto]<\/strong><\/p>\n\n<p><\/p>\n","protected":false},"excerpt":{"rendered":"<p>Seu parceiro confi\u00e1vel para sourcing, inspe\u00e7\u00e3o e exporta\u00e7\u00e3o na China Soporte basado en China para la verificaci\u00f3n de proveedores, inspecci\u00f3n [&hellip;]<\/p>\n","protected":false},"author":259547316,"featured_media":0,"parent":0,"menu_order":0,"comment_status":"closed","ping_status":"closed","template":"","meta":{"_acf_changed":false,"site-sidebar-layout":"default","site-content-layout":"","ast-site-content-layout":"default","site-content-style":"default","site-sidebar-style":"default","ast-global-header-display":"","ast-banner-title-visibility":"","ast-main-header-display":"","ast-hfb-above-header-display":"","ast-hfb-below-header-display":"","ast-hfb-mobile-header-display":"","site-post-title":"","ast-breadcrumbs-content":"","ast-featured-img":"","footer-sml-layout":"","ast-disable-related-posts":"","theme-transparent-header-meta":"","adv-header-id-meta":"","stick-header-meta":"","header-above-stick-meta":"","header-main-stick-meta":"","header-below-stick-meta":"","astra-migrate-meta-layouts":"default","ast-page-background-enabled":"default","ast-page-background-meta":{"desktop":{"background-color":"var(--ast-global-color-5)","background-image":"","background-repeat":"repeat","background-position":"center center","background-size":"auto","background-attachment":"scroll","background-type":"","background-media":"","overlay-type":"","overlay-color":"","overlay-opacity":"","overlay-gradient":""},"tablet":{"background-color":"","background-image":"","background-repeat":"repeat","background-position":"center center","background-size":"auto","background-attachment":"scroll","background-type":"","background-media":"","overlay-type":"","overlay-color":"","overlay-opacity":"","overlay-gradient":""},"mobile":{"background-color":"","background-image":"","background-repeat":"repeat","background-position":"center center","background-size":"auto","background-attachment":"scroll","background-type":"","background-media":"","overlay-type":"","overlay-color":"","overlay-opacity":"","overlay-gradient":""}},"ast-content-background-meta":{"desktop":{"background-color":"var(--ast-global-color-4)","background-image":"","background-repeat":"repeat","background-position":"center center","background-size":"auto","background-attachment":"scroll","background-type":"","background-media":"","overlay-type":"","overlay-color":"","overlay-opacity":"","overlay-gradient":""},"tablet":{"background-color":"var(--ast-global-color-4)","background-image":"","background-repeat":"repeat","background-position":"center center","background-size":"auto","background-attachment":"scroll","background-type":"","background-media":"","overlay-type":"","overlay-color":"","overlay-opacity":"","overlay-gradient":""},"mobile":{"background-color":"var(--ast-global-color-4)","background-image":"","background-repeat":"repeat","background-position":"center center","background-size":"auto","background-attachment":"scroll","background-type":"","background-media":"","overlay-type":"","overlay-color":"","overlay-opacity":"","overlay-gradient":""}},"_cloudinary_featured_overwrite":false,"footnotes":""},"class_list":["post-41549","page","type-page","status-publish","hentry"],"acf":[],"yoast_head":"<!-- This site is optimized with the Yoast SEO Premium plugin v27.3 (Yoast SEO v27.4) - https:\/\/yoast.com\/product\/yoast-seo-premium-wordpress\/ -->\n<title>Agente de Sourcing na China | Compras, Inspe\u00e7\u00e3o e Exporta\u00e7\u00e3o \u2013 RUITONGS<\/title>\n<meta name=\"description\" content=\"Ag\u00eancia de sourcing na China com mais de 20 anos de experi\u00eancia. Verifica\u00e7\u00e3o de fornecedores, inspe\u00e7\u00e3o de qualidade e servi\u00e7os de exporta\u00e7\u00e3o.\" \/>\n<meta name=\"robots\" content=\"index, follow, max-snippet:-1, max-image-preview:large, max-video-preview:-1\" \/>\n<link rel=\"canonical\" href=\"https:\/\/ruitongs.com\/pt-br\/\" \/>\n<meta property=\"og:locale\" content=\"pt_BR\" \/>\n<meta property=\"og:type\" content=\"article\" \/>\n<meta property=\"og:title\" content=\"In\u00edcio\" \/>\n<meta property=\"og:description\" content=\"Ag\u00eancia de sourcing na China com mais de 20 anos de experi\u00eancia. Verifica\u00e7\u00e3o de fornecedores, inspe\u00e7\u00e3o de qualidade e servi\u00e7os de exporta\u00e7\u00e3o.\" \/>\n<meta property=\"og:url\" content=\"https:\/\/ruitongs.com\/pt-br\/\" \/>\n<meta property=\"og:site_name\" content=\"RUITONGS\" \/>\n<meta property=\"article:modified_time\" content=\"2026-02-08T02:36:00+00:00\" \/>\n<meta name=\"twitter:card\" content=\"summary_large_image\" \/>\n<meta name=\"twitter:label1\" content=\"Est. tempo de leitura\" \/>\n\t<meta name=\"twitter:data1\" content=\"2 minutos\" \/>\n<script type=\"application\/ld+json\" class=\"yoast-schema-graph\">{\"@context\":\"https:\\\/\\\/schema.org\",\"@graph\":[{\"@type\":\"WebPage\",\"@id\":\"https:\\\/\\\/ruitongs.com\\\/pt-br\\\/\",\"url\":\"https:\\\/\\\/ruitongs.com\\\/pt-br\\\/\",\"name\":\"Agente de Sourcing na China | Compras, Inspe\u00e7\u00e3o e Exporta\u00e7\u00e3o \u2013 RUITONGS\",\"isPartOf\":{\"@id\":\"https:\\\/\\\/ruitongs.com\\\/pt-br\\\/#website\"},\"datePublished\":\"2026-02-06T05:16:26+00:00\",\"dateModified\":\"2026-02-08T02:36:00+00:00\",\"description\":\"Ag\u00eancia de sourcing na China com mais de 20 anos de experi\u00eancia. Verifica\u00e7\u00e3o de fornecedores, inspe\u00e7\u00e3o de qualidade e servi\u00e7os de exporta\u00e7\u00e3o.\",\"breadcrumb\":{\"@id\":\"https:\\\/\\\/ruitongs.com\\\/pt-br\\\/#breadcrumb\"},\"inLanguage\":\"pt-BR\",\"potentialAction\":[{\"@type\":\"ReadAction\",\"target\":[\"https:\\\/\\\/ruitongs.com\\\/pt-br\\\/\"]}]},{\"@type\":\"BreadcrumbList\",\"@id\":\"https:\\\/\\\/ruitongs.com\\\/pt-br\\\/#breadcrumb\",\"itemListElement\":[{\"@type\":\"ListItem\",\"position\":1,\"name\":\"Home\",\"item\":\"https:\\\/\\\/ruitongs.com\\\/pt-br\\\/inicio-2\\\/\"},{\"@type\":\"ListItem\",\"position\":2,\"name\":\"In\u00edcio\"}]},{\"@type\":\"WebSite\",\"@id\":\"https:\\\/\\\/ruitongs.com\\\/pt-br\\\/#website\",\"url\":\"https:\\\/\\\/ruitongs.com\\\/pt-br\\\/\",\"name\":\"RUITONGS\",\"description\":\"RUITONGS \u2013 China&#039;s Premier Kitchenware Supplier\",\"publisher\":{\"@id\":\"https:\\\/\\\/ruitongs.com\\\/pt-br\\\/#organization\"},\"potentialAction\":[{\"@type\":\"SearchAction\",\"target\":{\"@type\":\"EntryPoint\",\"urlTemplate\":\"https:\\\/\\\/ruitongs.com\\\/pt-br\\\/?s={search_term_string}\"},\"query-input\":{\"@type\":\"PropertyValueSpecification\",\"valueRequired\":true,\"valueName\":\"search_term_string\"}}],\"inLanguage\":\"pt-BR\"},{\"@type\":[\"Organization\",\"Place\"],\"@id\":\"https:\\\/\\\/ruitongs.com\\\/pt-br\\\/#organization\",\"name\":\"RUITONGS\",\"url\":\"https:\\\/\\\/ruitongs.com\\\/pt-br\\\/\",\"logo\":{\"@id\":\"https:\\\/\\\/ruitongs.com\\\/pt-br\\\/#local-main-organization-logo\"},\"image\":{\"@id\":\"https:\\\/\\\/ruitongs.com\\\/pt-br\\\/#local-main-organization-logo\"},\"description\":\"RUITONGS is a China-based professional sourcing agent offering one-stop sourcing, inspection, and export services for global buyers.\",\"telephone\":[],\"openingHoursSpecification\":[{\"@type\":\"OpeningHoursSpecification\",\"dayOfWeek\":[\"Sunday\",\"Monday\",\"Tuesday\",\"Wednesday\",\"Thursday\",\"Friday\",\"Saturday\"],\"opens\":\"09:00\",\"closes\":\"17:00\"}]},{\"@type\":\"ImageObject\",\"inLanguage\":\"pt-BR\",\"@id\":\"https:\\\/\\\/ruitongs.com\\\/pt-br\\\/#local-main-organization-logo\",\"url\":\"https:\\\/\\\/ruitongs.com\\\/wp-content\\\/uploads\\\/2026\\\/02\\\/ruitongs-logo.png\",\"contentUrl\":\"https:\\\/\\\/ruitongs.com\\\/wp-content\\\/uploads\\\/2026\\\/02\\\/ruitongs-logo.png\",\"width\":696,\"height\":696,\"caption\":\"RUITONGS\"}]}<\/script>\n<!-- \/ Yoast SEO Premium plugin. -->","yoast_head_json":{"title":"Agente de Sourcing na China | Compras, Inspe\u00e7\u00e3o e Exporta\u00e7\u00e3o \u2013 RUITONGS","description":"Ag\u00eancia de sourcing na China com mais de 20 anos de experi\u00eancia. Verifica\u00e7\u00e3o de fornecedores, inspe\u00e7\u00e3o de qualidade e servi\u00e7os de exporta\u00e7\u00e3o.","robots":{"index":"index","follow":"follow","max-snippet":"max-snippet:-1","max-image-preview":"max-image-preview:large","max-video-preview":"max-video-preview:-1"},"canonical":"https:\/\/ruitongs.com\/pt-br\/","og_locale":"pt_BR","og_type":"article","og_title":"In\u00edcio","og_description":"Ag\u00eancia de sourcing na China com mais de 20 anos de experi\u00eancia. Verifica\u00e7\u00e3o de fornecedores, inspe\u00e7\u00e3o de qualidade e servi\u00e7os de exporta\u00e7\u00e3o.","og_url":"https:\/\/ruitongs.com\/pt-br\/","og_site_name":"RUITONGS","article_modified_time":"2026-02-08T02:36:00+00:00","twitter_card":"summary_large_image","twitter_misc":{"Est. tempo de leitura":"2 minutos"},"schema":{"@context":"https:\/\/schema.org","@graph":[{"@type":"WebPage","@id":"https:\/\/ruitongs.com\/pt-br\/","url":"https:\/\/ruitongs.com\/pt-br\/","name":"Agente de Sourcing na China | Compras, Inspe\u00e7\u00e3o e Exporta\u00e7\u00e3o \u2013 RUITONGS","isPartOf":{"@id":"https:\/\/ruitongs.com\/pt-br\/#website"},"datePublished":"2026-02-06T05:16:26+00:00","dateModified":"2026-02-08T02:36:00+00:00","description":"Ag\u00eancia de sourcing na China com mais de 20 anos de experi\u00eancia. Verifica\u00e7\u00e3o de fornecedores, inspe\u00e7\u00e3o de qualidade e servi\u00e7os de exporta\u00e7\u00e3o.","breadcrumb":{"@id":"https:\/\/ruitongs.com\/pt-br\/#breadcrumb"},"inLanguage":"pt-BR","potentialAction":[{"@type":"ReadAction","target":["https:\/\/ruitongs.com\/pt-br\/"]}]},{"@type":"BreadcrumbList","@id":"https:\/\/ruitongs.com\/pt-br\/#breadcrumb","itemListElement":[{"@type":"ListItem","position":1,"name":"Home","item":"https:\/\/ruitongs.com\/pt-br\/inicio-2\/"},{"@type":"ListItem","position":2,"name":"In\u00edcio"}]},{"@type":"WebSite","@id":"https:\/\/ruitongs.com\/pt-br\/#website","url":"https:\/\/ruitongs.com\/pt-br\/","name":"RUITONGS","description":"RUITONGS \u2013 China&#039;s Premier Kitchenware Supplier","publisher":{"@id":"https:\/\/ruitongs.com\/pt-br\/#organization"},"potentialAction":[{"@type":"SearchAction","target":{"@type":"EntryPoint","urlTemplate":"https:\/\/ruitongs.com\/pt-br\/?s={search_term_string}"},"query-input":{"@type":"PropertyValueSpecification","valueRequired":true,"valueName":"search_term_string"}}],"inLanguage":"pt-BR"},{"@type":["Organization","Place"],"@id":"https:\/\/ruitongs.com\/pt-br\/#organization","name":"RUITONGS","url":"https:\/\/ruitongs.com\/pt-br\/","logo":{"@id":"https:\/\/ruitongs.com\/pt-br\/#local-main-organization-logo"},"image":{"@id":"https:\/\/ruitongs.com\/pt-br\/#local-main-organization-logo"},"description":"RUITONGS is a China-based professional sourcing agent offering one-stop sourcing, inspection, and export services for global buyers.","telephone":[],"openingHoursSpecification":[{"@type":"OpeningHoursSpecification","dayOfWeek":["Sunday","Monday","Tuesday","Wednesday","Thursday","Friday","Saturday"],"opens":"09:00","closes":"17:00"}]},{"@type":"ImageObject","inLanguage":"pt-BR","@id":"https:\/\/ruitongs.com\/pt-br\/#local-main-organization-logo","url":"https:\/\/ruitongs.com\/wp-content\/uploads\/2026\/02\/ruitongs-logo.png","contentUrl":"https:\/\/ruitongs.com\/wp-content\/uploads\/2026\/02\/ruitongs-logo.png","width":696,"height":696,"caption":"RUITONGS"}]}},"jetpack_likes_enabled":true,"jetpack_sharing_enabled":true,"jetpack_shortlink":"https:\/\/wp.me\/Pgestk-aO9","jetpack-related-posts":[{"id":41284,"url":"https:\/\/ruitongs.com\/inicio-2\/","url_meta":{"origin":41549,"position":0},"title":"In\u00edcio","author":"Ruitongs","date":"6 de fevereiro de 2026","format":false,"excerpt":"Seu Agente de Sourcing Confi\u00e1vel na China A RUITONGS \u00e9 uma empresa de sourcing sediada na China, especializada em aquisi\u00e7\u00e3o de produtos, verifica\u00e7\u00e3o de fornecedores, inspe\u00e7\u00e3o de qualidade e servi\u00e7os de exporta\u00e7\u00e3o para compradores internacionais.Com mais de 20 anos de experi\u00eancia em com\u00e9rcio internacional, ajudamos empresas a comprar produtos da\u2026","rel":"","context":"Post similar","block_context":{"text":"Post similar","link":""},"img":{"alt_text":"","src":"","width":0,"height":0},"classes":[]},{"id":41582,"url":"https:\/\/ruitongs.com\/pt-br\/inicio-2\/nossos-servicos\/","url_meta":{"origin":41549,"position":1},"title":"Nossos Servi\u00e7os","author":"Ruitongs","date":"8 de fevereiro de 2026","format":false,"excerpt":"Nossos Servi\u00e7os Solu\u00e7\u00f5es Escal\u00e1veis de Supply Chain e Gest\u00e3o de Riscos na China De auditorias de f\u00e1bricas \u00e0 gest\u00e3o completa de compras, a RUITONGS oferece presen\u00e7a local e supervis\u00e3o em campo para voc\u00ea importar com total seguran\u00e7a. Solicitar Proposta de Servi\u00e7o Personalizada Sourcing Estrat\u00e9gico e Gest\u00e3o de Compras Vamos al\u00e9m\u2026","rel":"","context":"Post similar","block_context":{"text":"Post similar","link":""},"img":{"alt_text":"","src":"","width":0,"height":0},"classes":[]},{"id":41615,"url":"https:\/\/ruitongs.com\/pt-br\/inicio-2\/nossos-servicos\/auditoria-de-fabricas-e-verificacao-de-fornecedores\/","url_meta":{"origin":41549,"position":2},"title":"Auditoria de f\u00e1bricas e verifica\u00e7\u00e3o de fornecedores","author":"Ruitongs","date":"8 de fevereiro de 2026","format":false,"excerpt":"Auditoria de f\u00e1bricas e verifica\u00e7\u00e3o de fornecedores Servi\u00e7os de Auditoria de F\u00e1bricas na China: Saiba com Quem Voc\u00ea Est\u00e1 Comprando Criar um site profissional \u00e9 f\u00e1cil, mas encontrar um parceiro de fabrica\u00e7\u00e3o confi\u00e1vel \u00e9 muito mais dif\u00edcil.A RUITONGS realiza auditorias presenciais completas em f\u00e1bricas na China para verificar legitimidade, capacidade\u2026","rel":"","context":"Post similar","block_context":{"text":"Post similar","link":""},"img":{"alt_text":"","src":"","width":0,"height":0},"classes":[]},{"id":41756,"url":"https:\/\/ruitongs.com\/pt-br\/inicio-2\/inspecao-de-fabrica\/","url_meta":{"origin":41549,"position":3},"title":"Status do Pedido","author":"Ruitongs","date":"8 de fevereiro de 2026","format":false,"excerpt":"Status do Seu Pedido e Acompanhamento de Progresso Quando voc\u00ea faz um pedido na China, o maior risco n\u00e3o \u00e9 o pre\u00e7o,mas sim a falta de visibilidade. A RUITONGS fornece um painel centralizado de status do pedido para que voc\u00ea saiba sempre: Em que etapa est\u00e1 o seu pedido O\u2026","rel":"","context":"Post similar","block_context":{"text":"Post similar","link":""},"img":{"alt_text":"","src":"","width":0,"height":0},"classes":[]},{"id":41594,"url":"https:\/\/ruitongs.com\/pt-br\/inicio-2\/nossos-servicos\/servicos-de-inspecao-de-qualidade-na-china\/","url_meta":{"origin":41549,"position":4},"title":"Servi\u00e7os de Inspe\u00e7\u00e3o de Qualidade na China","author":"Ruitongs","date":"8 de fevereiro de 2026","format":false,"excerpt":"Servi\u00e7os de Inspe\u00e7\u00e3o de Qualidade na China Servi\u00e7os Profissionais de Inspe\u00e7\u00e3o de Qualidade na China: Proteja seu Estoque Problemas de qualidade descobertos ap\u00f3s a chegada da mercadoria s\u00e3o caros \u2014 e muitas vezes irrevers\u00edveis.A RUITONGS oferece servi\u00e7os profissionais de inspe\u00e7\u00e3o de qualidade no local, em todas as fases da produ\u00e7\u00e3o,\u2026","rel":"","context":"Post similar","block_context":{"text":"Post similar","link":""},"img":{"alt_text":"","src":"","width":0,"height":0},"classes":[]},{"id":41541,"url":"https:\/\/ruitongs.com\/pt-br\/sobre-a-ruitongs-2\/","url_meta":{"origin":41549,"position":5},"title":"Sobre a RUITONGS","author":"Ruitongs","date":"7 de fevereiro de 2026","format":false,"excerpt":"Seu Escrit\u00f3rio Independente de Sourcing na China A RUITONGS \u00e9 uma empresa de sourcing e inspe\u00e7\u00e3o baseada na China, focada em proteger os interesses de compradores internacionais.Com mais de 20 anos de experi\u00eancia pr\u00e1tica, conectamos as expectativas do mercado global \u00e0 realidade da manufatura local. Duas D\u00e9cadas de Experi\u00eancia no\u2026","rel":"","context":"Post similar","block_context":{"text":"Post similar","link":""},"img":{"alt_text":"","src":"","width":0,"height":0},"classes":[]}],"_links":{"self":[{"href":"https:\/\/ruitongs.com\/pt-br\/wp-json\/wp\/v2\/pages\/41549","targetHints":{"allow":["GET"]}}],"collection":[{"href":"https:\/\/ruitongs.com\/pt-br\/wp-json\/wp\/v2\/pages"}],"about":[{"href":"https:\/\/ruitongs.com\/pt-br\/wp-json\/wp\/v2\/types\/page"}],"author":[{"embeddable":true,"href":"https:\/\/ruitongs.com\/pt-br\/wp-json\/wp\/v2\/users\/259547316"}],"replies":[{"embeddable":true,"href":"https:\/\/ruitongs.com\/pt-br\/wp-json\/wp\/v2\/comments?post=41549"}],"version-history":[{"count":3,"href":"https:\/\/ruitongs.com\/pt-br\/wp-json\/wp\/v2\/pages\/41549\/revisions"}],"predecessor-version":[{"id":41572,"href":"https:\/\/ruitongs.com\/pt-br\/wp-json\/wp\/v2\/pages\/41549\/revisions\/41572"}],"wp:attachment":[{"href":"https:\/\/ruitongs.com\/pt-br\/wp-json\/wp\/v2\/media?parent=41549"}],"curies":[{"name":"wp","href":"https:\/\/api.w.org\/{rel}","templated":true}]}}