{"id":57172,"date":"2026-02-06T05:16:26","date_gmt":"2026-02-06T05:16:26","guid":{"rendered":"https:\/\/ruitongs.com\/?page_id=57172"},"modified":"2026-05-07T00:42:33","modified_gmt":"2026-05-07T00:42:33","slug":"dai-ly-sourcing-trung-quoc","status":"publish","type":"page","link":"https:\/\/ruitongs.com\/vi\/","title":{"rendered":"Trang ch\u1ee7\u00a0"},"content":{"rendered":"\n<h1 class=\"wp-block-heading\" id=\"h-d\u1ea1i-ly-sourcing-trung-qu\u1ed1c-ruitongs\">\u0110\u1ea1i L\u00fd Sourcing Trung Qu\u1ed1c \u2014 RUITONGS<\/h1>\n\n\n\n<p>RUITONGS l\u00e0 \u0111\u1ea1i l\u00fd sourcing Trung Qu\u1ed1c \u0111\u00e1ng tin c\u1eady c\u1ee7a b\u1ea1n. Ch\u00fang t\u00f4i cung c\u1ea5p h\u1ed7 tr\u1ee3 to\u00e0n di\u1ec7n trong x\u00e1c minh nh\u00e0 cung c\u1ea5p, ki\u1ec3m tra ch\u1ea5t l\u01b0\u1ee3ng v\u00e0 ph\u1ed1i h\u1ee3p xu\u1ea5t kh\u1ea9u. Ng\u01b0\u1eddi mua to\u00e0n c\u1ea7u nh\u1eadp kh\u1ea9u v\u1edbi \u0111\u1ea7y \u0111\u1ee7 s\u1ef1 t\u1ef1 tin c\u00f9ng ch\u00fang t\u00f4i. Ch\u00fang t\u00f4i l\u00e0m vi\u1ec7c tr\u1ef1c ti\u1ebfp t\u1ea1i Trung Qu\u1ed1c \u0111\u1ec3 qu\u1ea3n l\u00fd r\u1ee7i ro mua h\u00e0ng tr\u01b0\u1edbc khi h\u00e0ng h\u00f3a c\u1ee7a b\u1ea1n \u0111\u01b0\u1ee3c giao.<\/p>\n\n\n\n<p>[Li\u00ean h\u1ec7 RUITONGS \u0111\u1ec3 th\u1ea3o lu\u1eadn v\u1ec1 d\u1ef1 \u00e1n c\u1ee7a b\u1ea1n]<\/p>\n\n\n\n<h2 class=\"wp-block-heading\" id=\"h-d\u1ea1i-ly-sourcing-trung-qu\u1ed1c-c\u1ee7a-chung-toi-h\u1ed7-tr\u1ee3-vi\u1ec7c-mua-hang-c\u1ee7a-b\u1ea1n-nh\u01b0-th\u1ebf-nao\">\u0110\u1ea1i L\u00fd Sourcing Trung Qu\u1ed1c c\u1ee7a ch\u00fang t\u00f4i h\u1ed7 tr\u1ee3 vi\u1ec7c mua h\u00e0ng c\u1ee7a b\u1ea1n nh\u01b0 th\u1ebf n\u00e0o<\/h2>\n\n\n\n<p>Sourcing t\u1eeb Trung Qu\u1ed1c li\u00ean quan \u0111\u1ebfn nhi\u1ec1u nh\u00e0 cung c\u1ea5p v\u00e0 giai \u0111o\u1ea1n s\u1ea3n xu\u1ea5t kh\u00e1c nhau. Th\u00e1ch th\u1ee9c giao ti\u1ebfp c\u0169ng l\u00e0 v\u1ea5n \u0111\u1ec1 l\u1edbn khi qu\u1ea3n l\u00fd t\u1eeb xa. L\u00e0 \u0111\u1ea1i l\u00fd sourcing Trung Qu\u1ed1c, RUITONGS l\u00e0 \u0111\u1ed1i t\u00e1c \u0111\u1ecba ph\u01b0\u01a1ng c\u1ee7a b\u1ea1n. Ch\u00fang t\u00f4i cung c\u1ea5p th\u1ef1c thi t\u1ea1i hi\u1ec7n tr\u01b0\u1eddng v\u00e0 b\u00e1o c\u00e1o r\u00f5 r\u00e0ng. Qu\u00e1 tr\u00ecnh mua h\u00e0ng \u0111\u01b0\u1ee3c theo d\u00f5i ch\u1eb7t ch\u1ebd t\u1eeb \u0111\u1ea7u \u0111\u1ebfn cu\u1ed1i.<\/p>\n\n\n\n<h2 class=\"wp-block-heading\" id=\"h-cach-chung-toi-lam-vi\u1ec7c-ph\u01b0\u01a1ng-phap-co-c\u1ea5u-truc-d\u1ec3-qu\u1ea3n-ly-r\u1ee7i-ro\">C\u00e1ch ch\u00fang t\u00f4i l\u00e0m vi\u1ec7c: Ph\u01b0\u01a1ng ph\u00e1p c\u00f3 c\u1ea5u tr\u00fac \u0111\u1ec3 qu\u1ea3n l\u00fd r\u1ee7i ro<\/h2>\n\n\n\n<p><strong>B\u01b0\u1edbc 1: Hi\u1ec3u y\u00eau c\u1ea7u c\u1ee7a b\u1ea1n<\/strong> Ch\u00fang t\u00f4i xem x\u00e9t th\u00f4ng s\u1ed1 k\u1ef9 thu\u1eadt s\u1ea3n ph\u1ea9m v\u00e0 k\u1ef3 v\u1ecdng ch\u1ea5t l\u01b0\u1ee3ng. Ch\u00fang t\u00f4i c\u0169ng x\u00e1c nh\u1eadn s\u1ed1 l\u01b0\u1ee3ng \u0111\u01a1n h\u00e0ng, th\u1ecb tr\u01b0\u1eddng m\u1ee5c ti\u00eau v\u00e0 c\u00e1c d\u1ecbch v\u1ee5 c\u1ea7n thi\u1ebft.<\/p>\n\n\n\n<p><strong>B\u01b0\u1edbc 2: L\u1ef1a ch\u1ecdn v\u00e0 x\u00e1c minh nh\u00e0 cung c\u1ea5p<\/strong> Ch\u00fang t\u00f4i x\u00e1c \u0111\u1ecbnh c\u00e1c nh\u00e0 cung c\u1ea5p ph\u00f9 h\u1ee3p. Ch\u00fang t\u00f4i x\u00e1c minh t\u00ednh h\u1ee3p ph\u00e1p v\u00e0 n\u0103ng l\u1ef1c s\u1ea3n xu\u1ea5t. R\u1ee7i ro ti\u1ec1m \u1ea9n \u0111\u01b0\u1ee3c \u0111\u00e1nh gi\u00e1 tr\u01b0\u1edbc khi b\u1eaft \u0111\u1ea7u h\u1ee3p t\u00e1c.<\/p>\n\n\n\n<p><strong>B\u01b0\u1edbc 3: Ph\u1ed1i h\u1ee3p m\u1eabu v\u00e0 s\u1ea3n xu\u1ea5t<\/strong> Ch\u00fang t\u00f4i h\u1ed7 tr\u1ee3 ph\u00ea duy\u1ec7t m\u1eabu. Ti\u1ebfn \u0111\u1ed9 s\u1ea3n xu\u1ea5t \u0111\u01b0\u1ee3c theo d\u00f5i ch\u1eb7t ch\u1ebd. M\u1ee5c ti\u00eau l\u00e0 gi\u1ea3m thi\u1ec3u sai l\u1ec7ch v\u00e0 ch\u1eadm tr\u1ec5.<\/p>\n\n\n\n<p><strong>B\u01b0\u1edbc 4: Ki\u1ec3m tra ch\u1ea5t l\u01b0\u1ee3ng v\u00e0 gi\u00e1m s\u00e1t x\u1ebfp h\u00e0ng<\/strong> Ch\u00fang t\u00f4i ti\u1ebfn h\u00e0nh ki\u1ec3m tra t\u1ea1i hi\u1ec7n tr\u01b0\u1eddng. Vi\u1ec7c x\u1ebfp h\u00e0ng v\u00e0o container \u0111\u01b0\u1ee3c gi\u00e1m s\u00e1t tr\u01b0\u1edbc khi giao h\u00e0ng.<\/p>\n\n\n\n<p><strong>B\u01b0\u1edbc 5: Ph\u1ed1i h\u1ee3p xu\u1ea5t kh\u1ea9u v\u00e0 v\u1eadn chuy\u1ec3n<\/strong> Ch\u00fang t\u00f4i h\u1ed7 tr\u1ee3 v\u1ec1 ch\u1ee9ng t\u1eeb xu\u1ea5t kh\u1ea9u. Vi\u1ec7c ph\u1ed1i h\u1ee3p v\u1eadn chuy\u1ec3n \u0111\u1ea3m b\u1ea3o h\u00e0ng h\u00f3a r\u1eddi Trung Qu\u1ed1c su\u00f4n s\u1ebb.<\/p>\n\n\n\n<h2 class=\"wp-block-heading\" id=\"h-d\u1ecbch-v\u1ee5-chinh-c\u1ee7a-chung-toi\">D\u1ecbch v\u1ee5 ch\u00ednh c\u1ee7a ch\u00fang t\u00f4i<\/h2>\n\n\n\n<ul class=\"wp-block-list\">\n<li>Sourcing v\u00e0 mua h\u00e0ng t\u1eeb Trung Qu\u1ed1c<\/li>\n\n\n\n<li>Ki\u1ec3m to\u00e1n nh\u00e0 m\u00e1y v\u00e0 x\u00e1c minh nh\u00e0 cung c\u1ea5p<\/li>\n\n\n\n<li>Ki\u1ec3m tra ch\u1ea5t l\u01b0\u1ee3ng v\u00e0 gi\u00e1m s\u00e1t x\u1ebfp h\u00e0ng<\/li>\n\n\n\n<li>H\u1ed7 tr\u1ee3 logistics v\u00e0 xu\u1ea5t kh\u1ea9u<\/li>\n<\/ul>\n\n\n\n<h2 class=\"wp-block-heading\" id=\"h-t\u1ea1i-sao-ch\u1ecdn-ruitongs-lam-d\u1ea1i-ly-sourcing-trung-qu\u1ed1c-c\u1ee7a-b\u1ea1n\">T\u1ea1i sao ch\u1ecdn RUITONGS l\u00e0m \u0111\u1ea1i l\u00fd sourcing Trung Qu\u1ed1c c\u1ee7a b\u1ea1n<\/h2>\n\n\n\n<p><strong>Hi\u1ec7n di\u1ec7n \u0111\u1ecba ph\u01b0\u01a1ng<\/strong> \u2014 \u0110\u1ed9i ng\u0169 \u0111\u1eb7t t\u1ea1i Trung Qu\u1ed1c, bao ph\u1ee7 c\u00e1c trung t\u00e2m s\u1ea3n xu\u1ea5t ch\u00ednh.<\/p>\n\n\n\n<p><strong>\u0110\u1ed9c l\u1eadp ho\u00e0n to\u00e0n<\/strong> \u2014 \u0110\u1ed9c l\u1eadp v\u1edbi c\u00e1c nh\u00e0 m\u00e1y v\u00e0 c\u00f4ng ty v\u1eadn chuy\u1ec3n. B\u00e1o c\u00e1o kh\u00e1ch quan v\u00e0 kh\u00f4ng thi\u00ean v\u1ecb.<\/p>\n\n\n\n<p><strong>B\u00e1o c\u00e1o d\u1ef1a tr\u00ean th\u1ef1c t\u1ebf<\/strong> \u2014 B\u00e1o c\u00e1o th\u1ef1c t\u1ebf d\u1ef1a tr\u00ean b\u1eb1ng ch\u1ee9ng. Kh\u00f4ng ph\u1ea3i l\u1eddi h\u1ee9a b\u00e1n h\u00e0ng.<\/p>\n\n\n\n<p><strong>Giao ti\u1ebfp r\u00f5 r\u00e0ng<\/strong> \u2014 Th\u1ef1c thi t\u1eadp trung v\u00e0o r\u1ee7i ro. C\u1eadp nh\u1eadt minh b\u1ea1ch v\u00e0 th\u01b0\u1eddng xuy\u00ean.<\/p>\n\n\n\n<p><strong>H\u1ed7 tr\u1ee3 c\u00f3 th\u1ec3 m\u1edf r\u1ed9ng<\/strong> \u2014 Gi\u1ea3i ph\u00e1p ph\u00f9 h\u1ee3p cho c\u1ea3 \u0111\u01a1n h\u00e0ng nh\u1ecf v\u00e0 d\u1ef1 \u00e1n quy m\u00f4 l\u1edbn.<\/p>\n\n\n\n<h2 class=\"wp-block-heading\" id=\"h-cac-nganh-chung-toi-h\u1ed7-tr\u1ee3\">C\u00e1c ng\u00e0nh ch\u00fang t\u00f4i h\u1ed7 tr\u1ee3<\/h2>\n\n\n\n<p>\u0110\u1ea1i l\u00fd sourcing Trung Qu\u1ed1c c\u1ee7a ch\u00fang t\u00f4i ho\u1ea1t \u0111\u1ed9ng trong nhi\u1ec1u l\u0129nh v\u1ef1c. Bao g\u1ed3m h\u00e0ng ti\u00eau d\u00f9ng, n\u1ed9i th\u1ea5t v\u00e0 linh ki\u1ec7n c\u00f4ng nghi\u1ec7p. Ch\u00fang t\u00f4i c\u0169ng h\u1ed7 tr\u1ee3 v\u1eadt li\u1ec7u x\u00e2y d\u1ef1ng v\u00e0 s\u1ea3n xu\u1ea5t OEM ho\u1eb7c theo y\u00eau c\u1ea7u. N\u1ebfu s\u1ea3n ph\u1ea9m c\u1ee7a b\u1ea1n \u0111\u01b0\u1ee3c s\u1ea3n xu\u1ea5t t\u1ea1i Trung Qu\u1ed1c, ch\u00fang t\u00f4i c\u00f3 th\u1ec3 h\u1ed7 tr\u1ee3 nhu c\u1ea7u sourcing c\u1ee7a b\u1ea1n.<\/p>\n\n\n\n<h2 class=\"wp-block-heading\" id=\"h-b\u1eaft-d\u1ea7u-sourcing-t\u1eeb-trung-qu\u1ed1c-v\u1edbi-s\u1ef1-t\u1ef1-tin\">B\u1eaft \u0111\u1ea7u sourcing t\u1eeb Trung Qu\u1ed1c v\u1edbi s\u1ef1 t\u1ef1 tin<\/h2>\n\n\n\n<p>D\u00f9 b\u1ea1n \u0111ang nh\u1eadp kh\u1ea9u l\u1ea7n \u0111\u1ea7u hay qu\u1ea3n l\u00fd s\u1ea3n xu\u1ea5t li\u00ean t\u1ee5c, RUITONGS cung c\u1ea5p h\u1ed7 tr\u1ee3 \u0111\u00e1ng tin c\u1eady. Ch\u00fang t\u00f4i l\u00e0m vi\u1ec7c tr\u1ef1c ti\u1ebfp t\u1ea1i Trung Qu\u1ed1c \u0111\u1ec3 b\u1ea3o v\u1ec7 l\u1ee3i \u00edch c\u1ee7a b\u1ea1n.<\/p>\n\n\n\n<p>\u0110\u1ec3 bi\u1ebft th\u00eam th\u00f4ng tin v\u1ec1 th\u01b0\u01a1ng m\u1ea1i qu\u1ed1c t\u1ebf, h\u00e3y truy c\u1eadp <a href=\"https:\/\/www.wto.org\/indexsp.htm\">T\u1ed5 ch\u1ee9c Th\u01b0\u01a1ng m\u1ea1i Th\u1ebf gi\u1edbi<\/a><\/p>\n\n\n\n<p>\ud83d\udc49 <a href=\"https:\/\/ruitongs.com\/china-sourcing-services\/\">D\u1ecbch v\u1ee5 Sourcing Trung Qu\u1ed1c<\/a> \ud83d\udc49 <a href=\"https:\/\/ruitongs.com\/contact-ruitongs\/\">Li\u00ean h\u1ec7 RUITONGS<\/a><\/p>\n\n\n\n<p>[Li\u00ean h\u1ec7 RUITONGS \u0111\u1ec3 th\u1ea3o lu\u1eadn v\u1ec1 d\u1ef1 \u00e1n c\u1ee7a b\u1ea1n]<\/p>\n","protected":false},"excerpt":{"rendered":"<p>\u0110\u1ea1i L\u00fd Sourcing Trung Qu\u1ed1c \u2014 RUITONGS RUITONGS l\u00e0 \u0111\u1ea1i l\u00fd sourcing Trung Qu\u1ed1c \u0111\u00e1ng tin c\u1eady c\u1ee7a b\u1ea1n. Ch\u00fang [&hellip;]<\/p>\n","protected":false},"author":259547316,"featured_media":0,"parent":0,"menu_order":0,"comment_status":"closed","ping_status":"closed","template":"","meta":{"_acf_changed":false,"site-sidebar-layout":"no-sidebar","site-content-layout":"","ast-site-content-layout":"narrow-width-container","site-content-style":"boxed","site-sidebar-style":"default","ast-global-header-display":"","ast-banner-title-visibility":"","ast-main-header-display":"","ast-hfb-above-header-display":"","ast-hfb-below-header-display":"","ast-hfb-mobile-header-display":"","site-post-title":"","ast-breadcrumbs-content":"disabled","ast-featured-img":"","footer-sml-layout":"","ast-disable-related-posts":"","theme-transparent-header-meta":"","adv-header-id-meta":"","stick-header-meta":"","header-above-stick-meta":"","header-main-stick-meta":"","header-below-stick-meta":"","astra-migrate-meta-layouts":"default","ast-page-background-enabled":"default","ast-page-background-meta":{"desktop":{"background-color":"var(--ast-global-color-5)","background-image":"","background-repeat":"repeat","background-position":"center center","background-size":"auto","background-attachment":"scroll","background-type":"","background-media":"","overlay-type":"","overlay-color":"","overlay-opacity":"","overlay-gradient":""},"tablet":{"background-color":"","background-image":"","background-repeat":"repeat","background-position":"center center","background-size":"auto","background-attachment":"scroll","background-type":"","background-media":"","overlay-type":"","overlay-color":"","overlay-opacity":"","overlay-gradient":""},"mobile":{"background-color":"","background-image":"","background-repeat":"repeat","background-position":"center center","background-size":"auto","background-attachment":"scroll","background-type":"","background-media":"","overlay-type":"","overlay-color":"","overlay-opacity":"","overlay-gradient":""}},"ast-content-background-meta":{"desktop":{"background-color":"var(--ast-global-color-4)","background-image":"","background-repeat":"repeat","background-position":"center center","background-size":"auto","background-attachment":"scroll","background-type":"","background-media":"","overlay-type":"","overlay-color":"","overlay-opacity":"","overlay-gradient":""},"tablet":{"background-color":"var(--ast-global-color-4)","background-image":"","background-repeat":"repeat","background-position":"center center","background-size":"auto","background-attachment":"scroll","background-type":"","background-media":"","overlay-type":"","overlay-color":"","overlay-opacity":"","overlay-gradient":""},"mobile":{"background-color":"var(--ast-global-color-4)","background-image":"","background-repeat":"repeat","background-position":"center center","background-size":"auto","background-attachment":"scroll","background-type":"","background-media":"","overlay-type":"","overlay-color":"","overlay-opacity":"","overlay-gradient":""}},"_cloudinary_featured_overwrite":false,"footnotes":""},"class_list":["post-57172","page","type-page","status-publish","hentry"],"acf":[],"yoast_head":"<!-- This site is optimized with the Yoast SEO Premium plugin v27.5 (Yoast SEO v27.6) - https:\/\/yoast.com\/product\/yoast-seo-premium-wordpress\/ -->\n<title>\u0110\u1ea1i L\u00fd Sourcing Trung Qu\u1ed1c | RUITONGS<\/title>\n<meta name=\"description\" content=\"RUITONGS l\u00e0 \u0111\u1ea1i l\u00fd sourcing Trung Qu\u1ed1c \u0111\u00e1ng tin c\u1eady. X\u00e1c minh nh\u00e0 cung c\u1ea5p, ki\u1ec3m tra ch\u1ea5t l\u01b0\u1ee3ng v\u00e0 ph\u1ed1i h\u1ee3p xu\u1ea5t kh\u1ea9u. Nh\u1eadp kh\u1ea9u t\u1ef1 tin.\" \/>\n<meta name=\"robots\" content=\"index, follow, max-snippet:-1, max-image-preview:large, max-video-preview:-1\" \/>\n<link rel=\"canonical\" href=\"https:\/\/ruitongs.com\/vi\/\" \/>\n<meta property=\"og:locale\" content=\"vi_VN\" \/>\n<meta property=\"og:type\" content=\"article\" \/>\n<meta property=\"og:title\" content=\"Trang ch\u1ee7\u00a0\" \/>\n<meta property=\"og:description\" content=\"RUITONGS l\u00e0 \u0111\u1ea1i l\u00fd sourcing Trung Qu\u1ed1c \u0111\u00e1ng tin c\u1eady. X\u00e1c minh nh\u00e0 cung c\u1ea5p, ki\u1ec3m tra ch\u1ea5t l\u01b0\u1ee3ng v\u00e0 ph\u1ed1i h\u1ee3p xu\u1ea5t kh\u1ea9u. Nh\u1eadp kh\u1ea9u t\u1ef1 tin.\" \/>\n<meta property=\"og:url\" content=\"https:\/\/ruitongs.com\/vi\/\" \/>\n<meta property=\"og:site_name\" content=\"RUITONGS\" \/>\n<meta property=\"article:modified_time\" content=\"2026-05-07T00:42:33+00:00\" \/>\n<meta name=\"twitter:card\" content=\"summary_large_image\" \/>\n<meta name=\"twitter:label1\" content=\"Est. reading time\" \/>\n\t<meta name=\"twitter:data1\" content=\"4 minutes\" \/>\n<script type=\"application\/ld+json\" class=\"yoast-schema-graph\">{\"@context\":\"https:\\\/\\\/schema.org\",\"@graph\":[{\"@type\":\"WebPage\",\"@id\":\"https:\\\/\\\/ruitongs.com\\\/vi\\\/\",\"url\":\"https:\\\/\\\/ruitongs.com\\\/vi\\\/\",\"name\":\"\u0110\u1ea1i L\u00fd Sourcing Trung Qu\u1ed1c | RUITONGS\",\"isPartOf\":{\"@id\":\"https:\\\/\\\/ruitongs.com\\\/vi\\\/#website\"},\"datePublished\":\"2026-02-06T05:16:26+00:00\",\"dateModified\":\"2026-05-07T00:42:33+00:00\",\"description\":\"RUITONGS l\u00e0 \u0111\u1ea1i l\u00fd sourcing Trung Qu\u1ed1c \u0111\u00e1ng tin c\u1eady. X\u00e1c minh nh\u00e0 cung c\u1ea5p, ki\u1ec3m tra ch\u1ea5t l\u01b0\u1ee3ng v\u00e0 ph\u1ed1i h\u1ee3p xu\u1ea5t kh\u1ea9u. Nh\u1eadp kh\u1ea9u t\u1ef1 tin.\",\"breadcrumb\":{\"@id\":\"https:\\\/\\\/ruitongs.com\\\/vi\\\/#breadcrumb\"},\"inLanguage\":\"vi-VN\",\"potentialAction\":[{\"@type\":\"ReadAction\",\"target\":[\"https:\\\/\\\/ruitongs.com\\\/vi\\\/\"]}]},{\"@type\":\"BreadcrumbList\",\"@id\":\"https:\\\/\\\/ruitongs.com\\\/vi\\\/#breadcrumb\",\"itemListElement\":[{\"@type\":\"ListItem\",\"position\":1,\"name\":\"Home\",\"item\":\"https:\\\/\\\/ruitongs.com\\\/vi\\\/dai-ly-sourcing-trung-quoc\\\/\"},{\"@type\":\"ListItem\",\"position\":2,\"name\":\"Trang ch\u1ee7\u00a0\"}]},{\"@type\":\"WebSite\",\"@id\":\"https:\\\/\\\/ruitongs.com\\\/vi\\\/#website\",\"url\":\"https:\\\/\\\/ruitongs.com\\\/vi\\\/\",\"name\":\"RUITONGS\",\"description\":\"RUITONGS \u2013 China&#039;s Premier Kitchenware Supplier\",\"publisher\":{\"@id\":\"https:\\\/\\\/ruitongs.com\\\/vi\\\/#organization\"},\"potentialAction\":[{\"@type\":\"SearchAction\",\"target\":{\"@type\":\"EntryPoint\",\"urlTemplate\":\"https:\\\/\\\/ruitongs.com\\\/vi\\\/?s={search_term_string}\"},\"query-input\":{\"@type\":\"PropertyValueSpecification\",\"valueRequired\":true,\"valueName\":\"search_term_string\"}}],\"inLanguage\":\"vi-VN\"},{\"@type\":[\"Organization\",\"Place\"],\"@id\":\"https:\\\/\\\/ruitongs.com\\\/vi\\\/#organization\",\"name\":\"RUITONGS\",\"url\":\"https:\\\/\\\/ruitongs.com\\\/vi\\\/\",\"logo\":{\"@id\":\"https:\\\/\\\/ruitongs.com\\\/vi\\\/#local-main-organization-logo\"},\"image\":{\"@id\":\"https:\\\/\\\/ruitongs.com\\\/vi\\\/#local-main-organization-logo\"},\"description\":\"RUITONGS is a China-based professional sourcing agent offering one-stop sourcing, inspection, and export services for global buyers.\",\"telephone\":[],\"openingHoursSpecification\":[{\"@type\":\"OpeningHoursSpecification\",\"dayOfWeek\":[\"Sunday\",\"Monday\",\"Tuesday\",\"Wednesday\",\"Thursday\",\"Friday\",\"Saturday\"],\"opens\":\"09:00\",\"closes\":\"17:00\"}]},{\"@type\":\"ImageObject\",\"inLanguage\":\"vi-VN\",\"@id\":\"https:\\\/\\\/ruitongs.com\\\/vi\\\/#local-main-organization-logo\",\"url\":\"https:\\\/\\\/ruitongs.com\\\/wp-content\\\/uploads\\\/2026\\\/02\\\/ruitongs-logo.png\",\"contentUrl\":\"https:\\\/\\\/ruitongs.com\\\/wp-content\\\/uploads\\\/2026\\\/02\\\/ruitongs-logo.png\",\"width\":696,\"height\":696,\"caption\":\"RUITONGS\"}]}<\/script>\n<!-- \/ Yoast SEO Premium plugin. -->","yoast_head_json":{"title":"\u0110\u1ea1i L\u00fd Sourcing Trung Qu\u1ed1c | RUITONGS","description":"RUITONGS l\u00e0 \u0111\u1ea1i l\u00fd sourcing Trung Qu\u1ed1c \u0111\u00e1ng tin c\u1eady. X\u00e1c minh nh\u00e0 cung c\u1ea5p, ki\u1ec3m tra ch\u1ea5t l\u01b0\u1ee3ng v\u00e0 ph\u1ed1i h\u1ee3p xu\u1ea5t kh\u1ea9u. Nh\u1eadp kh\u1ea9u t\u1ef1 tin.","robots":{"index":"index","follow":"follow","max-snippet":"max-snippet:-1","max-image-preview":"max-image-preview:large","max-video-preview":"max-video-preview:-1"},"canonical":"https:\/\/ruitongs.com\/vi\/","og_locale":"vi_VN","og_type":"article","og_title":"Trang ch\u1ee7\u00a0","og_description":"RUITONGS l\u00e0 \u0111\u1ea1i l\u00fd sourcing Trung Qu\u1ed1c \u0111\u00e1ng tin c\u1eady. X\u00e1c minh nh\u00e0 cung c\u1ea5p, ki\u1ec3m tra ch\u1ea5t l\u01b0\u1ee3ng v\u00e0 ph\u1ed1i h\u1ee3p xu\u1ea5t kh\u1ea9u. Nh\u1eadp kh\u1ea9u t\u1ef1 tin.","og_url":"https:\/\/ruitongs.com\/vi\/","og_site_name":"RUITONGS","article_modified_time":"2026-05-07T00:42:33+00:00","twitter_card":"summary_large_image","twitter_misc":{"Est. reading time":"4 minutes"},"schema":{"@context":"https:\/\/schema.org","@graph":[{"@type":"WebPage","@id":"https:\/\/ruitongs.com\/vi\/","url":"https:\/\/ruitongs.com\/vi\/","name":"\u0110\u1ea1i L\u00fd Sourcing Trung Qu\u1ed1c | RUITONGS","isPartOf":{"@id":"https:\/\/ruitongs.com\/vi\/#website"},"datePublished":"2026-02-06T05:16:26+00:00","dateModified":"2026-05-07T00:42:33+00:00","description":"RUITONGS l\u00e0 \u0111\u1ea1i l\u00fd sourcing Trung Qu\u1ed1c \u0111\u00e1ng tin c\u1eady. X\u00e1c minh nh\u00e0 cung c\u1ea5p, ki\u1ec3m tra ch\u1ea5t l\u01b0\u1ee3ng v\u00e0 ph\u1ed1i h\u1ee3p xu\u1ea5t kh\u1ea9u. Nh\u1eadp kh\u1ea9u t\u1ef1 tin.","breadcrumb":{"@id":"https:\/\/ruitongs.com\/vi\/#breadcrumb"},"inLanguage":"vi-VN","potentialAction":[{"@type":"ReadAction","target":["https:\/\/ruitongs.com\/vi\/"]}]},{"@type":"BreadcrumbList","@id":"https:\/\/ruitongs.com\/vi\/#breadcrumb","itemListElement":[{"@type":"ListItem","position":1,"name":"Home","item":"https:\/\/ruitongs.com\/vi\/dai-ly-sourcing-trung-quoc\/"},{"@type":"ListItem","position":2,"name":"Trang ch\u1ee7\u00a0"}]},{"@type":"WebSite","@id":"https:\/\/ruitongs.com\/vi\/#website","url":"https:\/\/ruitongs.com\/vi\/","name":"RUITONGS","description":"RUITONGS \u2013 China&#039;s Premier Kitchenware Supplier","publisher":{"@id":"https:\/\/ruitongs.com\/vi\/#organization"},"potentialAction":[{"@type":"SearchAction","target":{"@type":"EntryPoint","urlTemplate":"https:\/\/ruitongs.com\/vi\/?s={search_term_string}"},"query-input":{"@type":"PropertyValueSpecification","valueRequired":true,"valueName":"search_term_string"}}],"inLanguage":"vi-VN"},{"@type":["Organization","Place"],"@id":"https:\/\/ruitongs.com\/vi\/#organization","name":"RUITONGS","url":"https:\/\/ruitongs.com\/vi\/","logo":{"@id":"https:\/\/ruitongs.com\/vi\/#local-main-organization-logo"},"image":{"@id":"https:\/\/ruitongs.com\/vi\/#local-main-organization-logo"},"description":"RUITONGS is a China-based professional sourcing agent offering one-stop sourcing, inspection, and export services for global buyers.","telephone":[],"openingHoursSpecification":[{"@type":"OpeningHoursSpecification","dayOfWeek":["Sunday","Monday","Tuesday","Wednesday","Thursday","Friday","Saturday"],"opens":"09:00","closes":"17:00"}]},{"@type":"ImageObject","inLanguage":"vi-VN","@id":"https:\/\/ruitongs.com\/vi\/#local-main-organization-logo","url":"https:\/\/ruitongs.com\/wp-content\/uploads\/2026\/02\/ruitongs-logo.png","contentUrl":"https:\/\/ruitongs.com\/wp-content\/uploads\/2026\/02\/ruitongs-logo.png","width":696,"height":696,"caption":"RUITONGS"}]}},"jetpack_likes_enabled":false,"jetpack_sharing_enabled":false,"jetpack_shortlink":"https:\/\/wp.me\/Pgestk-eS8","jetpack-related-posts":[{"id":57177,"url":"https:\/\/ruitongs.com\/vi\/dai-ly-sourcing-trung-quoc\/dich-vu-sourcing-trung-quoc\/","url_meta":{"origin":57172,"position":0},"title":"D\u1ecbch v\u1ee5 c\u1ee7a ch\u00fang t\u00f4i","author":"Ruitongs","date":"08\/02\/2026","format":false,"excerpt":"D\u1ecbch V\u1ee5 Sourcing Trung Qu\u1ed1c \u2014 RUITONGS RUITONGS cung c\u1ea5p d\u1ecbch v\u1ee5 sourcing Trung Qu\u1ed1c to\u00e0n di\u1ec7n. Ch\u00fang t\u00f4i h\u1ed7 tr\u1ee3 t\u1eeb ki\u1ec3m to\u00e1n nh\u00e0 cung c\u1ea5p \u0111\u1ebfn qu\u1ea3n l\u00fd mua h\u00e0ng \u0111\u1ea7y \u0111\u1ee7. \u0110\u1ed9i ng\u0169 \u0111\u1ecba ph\u01b0\u01a1ng v\u00e0 gi\u00e1m s\u00e1t t\u1ea1i hi\u1ec7n tr\u01b0\u1eddng gi\u00fap b\u1ea1n nh\u1eadp kh\u1ea9u v\u1edbi \u0111\u1ea7y\u2026","rel":"","context":"Similar post","block_context":{"text":"Similar post","link":""},"img":{"alt_text":"","src":"","width":0,"height":0},"classes":[]},{"id":57183,"url":"https:\/\/ruitongs.com\/vi\/dai-ly-sourcing-trung-quoc\/lien-he-dai-ly-sourcing-trung-quoc\/","url_meta":{"origin":57172,"position":1},"title":"Li\u00ean h\u1ec7","author":"Ruitongs","date":"08\/02\/2026","format":false,"excerpt":"Li\u00ean H\u1ec7 \u0110\u1ea1i L\u00fd Sourcing Trung Qu\u1ed1c \u2014 RUITONGS Li\u00ean h\u1ec7 RUITONGS \u2014 \u0111\u1ea1i l\u00fd sourcing Trung Qu\u1ed1c \u0111\u1ed9c l\u1eadp c\u1ee7a b\u1ea1n. Ch\u00fang t\u00f4i ho\u1ea1t \u0111\u1ed9ng tr\u1ef1c ti\u1ebfp t\u1ea1i hi\u1ec7n tr\u01b0\u1eddng. Ch\u00fang t\u00f4i s\u1eb5n s\u00e0ng h\u1ed7 tr\u1ee3 ki\u1ec3m tra ch\u1ea5t l\u01b0\u1ee3ng, ki\u1ec3m to\u00e1n nh\u00e0 m\u00e1y, h\u1ed7 tr\u1ee3 sourcing v\u00e0 ph\u1ed1i\u2026","rel":"","context":"Similar post","block_context":{"text":"Similar post","link":""},"img":{"alt_text":"","src":"","width":0,"height":0},"classes":[]},{"id":17811,"url":"https:\/\/ruitongs.com\/vi\/trang-chu\/","url_meta":{"origin":57172,"position":2},"title":"Trang ch\u1ee7","author":"Ruitongs","date":"13\/05\/2025","format":false,"excerpt":"\u0110\u1ed3 n\u1ea5u n\u01b0\u1edbng N\u00e2ng t\u1ea7m c\u0103n b\u1ebfp c\u1ee7a b\u1ea1n v\u1edbi \u0111\u1ed3 n\u1ea5u n\u01b0\u1edbng chuy\u00ean nghi\u1ec7p \u2013 B\u1ec1n, \u0111\u00e1ng tin c\u1eady, s\u1eb5n s\u00e0ng cho nh\u00e0 h\u00e0ng! \u0110\u1ed3 d\u00f9ng nh\u00e0 b\u1ebfp C\u1eaft, th\u00e1i v\u00e0 chu\u1ea9n b\u1ecb ch\u00ednh x\u00e1c \u2013 Dao nh\u00e0 b\u1ebfp chuy\u00ean nghi\u1ec7p cho nh\u00e0 h\u00e0ng th\u01b0\u01a1ng m\u1ea1i c\u1ee7a b\u1ea1n! \u0110\u1ed3\u2026","rel":"","context":"Similar post","block_context":{"text":"Similar post","link":""},"img":{"alt_text":"","src":"","width":0,"height":0},"classes":[]},{"id":17842,"url":"https:\/\/ruitongs.com\/vi\/do-nau-nuong\/","url_meta":{"origin":57172,"position":3},"title":"\u0110\u1ed3 n\u1ea5u n\u01b0\u1edbng","author":"Ruitongs","date":"15\/05\/2025","format":false,"excerpt":"Ch\u1ea3o r\u00e1n B\u1ec1n, Kh\u00f4ng d\u00ednh, S\u1eb5n s\u00e0ng \u2013 Ng\u01b0\u1eddi b\u1ea1n \u0111\u1ed3ng h\u00e0nh thi\u1ebft y\u1ebfu trong b\u1ebfp nh\u00e0 b\u1ea1n. Ch\u1ea3o \u0111\u1ef1ng n\u01b0\u1edbc s\u1ed1t \u0110\u1ebf r\u1ed9ng, k\u1ebft qu\u1ea3 ch\u00ednh x\u00e1c \u2013 L\u00fd t\u01b0\u1edfng cho c\u00e1c lo\u1ea1i n\u01b0\u1edbc s\u1ed1t v\u00e0 n\u01b0\u1edbc th\u1ecbt \u0111\u1eadm \u0111\u00e0. N\u1ed3i h\u1ea7m T\u1eeb \u00e1p ch\u1ea3o \u0111\u1ebfn ninh nh\u1ecf l\u1eeda\u2026","rel":"","context":"Similar post","block_context":{"text":"Similar post","link":""},"img":{"alt_text":"","src":"","width":0,"height":0},"classes":[]},{"id":17638,"url":"https:\/\/ruitongs.com\/vi\/cua-hang\/","url_meta":{"origin":57172,"position":4},"title":"C\u1eeda h\u00e0ng","author":"","date":"29\/03\/2025","format":false,"excerpt":"","rel":"","context":"Similar post","block_context":{"text":"Similar post","link":""},"img":{"alt_text":"","src":"","width":0,"height":0},"classes":[]}],"_links":{"self":[{"href":"https:\/\/ruitongs.com\/vi\/wp-json\/wp\/v2\/pages\/57172","targetHints":{"allow":["GET"]}}],"collection":[{"href":"https:\/\/ruitongs.com\/vi\/wp-json\/wp\/v2\/pages"}],"about":[{"href":"https:\/\/ruitongs.com\/vi\/wp-json\/wp\/v2\/types\/page"}],"author":[{"embeddable":true,"href":"https:\/\/ruitongs.com\/vi\/wp-json\/wp\/v2\/users\/259547316"}],"replies":[{"embeddable":true,"href":"https:\/\/ruitongs.com\/vi\/wp-json\/wp\/v2\/comments?post=57172"}],"version-history":[{"count":3,"href":"https:\/\/ruitongs.com\/vi\/wp-json\/wp\/v2\/pages\/57172\/revisions"}],"predecessor-version":[{"id":57176,"href":"https:\/\/ruitongs.com\/vi\/wp-json\/wp\/v2\/pages\/57172\/revisions\/57176"}],"wp:attachment":[{"href":"https:\/\/ruitongs.com\/vi\/wp-json\/wp\/v2\/media?parent=57172"}],"curies":[{"name":"wp","href":"https:\/\/api.w.org\/{rel}","templated":true}]}}