{"id":57177,"date":"2026-02-08T02:44:43","date_gmt":"2026-02-08T02:44:43","guid":{"rendered":"https:\/\/ruitongs.com\/?page_id=57177"},"modified":"2026-05-07T01:04:19","modified_gmt":"2026-05-07T01:04:19","slug":"dich-vu-sourcing-trung-quoc","status":"publish","type":"page","link":"https:\/\/ruitongs.com\/vi\/dai-ly-sourcing-trung-quoc\/dich-vu-sourcing-trung-quoc\/","title":{"rendered":"D\u1ecbch v\u1ee5 c\u1ee7a ch\u00fang t\u00f4i"},"content":{"rendered":"\n<h1 class=\"wp-block-heading\" id=\"h-d\u1ecbch-v\u1ee5-sourcing-trung-qu\u1ed1c-ruitongs\">D\u1ecbch V\u1ee5 Sourcing Trung Qu\u1ed1c \u2014 RUITONGS<\/h1>\n\n\n\n<p>RUITONGS cung c\u1ea5p d\u1ecbch v\u1ee5 sourcing Trung Qu\u1ed1c to\u00e0n di\u1ec7n. Ch\u00fang t\u00f4i h\u1ed7 tr\u1ee3 t\u1eeb ki\u1ec3m to\u00e1n nh\u00e0 cung c\u1ea5p \u0111\u1ebfn qu\u1ea3n l\u00fd mua h\u00e0ng \u0111\u1ea7y \u0111\u1ee7. \u0110\u1ed9i ng\u0169 \u0111\u1ecba ph\u01b0\u01a1ng v\u00e0 gi\u00e1m s\u00e1t t\u1ea1i hi\u1ec7n tr\u01b0\u1eddng gi\u00fap b\u1ea1n nh\u1eadp kh\u1ea9u v\u1edbi \u0111\u1ea7y \u0111\u1ee7 s\u1ef1 t\u1ef1 tin.<\/p>\n\n\n\n<p>[Y\u00eau c\u1ea7u \u0111\u1ec1 xu\u1ea5t d\u1ecbch v\u1ee5 \u0111\u01b0\u1ee3c t\u00f9y ch\u1ec9nh]<\/p>\n\n\n\n<h2 class=\"wp-block-heading\" id=\"h-t\u1ea1i-sao-ch\u1ecdn-d\u1ecbch-v\u1ee5-sourcing-trung-qu\u1ed1c-c\u1ee7a-chung-toi\">T\u1ea1i sao ch\u1ecdn d\u1ecbch v\u1ee5 sourcing Trung Qu\u1ed1c c\u1ee7a ch\u00fang t\u00f4i<\/h2>\n\n\n\n<p>T\u1eeb l\u1ef1a ch\u1ecdn nh\u00e0 cung c\u1ea5p \u0111\u1ebfn gi\u00e1m s\u00e1t x\u1ebfp h\u00e0ng, \u0111\u1ed9i ng\u0169 ch\u00fang t\u00f4i qu\u1ea3n l\u00fd m\u1ecdi giai \u0111o\u1ea1n chu\u1ed7i cung \u1ee9ng c\u1ee7a b\u1ea1n t\u1ea1i Trung Qu\u1ed1c. D\u1ecbch v\u1ee5 sourcing Trung Qu\u1ed1c c\u1ee7a ch\u00fang t\u00f4i bao g\u1ed3m to\u00e0n b\u1ed9 chu k\u1ef3 s\u1ea3n xu\u1ea5t. T\u1eeb li\u00ean h\u1ec7 nh\u00e0 cung c\u1ea5p \u0111\u1ea7u ti\u00ean \u0111\u1ebfn c\u1ea3ng xu\u1ea5t kh\u1ea9u.<\/p>\n\n\n\n<h2 class=\"wp-block-heading\" id=\"h-sourcing-chi\u1ebfn-l\u01b0\u1ee3c-va-qu\u1ea3n-ly-mua-hang-t\u1ea1i-trung-qu\u1ed1c\">Sourcing Chi\u1ebfn l\u01b0\u1ee3c v\u00e0 Qu\u1ea3n l\u00fd Mua h\u00e0ng t\u1ea1i Trung Qu\u1ed1c<\/h2>\n\n\n\n<p>Ch\u00fang t\u00f4i v\u01b0\u1ee3t ra ngo\u00e0i c\u00e1c danh m\u1ee5c tr\u1ef1c tuy\u1ebfn. \u0110\u1ed9i ng\u0169 ch\u00fang t\u00f4i x\u00e1c \u0111\u1ecbnh v\u00e0 \u0111\u00e1nh gi\u00e1 nh\u00e0 s\u1ea3n xu\u1ea5t d\u1ef1a tr\u00ean y\u00eau c\u1ea7u k\u1ef9 thu\u1eadt c\u1ee7a b\u1ea1n. Ti\u00eau chu\u1ea9n ch\u1ea5t l\u01b0\u1ee3ng v\u00e0 m\u1ee5c ti\u00eau chi ph\u00ed c\u0169ng \u0111\u01b0\u1ee3c xem x\u00e9t k\u1ef9 l\u01b0\u1ee1ng. M\u1ed7i nhi\u1ec7m v\u1ee5 mua h\u00e0ng b\u1eaft \u0111\u1ea7u v\u1edbi s\u1ef1 hi\u1ec3u bi\u1ebft ch\u00ednh x\u00e1c v\u1ec1 nhu c\u1ea7u c\u1ee7a b\u1ea1n.<\/p>\n\n\n\n<ul class=\"wp-block-list\">\n<li><strong>X\u00e1c \u0111\u1ecbnh nh\u00e0 cung c\u1ea5p<\/strong> \u2014 Ti\u1ebfp c\u1eadn m\u1ea1ng l\u01b0\u1edbi nh\u00e0 s\u1ea3n xu\u1ea5t tr\u1ef1c ti\u1ebfp \u0111\u00e3 \u0111\u01b0\u1ee3c x\u00e1c minh.<\/li>\n\n\n\n<li><strong>\u0110\u00e0m ph\u00e1n c\u1ea1nh tranh<\/strong> \u2014 Ch\u00fang t\u00f4i \u0111\u00e0m ph\u00e1n gi\u00e1 c\u1ea3 v\u00e0 \u0111i\u1ec1u kho\u1ea3n thanh to\u00e1n (30\/70) thay m\u1eb7t b\u1ea1n.<\/li>\n\n\n\n<li><strong>Ph\u00e1t tri\u1ec3n m\u1eabu<\/strong> \u2014 Ch\u00fang t\u00f4i qu\u1ea3n l\u00fd quy tr\u00ecnh t\u1ea1o m\u1eabu \u0111\u1ebfn khi \u0111\u01b0\u1ee3c ph\u00ea duy\u1ec7t cu\u1ed1i c\u00f9ng.<\/li>\n<\/ul>\n\n\n\n<h2 class=\"wp-block-heading\" id=\"h-ki\u1ec3m-toan-nha-may-va-xac-minh-nha-cung-c\u1ea5p\">Ki\u1ec3m to\u00e1n Nh\u00e0 m\u00e1y v\u00e0 X\u00e1c minh Nh\u00e0 cung c\u1ea5p<\/h2>\n\n\n\n<p>&#8220;Tin t\u01b0\u1edfng, nh\u01b0ng ph\u1ea3i x\u00e1c minh.&#8221; Tr\u01b0\u1edbc b\u1ea5t k\u1ef3 kho\u1ea3n thanh to\u00e1n n\u00e0o, ch\u00fang t\u00f4i ti\u1ebfn h\u00e0nh ki\u1ec3m tra th\u1ef1c t\u1ebf k\u1ef9 l\u01b0\u1ee1ng. \u0110\u00e2y l\u00e0 n\u1ec1n t\u1ea3ng c\u1ee7a d\u1ecbch v\u1ee5 sourcing Trung Qu\u1ed1c ch\u00fang t\u00f4i. Vi\u1ec7c x\u00e1c minh n\u00e0y x\u00e1c nh\u1eadn \u0111\u1ed9 tin c\u1eady ho\u1ea1t \u0111\u1ed9ng c\u1ee7a nh\u00e0 cung c\u1ea5p tr\u01b0\u1edbc b\u1ea5t k\u1ef3 cam k\u1ebft t\u00e0i ch\u00ednh n\u00e0o.<\/p>\n\n\n\n<ul class=\"wp-block-list\">\n<li><strong>T\u00ednh h\u1ee3p ph\u00e1p<\/strong> \u2014 Gi\u1ea5y ph\u00e9p kinh doanh, quy\u1ec1n xu\u1ea5t kh\u1ea9u v\u00e0 c\u1ea5u tr\u00fac ph\u00e1p l\u00fd.<\/li>\n\n\n\n<li><strong>N\u0103ng l\u1ef1c<\/strong> \u2014 T\u00ecnh tr\u1ea1ng m\u00e1y m\u00f3c, quy m\u00f4 \u0111\u1ed9i ng\u0169 v\u00e0 hi\u1ec7u qu\u1ea3 s\u1ea3n xu\u1ea5t.<\/li>\n\n\n\n<li><strong>Tu\u00e2n th\u1ee7<\/strong> \u2014 Ch\u1ee9ng nh\u1eadn ISO, BSCI \/ Sedex v\u00e0 ti\u00eau chu\u1ea9n m\u00f4i tr\u01b0\u1eddng.<\/li>\n<\/ul>\n\n\n\n<h2 class=\"wp-block-heading\" id=\"h-ki\u1ec3m-tra-ch\u1ea5t-l\u01b0\u1ee3ng-trong-d\u1ecbch-v\u1ee5-sourcing-trung-qu\u1ed1c\">Ki\u1ec3m tra Ch\u1ea5t l\u01b0\u1ee3ng trong D\u1ecbch v\u1ee5 Sourcing Trung Qu\u1ed1c<\/h2>\n\n\n\n<p>C\u00e1c cu\u1ed9c ki\u1ec3m tra c\u1ee7a ch\u00fang t\u00f4i tu\u00e2n theo ti\u00eau chu\u1ea9n qu\u1ed1c t\u1ebf AQL 2.5 \/ 4.0. M\u1ee5c ti\u00eau l\u00e0 ph\u00e1t hi\u1ec7n l\u1ed7i tr\u01b0\u1edbc khi giao h\u00e0ng. D\u1ecbch v\u1ee5 n\u00e0y l\u00e0 m\u1ed9t ph\u1ea7n kh\u00f4ng th\u1ec3 thi\u1ebfu trong gi\u1ea3i ph\u00e1p mua h\u00e0ng t\u1ea1i Trung Qu\u1ed1c c\u1ee7a ch\u00fang t\u00f4i. Ch\u00fang t\u00f4i \u0111\u00f3ng vai tr\u00f2 l\u00e0 b\u1ed9 l\u1ecdc ch\u1ea5t l\u01b0\u1ee3ng cu\u1ed1i c\u00f9ng tr\u01b0\u1edbc khi h\u00e0ng h\u00f3a r\u1eddi nh\u00e0 m\u00e1y.<\/p>\n\n\n\n<ul class=\"wp-block-list\">\n<li>Ki\u1ec3m tra tr\u01b0\u1edbc s\u1ea3n xu\u1ea5t (PPI)<\/li>\n\n\n\n<li>Ki\u1ec3m tra trong qu\u00e1 tr\u00ecnh s\u1ea3n xu\u1ea5t (DUPRO)<\/li>\n\n\n\n<li>Ki\u1ec3m tra tr\u01b0\u1edbc khi giao h\u00e0ng (PSI)<\/li>\n<\/ul>\n\n\n\n<p><strong>B\u00e1o c\u00e1o<\/strong> \u2014 B\u00e1o c\u00e1o k\u1ef9 thu\u1eadt s\u1ed1 \u0111\u1ea7y \u0111\u1ee7 v\u1edbi \u1ea3nh v\u00e0 video trong v\u00f2ng 24 gi\u1edd.<\/p>\n\n\n\n<h2 class=\"wp-block-heading\" id=\"h-giam-sat-x\u1ebfp-hang-va-ph\u1ed1i-h\u1ee3p-xu\u1ea5t-kh\u1ea9u\">Gi\u00e1m s\u00e1t X\u1ebfp h\u00e0ng v\u00e0 Ph\u1ed1i h\u1ee3p Xu\u1ea5t kh\u1ea9u<\/h2>\n\n\n\n<p>\u0110\u00e2y l\u00e0 giai \u0111o\u1ea1n cu\u1ed1i c\u00f9ng c\u1ee7a d\u1ecbch v\u1ee5 sourcing Trung Qu\u1ed1c ch\u00fang t\u00f4i. Ch\u00fang t\u00f4i \u0111\u1ea3m b\u1ea3o x\u1ebfp h\u00e0ng \u0111\u00fang c\u00e1ch v\u00e0 ng\u0103n ng\u1eeba h\u01b0 h\u1ecfng. Vi\u1ec7c ni\u00eam phong ph\u00f9 h\u1ee3p \u0111\u01b0\u1ee3c th\u1ef1c hi\u1ec7n tr\u01b0\u1edbc khi giao h\u00e0ng. Ch\u00fang t\u00f4i \u0111\u1ea3m b\u1ea3o b\u1ea3o v\u1ec7 to\u00e0n di\u1ec7n chu\u1ed7i cung \u1ee9ng c\u1ee7a b\u1ea1n cho \u0111\u1ebfn khi kh\u1edfi h\u00e0nh t\u1eeb c\u1ea3ng.<\/p>\n\n\n\n<ul class=\"wp-block-list\">\n<li>X\u00e1c minh s\u1ed1 l\u01b0\u1ee3ng theo danh s\u00e1ch \u0111\u00f3ng g\u00f3i<\/li>\n\n\n\n<li>Ki\u1ec3m tra t\u00ecnh tr\u1ea1ng container<\/li>\n\n\n\n<li>Ph\u1ed1i h\u1ee3p ch\u1ee9ng t\u1eeb xu\u1ea5t kh\u1ea9u<\/li>\n<\/ul>\n\n\n\n<h2 class=\"wp-block-heading\" id=\"h-cac-nganh-chung-toi-ph\u1ee5c-v\u1ee5\">C\u00e1c ng\u00e0nh ch\u00fang t\u00f4i ph\u1ee5c v\u1ee5<\/h2>\n\n\n\n<p>D\u1ecbch v\u1ee5 sourcing Trung Qu\u1ed1c c\u1ee7a ch\u00fang t\u00f4i bao g\u1ed3m h\u00e0ng ti\u00eau d\u00f9ng v\u00e0 n\u1ed9i th\u1ea5t. Ch\u00fang t\u00f4i c\u0169ng h\u1ed7 tr\u1ee3 linh ki\u1ec7n c\u00f4ng nghi\u1ec7p v\u00e0 v\u1eadt li\u1ec7u x\u00e2y d\u1ef1ng. C\u00e1c d\u1ef1 \u00e1n OEM ho\u1eb7c theo y\u00eau c\u1ea7u c\u0169ng n\u1eb1m trong ph\u1ea1m vi d\u1ecbch v\u1ee5 c\u1ee7a ch\u00fang t\u00f4i. N\u1ebfu s\u1ea3n ph\u1ea9m c\u1ee7a b\u1ea1n \u0111\u01b0\u1ee3c s\u1ea3n xu\u1ea5t t\u1ea1i Trung Qu\u1ed1c, ch\u00fang t\u00f4i c\u00f3 th\u1ec3 h\u1ed7 tr\u1ee3 qu\u00e1 tr\u00ecnh mua h\u00e0ng c\u1ee7a b\u1ea1n.<\/p>\n\n\n\n<h2 class=\"wp-block-heading\" id=\"h-s\u1eb5n-sang-t\u1ed1i-\u01b0u-hoa-vi\u1ec7c-sourcing-t\u1ea1i-trung-qu\u1ed1c-c\u1ee7a-b\u1ea1n\">S\u1eb5n s\u00e0ng t\u1ed1i \u01b0u h\u00f3a vi\u1ec7c sourcing t\u1ea1i Trung Qu\u1ed1c c\u1ee7a b\u1ea1n?<\/h2>\n\n\n\n<p>H\u00e3y ng\u1eebng qu\u1ea3n l\u00fd r\u1ee7i ro t\u1eeb xa. RUITONGS l\u00e0 m\u1eaft v\u00e0 tai c\u1ee7a b\u1ea1n t\u1ea1i Trung Qu\u1ed1c. D\u1ecbch v\u1ee5 sourcing Trung Qu\u1ed1c c\u1ee7a ch\u00fang t\u00f4i \u0111\u01b0\u1ee3c thi\u1ebft k\u1ebf \u0111\u1ec3 cung c\u1ea5p cho b\u1ea1n kh\u1ea3 n\u0103ng hi\u1ec3n th\u1ecb \u0111\u1ea7y \u0111\u1ee7 v\u00e0 ki\u1ec3m so\u00e1t ho\u00e0n to\u00e0n chu\u1ed7i cung \u1ee9ng c\u1ee7a b\u1ea1n.<\/p>\n\n\n\n<p>\u0110\u1ec3 bi\u1ebft th\u00eam th\u00f4ng tin v\u1ec1 th\u01b0\u01a1ng m\u1ea1i qu\u1ed1c t\u1ebf, h\u00e3y truy c\u1eadp <a href=\"https:\/\/www.wto.org\/indexsp.htm\">T\u1ed5 ch\u1ee9c Th\u01b0\u01a1ng m\u1ea1i Th\u1ebf gi\u1edbi<\/a><\/p>\n\n\n\n<p>\ud83d\udc49 <a href=\"https:\/\/ruitongs.com\/dai-ly-sourcing-trung-quoc\/\">\u0110\u1ea1i l\u00fd Sourcing Trung Qu\u1ed1c<\/a> \ud83d\udc49 <a href=\"https:\/\/ruitongs.com\/contact-ruitongs\/\">Li\u00ean h\u1ec7 RUITONGS<\/a><\/p>\n\n\n\n<p>[Li\u00ean h\u1ec7 RUITONGS \u0111\u1ec3 th\u1ea3o lu\u1eadn v\u1ec1 d\u1ef1 \u00e1n c\u1ee7a b\u1ea1n]<\/p>\n","protected":false},"excerpt":{"rendered":"<p>D\u1ecbch V\u1ee5 Sourcing Trung Qu\u1ed1c \u2014 RUITONGS RUITONGS cung c\u1ea5p d\u1ecbch v\u1ee5 sourcing Trung Qu\u1ed1c to\u00e0n di\u1ec7n. Ch\u00fang t\u00f4i h\u1ed7 [&hellip;]<\/p>\n","protected":false},"author":259547316,"featured_media":0,"parent":57172,"menu_order":0,"comment_status":"closed","ping_status":"closed","template":"","meta":{"_acf_changed":false,"site-sidebar-layout":"no-sidebar","site-content-layout":"","ast-site-content-layout":"narrow-width-container","site-content-style":"boxed","site-sidebar-style":"default","ast-global-header-display":"","ast-banner-title-visibility":"","ast-main-header-display":"","ast-hfb-above-header-display":"","ast-hfb-below-header-display":"","ast-hfb-mobile-header-display":"","site-post-title":"","ast-breadcrumbs-content":"","ast-featured-img":"","footer-sml-layout":"","ast-disable-related-posts":"","theme-transparent-header-meta":"","adv-header-id-meta":"","stick-header-meta":"","header-above-stick-meta":"","header-main-stick-meta":"","header-below-stick-meta":"","astra-migrate-meta-layouts":"default","ast-page-background-enabled":"default","ast-page-background-meta":{"desktop":{"background-color":"var(--ast-global-color-5)","background-image":"","background-repeat":"repeat","background-position":"center center","background-size":"auto","background-attachment":"scroll","background-type":"","background-media":"","overlay-type":"","overlay-color":"","overlay-opacity":"","overlay-gradient":""},"tablet":{"background-color":"","background-image":"","background-repeat":"repeat","background-position":"center center","background-size":"auto","background-attachment":"scroll","background-type":"","background-media":"","overlay-type":"","overlay-color":"","overlay-opacity":"","overlay-gradient":""},"mobile":{"background-color":"","background-image":"","background-repeat":"repeat","background-position":"center center","background-size":"auto","background-attachment":"scroll","background-type":"","background-media":"","overlay-type":"","overlay-color":"","overlay-opacity":"","overlay-gradient":""}},"ast-content-background-meta":{"desktop":{"background-color":"var(--ast-global-color-4)","background-image":"","background-repeat":"repeat","background-position":"center center","background-size":"auto","background-attachment":"scroll","background-type":"","background-media":"","overlay-type":"","overlay-color":"","overlay-opacity":"","overlay-gradient":""},"tablet":{"background-color":"var(--ast-global-color-4)","background-image":"","background-repeat":"repeat","background-position":"center center","background-size":"auto","background-attachment":"scroll","background-type":"","background-media":"","overlay-type":"","overlay-color":"","overlay-opacity":"","overlay-gradient":""},"mobile":{"background-color":"var(--ast-global-color-4)","background-image":"","background-repeat":"repeat","background-position":"center center","background-size":"auto","background-attachment":"scroll","background-type":"","background-media":"","overlay-type":"","overlay-color":"","overlay-opacity":"","overlay-gradient":""}},"_cloudinary_featured_overwrite":false,"footnotes":""},"class_list":["post-57177","page","type-page","status-publish","hentry"],"acf":[],"yoast_head":"<!-- This site is optimized with the Yoast SEO Premium plugin v27.5 (Yoast SEO v27.6) - https:\/\/yoast.com\/product\/yoast-seo-premium-wordpress\/ -->\n<title>D\u1ecbch V\u1ee5 Sourcing Trung Qu\u1ed1c | RUITONGS<\/title>\n<meta name=\"description\" content=\"RUITONGS cung c\u1ea5p d\u1ecbch v\u1ee5 sourcing Trung Qu\u1ed1c to\u00e0n di\u1ec7n: ki\u1ec3m to\u00e1n nh\u00e0 m\u00e1y, ki\u1ec3m tra ch\u1ea5t l\u01b0\u1ee3ng v\u00e0 h\u1ed7 tr\u1ee3 xu\u1ea5t kh\u1ea9u. Nh\u1eadp kh\u1ea9u an to\u00e0n c\u00f9ng ch\u00fang t\u00f4i.\" \/>\n<meta name=\"robots\" content=\"index, follow, max-snippet:-1, max-image-preview:large, max-video-preview:-1\" \/>\n<link rel=\"canonical\" href=\"https:\/\/ruitongs.com\/vi\/dai-ly-sourcing-trung-quoc\/dich-vu-sourcing-trung-quoc\/\" \/>\n<meta property=\"og:locale\" content=\"vi_VN\" \/>\n<meta property=\"og:type\" content=\"article\" \/>\n<meta property=\"og:title\" content=\"D\u1ecbch v\u1ee5 c\u1ee7a ch\u00fang t\u00f4i\" \/>\n<meta property=\"og:description\" content=\"RUITONGS cung c\u1ea5p d\u1ecbch v\u1ee5 sourcing Trung Qu\u1ed1c to\u00e0n di\u1ec7n: ki\u1ec3m to\u00e1n nh\u00e0 m\u00e1y, ki\u1ec3m tra ch\u1ea5t l\u01b0\u1ee3ng v\u00e0 h\u1ed7 tr\u1ee3 xu\u1ea5t kh\u1ea9u. Nh\u1eadp kh\u1ea9u an to\u00e0n c\u00f9ng ch\u00fang t\u00f4i.\" \/>\n<meta property=\"og:url\" content=\"https:\/\/ruitongs.com\/vi\/dai-ly-sourcing-trung-quoc\/dich-vu-sourcing-trung-quoc\/\" \/>\n<meta property=\"og:site_name\" content=\"RUITONGS\" \/>\n<meta property=\"article:modified_time\" content=\"2026-05-07T01:04:19+00:00\" \/>\n<meta name=\"twitter:card\" content=\"summary_large_image\" \/>\n<meta name=\"twitter:label1\" content=\"Est. reading time\" \/>\n\t<meta name=\"twitter:data1\" content=\"5 minutes\" \/>\n<script type=\"application\/ld+json\" class=\"yoast-schema-graph\">{\"@context\":\"https:\\\/\\\/schema.org\",\"@graph\":[{\"@type\":\"WebPage\",\"@id\":\"https:\\\/\\\/ruitongs.com\\\/vi\\\/dai-ly-sourcing-trung-quoc\\\/dich-vu-sourcing-trung-quoc\\\/\",\"url\":\"https:\\\/\\\/ruitongs.com\\\/vi\\\/dai-ly-sourcing-trung-quoc\\\/dich-vu-sourcing-trung-quoc\\\/\",\"name\":\"D\u1ecbch V\u1ee5 Sourcing Trung Qu\u1ed1c | RUITONGS\",\"isPartOf\":{\"@id\":\"https:\\\/\\\/ruitongs.com\\\/vi\\\/#website\"},\"datePublished\":\"2026-02-08T02:44:43+00:00\",\"dateModified\":\"2026-05-07T01:04:19+00:00\",\"description\":\"RUITONGS cung c\u1ea5p d\u1ecbch v\u1ee5 sourcing Trung Qu\u1ed1c to\u00e0n di\u1ec7n: ki\u1ec3m to\u00e1n nh\u00e0 m\u00e1y, ki\u1ec3m tra ch\u1ea5t l\u01b0\u1ee3ng v\u00e0 h\u1ed7 tr\u1ee3 xu\u1ea5t kh\u1ea9u. Nh\u1eadp kh\u1ea9u an to\u00e0n c\u00f9ng ch\u00fang t\u00f4i.\",\"breadcrumb\":{\"@id\":\"https:\\\/\\\/ruitongs.com\\\/vi\\\/dai-ly-sourcing-trung-quoc\\\/dich-vu-sourcing-trung-quoc\\\/#breadcrumb\"},\"inLanguage\":\"vi-VN\",\"potentialAction\":[{\"@type\":\"ReadAction\",\"target\":[\"https:\\\/\\\/ruitongs.com\\\/vi\\\/dai-ly-sourcing-trung-quoc\\\/dich-vu-sourcing-trung-quoc\\\/\"]}]},{\"@type\":\"BreadcrumbList\",\"@id\":\"https:\\\/\\\/ruitongs.com\\\/vi\\\/dai-ly-sourcing-trung-quoc\\\/dich-vu-sourcing-trung-quoc\\\/#breadcrumb\",\"itemListElement\":[{\"@type\":\"ListItem\",\"position\":1,\"name\":\"Home\",\"item\":\"https:\\\/\\\/ruitongs.com\\\/vi\\\/dai-ly-sourcing-trung-quoc\\\/\"},{\"@type\":\"ListItem\",\"position\":2,\"name\":\"Trang ch\u1ee7\u00a0\",\"item\":\"https:\\\/\\\/ruitongs.com\\\/vi\\\/dai-ly-sourcing-trung-quoc\\\/\"},{\"@type\":\"ListItem\",\"position\":3,\"name\":\"D\u1ecbch v\u1ee5 c\u1ee7a ch\u00fang t\u00f4i\"}]},{\"@type\":\"WebSite\",\"@id\":\"https:\\\/\\\/ruitongs.com\\\/vi\\\/#website\",\"url\":\"https:\\\/\\\/ruitongs.com\\\/vi\\\/\",\"name\":\"RUITONGS\",\"description\":\"RUITONGS \u2013 China&#039;s Premier Kitchenware Supplier\",\"publisher\":{\"@id\":\"https:\\\/\\\/ruitongs.com\\\/vi\\\/#organization\"},\"potentialAction\":[{\"@type\":\"SearchAction\",\"target\":{\"@type\":\"EntryPoint\",\"urlTemplate\":\"https:\\\/\\\/ruitongs.com\\\/vi\\\/?s={search_term_string}\"},\"query-input\":{\"@type\":\"PropertyValueSpecification\",\"valueRequired\":true,\"valueName\":\"search_term_string\"}}],\"inLanguage\":\"vi-VN\"},{\"@type\":[\"Organization\",\"Place\"],\"@id\":\"https:\\\/\\\/ruitongs.com\\\/vi\\\/#organization\",\"name\":\"RUITONGS\",\"url\":\"https:\\\/\\\/ruitongs.com\\\/vi\\\/\",\"logo\":{\"@id\":\"https:\\\/\\\/ruitongs.com\\\/vi\\\/dai-ly-sourcing-trung-quoc\\\/dich-vu-sourcing-trung-quoc\\\/#local-main-organization-logo\"},\"image\":{\"@id\":\"https:\\\/\\\/ruitongs.com\\\/vi\\\/dai-ly-sourcing-trung-quoc\\\/dich-vu-sourcing-trung-quoc\\\/#local-main-organization-logo\"},\"description\":\"RUITONGS is a China-based professional sourcing agent offering one-stop sourcing, inspection, and export services for global buyers.\",\"telephone\":[],\"openingHoursSpecification\":[{\"@type\":\"OpeningHoursSpecification\",\"dayOfWeek\":[\"Sunday\",\"Monday\",\"Tuesday\",\"Wednesday\",\"Thursday\",\"Friday\",\"Saturday\"],\"opens\":\"09:00\",\"closes\":\"17:00\"}]},{\"@type\":\"ImageObject\",\"inLanguage\":\"vi-VN\",\"@id\":\"https:\\\/\\\/ruitongs.com\\\/vi\\\/dai-ly-sourcing-trung-quoc\\\/dich-vu-sourcing-trung-quoc\\\/#local-main-organization-logo\",\"url\":\"https:\\\/\\\/ruitongs.com\\\/wp-content\\\/uploads\\\/2026\\\/02\\\/ruitongs-logo.png\",\"contentUrl\":\"https:\\\/\\\/ruitongs.com\\\/wp-content\\\/uploads\\\/2026\\\/02\\\/ruitongs-logo.png\",\"width\":696,\"height\":696,\"caption\":\"RUITONGS\"}]}<\/script>\n<!-- \/ Yoast SEO Premium plugin. -->","yoast_head_json":{"title":"D\u1ecbch V\u1ee5 Sourcing Trung Qu\u1ed1c | RUITONGS","description":"RUITONGS cung c\u1ea5p d\u1ecbch v\u1ee5 sourcing Trung Qu\u1ed1c to\u00e0n di\u1ec7n: ki\u1ec3m to\u00e1n nh\u00e0 m\u00e1y, ki\u1ec3m tra ch\u1ea5t l\u01b0\u1ee3ng v\u00e0 h\u1ed7 tr\u1ee3 xu\u1ea5t kh\u1ea9u. Nh\u1eadp kh\u1ea9u an to\u00e0n c\u00f9ng ch\u00fang t\u00f4i.","robots":{"index":"index","follow":"follow","max-snippet":"max-snippet:-1","max-image-preview":"max-image-preview:large","max-video-preview":"max-video-preview:-1"},"canonical":"https:\/\/ruitongs.com\/vi\/dai-ly-sourcing-trung-quoc\/dich-vu-sourcing-trung-quoc\/","og_locale":"vi_VN","og_type":"article","og_title":"D\u1ecbch v\u1ee5 c\u1ee7a ch\u00fang t\u00f4i","og_description":"RUITONGS cung c\u1ea5p d\u1ecbch v\u1ee5 sourcing Trung Qu\u1ed1c to\u00e0n di\u1ec7n: ki\u1ec3m to\u00e1n nh\u00e0 m\u00e1y, ki\u1ec3m tra ch\u1ea5t l\u01b0\u1ee3ng v\u00e0 h\u1ed7 tr\u1ee3 xu\u1ea5t kh\u1ea9u. Nh\u1eadp kh\u1ea9u an to\u00e0n c\u00f9ng ch\u00fang t\u00f4i.","og_url":"https:\/\/ruitongs.com\/vi\/dai-ly-sourcing-trung-quoc\/dich-vu-sourcing-trung-quoc\/","og_site_name":"RUITONGS","article_modified_time":"2026-05-07T01:04:19+00:00","twitter_card":"summary_large_image","twitter_misc":{"Est. reading time":"5 minutes"},"schema":{"@context":"https:\/\/schema.org","@graph":[{"@type":"WebPage","@id":"https:\/\/ruitongs.com\/vi\/dai-ly-sourcing-trung-quoc\/dich-vu-sourcing-trung-quoc\/","url":"https:\/\/ruitongs.com\/vi\/dai-ly-sourcing-trung-quoc\/dich-vu-sourcing-trung-quoc\/","name":"D\u1ecbch V\u1ee5 Sourcing Trung Qu\u1ed1c | RUITONGS","isPartOf":{"@id":"https:\/\/ruitongs.com\/vi\/#website"},"datePublished":"2026-02-08T02:44:43+00:00","dateModified":"2026-05-07T01:04:19+00:00","description":"RUITONGS cung c\u1ea5p d\u1ecbch v\u1ee5 sourcing Trung Qu\u1ed1c to\u00e0n di\u1ec7n: ki\u1ec3m to\u00e1n nh\u00e0 m\u00e1y, ki\u1ec3m tra ch\u1ea5t l\u01b0\u1ee3ng v\u00e0 h\u1ed7 tr\u1ee3 xu\u1ea5t kh\u1ea9u. Nh\u1eadp kh\u1ea9u an to\u00e0n c\u00f9ng ch\u00fang t\u00f4i.","breadcrumb":{"@id":"https:\/\/ruitongs.com\/vi\/dai-ly-sourcing-trung-quoc\/dich-vu-sourcing-trung-quoc\/#breadcrumb"},"inLanguage":"vi-VN","potentialAction":[{"@type":"ReadAction","target":["https:\/\/ruitongs.com\/vi\/dai-ly-sourcing-trung-quoc\/dich-vu-sourcing-trung-quoc\/"]}]},{"@type":"BreadcrumbList","@id":"https:\/\/ruitongs.com\/vi\/dai-ly-sourcing-trung-quoc\/dich-vu-sourcing-trung-quoc\/#breadcrumb","itemListElement":[{"@type":"ListItem","position":1,"name":"Home","item":"https:\/\/ruitongs.com\/vi\/dai-ly-sourcing-trung-quoc\/"},{"@type":"ListItem","position":2,"name":"Trang ch\u1ee7\u00a0","item":"https:\/\/ruitongs.com\/vi\/dai-ly-sourcing-trung-quoc\/"},{"@type":"ListItem","position":3,"name":"D\u1ecbch v\u1ee5 c\u1ee7a ch\u00fang t\u00f4i"}]},{"@type":"WebSite","@id":"https:\/\/ruitongs.com\/vi\/#website","url":"https:\/\/ruitongs.com\/vi\/","name":"RUITONGS","description":"RUITONGS \u2013 China&#039;s Premier Kitchenware Supplier","publisher":{"@id":"https:\/\/ruitongs.com\/vi\/#organization"},"potentialAction":[{"@type":"SearchAction","target":{"@type":"EntryPoint","urlTemplate":"https:\/\/ruitongs.com\/vi\/?s={search_term_string}"},"query-input":{"@type":"PropertyValueSpecification","valueRequired":true,"valueName":"search_term_string"}}],"inLanguage":"vi-VN"},{"@type":["Organization","Place"],"@id":"https:\/\/ruitongs.com\/vi\/#organization","name":"RUITONGS","url":"https:\/\/ruitongs.com\/vi\/","logo":{"@id":"https:\/\/ruitongs.com\/vi\/dai-ly-sourcing-trung-quoc\/dich-vu-sourcing-trung-quoc\/#local-main-organization-logo"},"image":{"@id":"https:\/\/ruitongs.com\/vi\/dai-ly-sourcing-trung-quoc\/dich-vu-sourcing-trung-quoc\/#local-main-organization-logo"},"description":"RUITONGS is a China-based professional sourcing agent offering one-stop sourcing, inspection, and export services for global buyers.","telephone":[],"openingHoursSpecification":[{"@type":"OpeningHoursSpecification","dayOfWeek":["Sunday","Monday","Tuesday","Wednesday","Thursday","Friday","Saturday"],"opens":"09:00","closes":"17:00"}]},{"@type":"ImageObject","inLanguage":"vi-VN","@id":"https:\/\/ruitongs.com\/vi\/dai-ly-sourcing-trung-quoc\/dich-vu-sourcing-trung-quoc\/#local-main-organization-logo","url":"https:\/\/ruitongs.com\/wp-content\/uploads\/2026\/02\/ruitongs-logo.png","contentUrl":"https:\/\/ruitongs.com\/wp-content\/uploads\/2026\/02\/ruitongs-logo.png","width":696,"height":696,"caption":"RUITONGS"}]}},"jetpack_likes_enabled":false,"jetpack_sharing_enabled":false,"jetpack_shortlink":"https:\/\/wp.me\/Pgestk-eSd","jetpack-related-posts":[{"id":57172,"url":"https:\/\/ruitongs.com\/vi\/","url_meta":{"origin":57177,"position":0},"title":"Trang ch\u1ee7\u00a0","author":"Ruitongs","date":"06\/02\/2026","format":false,"excerpt":"\u0110\u1ea1i L\u00fd Sourcing Trung Qu\u1ed1c \u2014 RUITONGS RUITONGS l\u00e0 \u0111\u1ea1i l\u00fd sourcing Trung Qu\u1ed1c \u0111\u00e1ng tin c\u1eady c\u1ee7a b\u1ea1n. Ch\u00fang t\u00f4i cung c\u1ea5p h\u1ed7 tr\u1ee3 to\u00e0n di\u1ec7n trong x\u00e1c minh nh\u00e0 cung c\u1ea5p, ki\u1ec3m tra ch\u1ea5t l\u01b0\u1ee3ng v\u00e0 ph\u1ed1i h\u1ee3p xu\u1ea5t kh\u1ea9u. Ng\u01b0\u1eddi mua to\u00e0n c\u1ea7u nh\u1eadp kh\u1ea9u v\u1edbi \u0111\u1ea7y\u2026","rel":"","context":"Similar post","block_context":{"text":"Similar post","link":""},"img":{"alt_text":"","src":"","width":0,"height":0},"classes":[]},{"id":57183,"url":"https:\/\/ruitongs.com\/vi\/dai-ly-sourcing-trung-quoc\/lien-he-dai-ly-sourcing-trung-quoc\/","url_meta":{"origin":57177,"position":1},"title":"Li\u00ean h\u1ec7","author":"Ruitongs","date":"08\/02\/2026","format":false,"excerpt":"Li\u00ean H\u1ec7 \u0110\u1ea1i L\u00fd Sourcing Trung Qu\u1ed1c \u2014 RUITONGS Li\u00ean h\u1ec7 RUITONGS \u2014 \u0111\u1ea1i l\u00fd sourcing Trung Qu\u1ed1c \u0111\u1ed9c l\u1eadp c\u1ee7a b\u1ea1n. Ch\u00fang t\u00f4i ho\u1ea1t \u0111\u1ed9ng tr\u1ef1c ti\u1ebfp t\u1ea1i hi\u1ec7n tr\u01b0\u1eddng. Ch\u00fang t\u00f4i s\u1eb5n s\u00e0ng h\u1ed7 tr\u1ee3 ki\u1ec3m tra ch\u1ea5t l\u01b0\u1ee3ng, ki\u1ec3m to\u00e1n nh\u00e0 m\u00e1y, h\u1ed7 tr\u1ee3 sourcing v\u00e0 ph\u1ed1i\u2026","rel":"","context":"Similar post","block_context":{"text":"Similar post","link":""},"img":{"alt_text":"","src":"","width":0,"height":0},"classes":[]},{"id":17811,"url":"https:\/\/ruitongs.com\/vi\/trang-chu\/","url_meta":{"origin":57177,"position":2},"title":"Trang ch\u1ee7","author":"Ruitongs","date":"13\/05\/2025","format":false,"excerpt":"\u0110\u1ed3 n\u1ea5u n\u01b0\u1edbng N\u00e2ng t\u1ea7m c\u0103n b\u1ebfp c\u1ee7a b\u1ea1n v\u1edbi \u0111\u1ed3 n\u1ea5u n\u01b0\u1edbng chuy\u00ean nghi\u1ec7p \u2013 B\u1ec1n, \u0111\u00e1ng tin c\u1eady, s\u1eb5n s\u00e0ng cho nh\u00e0 h\u00e0ng! \u0110\u1ed3 d\u00f9ng nh\u00e0 b\u1ebfp C\u1eaft, th\u00e1i v\u00e0 chu\u1ea9n b\u1ecb ch\u00ednh x\u00e1c \u2013 Dao nh\u00e0 b\u1ebfp chuy\u00ean nghi\u1ec7p cho nh\u00e0 h\u00e0ng th\u01b0\u01a1ng m\u1ea1i c\u1ee7a b\u1ea1n! \u0110\u1ed3\u2026","rel":"","context":"Similar post","block_context":{"text":"Similar post","link":""},"img":{"alt_text":"","src":"","width":0,"height":0},"classes":[]},{"id":17842,"url":"https:\/\/ruitongs.com\/vi\/do-nau-nuong\/","url_meta":{"origin":57177,"position":3},"title":"\u0110\u1ed3 n\u1ea5u n\u01b0\u1edbng","author":"Ruitongs","date":"15\/05\/2025","format":false,"excerpt":"Ch\u1ea3o r\u00e1n B\u1ec1n, Kh\u00f4ng d\u00ednh, S\u1eb5n s\u00e0ng \u2013 Ng\u01b0\u1eddi b\u1ea1n \u0111\u1ed3ng h\u00e0nh thi\u1ebft y\u1ebfu trong b\u1ebfp nh\u00e0 b\u1ea1n. Ch\u1ea3o \u0111\u1ef1ng n\u01b0\u1edbc s\u1ed1t \u0110\u1ebf r\u1ed9ng, k\u1ebft qu\u1ea3 ch\u00ednh x\u00e1c \u2013 L\u00fd t\u01b0\u1edfng cho c\u00e1c lo\u1ea1i n\u01b0\u1edbc s\u1ed1t v\u00e0 n\u01b0\u1edbc th\u1ecbt \u0111\u1eadm \u0111\u00e0. N\u1ed3i h\u1ea7m T\u1eeb \u00e1p ch\u1ea3o \u0111\u1ebfn ninh nh\u1ecf l\u1eeda\u2026","rel":"","context":"Similar post","block_context":{"text":"Similar post","link":""},"img":{"alt_text":"","src":"","width":0,"height":0},"classes":[]}],"_links":{"self":[{"href":"https:\/\/ruitongs.com\/vi\/wp-json\/wp\/v2\/pages\/57177","targetHints":{"allow":["GET"]}}],"collection":[{"href":"https:\/\/ruitongs.com\/vi\/wp-json\/wp\/v2\/pages"}],"about":[{"href":"https:\/\/ruitongs.com\/vi\/wp-json\/wp\/v2\/types\/page"}],"author":[{"embeddable":true,"href":"https:\/\/ruitongs.com\/vi\/wp-json\/wp\/v2\/users\/259547316"}],"replies":[{"embeddable":true,"href":"https:\/\/ruitongs.com\/vi\/wp-json\/wp\/v2\/comments?post=57177"}],"version-history":[{"count":3,"href":"https:\/\/ruitongs.com\/vi\/wp-json\/wp\/v2\/pages\/57177\/revisions"}],"predecessor-version":[{"id":57182,"href":"https:\/\/ruitongs.com\/vi\/wp-json\/wp\/v2\/pages\/57177\/revisions\/57182"}],"up":[{"embeddable":true,"href":"https:\/\/ruitongs.com\/vi\/wp-json\/wp\/v2\/pages\/57172"}],"wp:attachment":[{"href":"https:\/\/ruitongs.com\/vi\/wp-json\/wp\/v2\/media?parent=57177"}],"curies":[{"name":"wp","href":"https:\/\/api.w.org\/{rel}","templated":true}]}}