{"id":57183,"date":"2026-02-08T07:15:44","date_gmt":"2026-02-08T07:15:44","guid":{"rendered":"https:\/\/ruitongs.com\/dai-ly-sourcing-trung-quoc\/contact-ruitongs\/"},"modified":"2026-05-07T01:15:04","modified_gmt":"2026-05-07T01:15:04","slug":"lien-he-dai-ly-sourcing-trung-quoc","status":"publish","type":"page","link":"https:\/\/ruitongs.com\/vi\/dai-ly-sourcing-trung-quoc\/lien-he-dai-ly-sourcing-trung-quoc\/","title":{"rendered":"Li\u00ean h\u1ec7"},"content":{"rendered":"\n<h1 class=\"wp-block-heading\" id=\"h-lien-h\u1ec7-d\u1ea1i-ly-sourcing-trung-qu\u1ed1c-ruitongs\">Li\u00ean H\u1ec7 \u0110\u1ea1i L\u00fd Sourcing Trung Qu\u1ed1c \u2014 RUITONGS<\/h1>\n\n\n\n<p>Li\u00ean h\u1ec7 RUITONGS \u2014 \u0111\u1ea1i l\u00fd sourcing Trung Qu\u1ed1c \u0111\u1ed9c l\u1eadp c\u1ee7a b\u1ea1n. Ch\u00fang t\u00f4i ho\u1ea1t \u0111\u1ed9ng tr\u1ef1c ti\u1ebfp t\u1ea1i hi\u1ec7n tr\u01b0\u1eddng. Ch\u00fang t\u00f4i s\u1eb5n s\u00e0ng h\u1ed7 tr\u1ee3 ki\u1ec3m tra ch\u1ea5t l\u01b0\u1ee3ng, ki\u1ec3m to\u00e1n nh\u00e0 m\u00e1y, h\u1ed7 tr\u1ee3 sourcing v\u00e0 ph\u1ed1i h\u1ee3p xu\u1ea5t kh\u1ea9u tr\u00ean to\u00e0n Trung Qu\u1ed1c.<\/p>\n\n\n\n<p>[Y\u00eau c\u1ea7u t\u01b0 v\u1ea5n mi\u1ec5n ph\u00ed]<\/p>\n\n\n\n<h2 class=\"wp-block-heading\" id=\"h-lien-h\u1ec7-d\u1ea1i-ly-sourcing-trung-qu\u1ed1c-chung-toi-s\u1eb5n-sang-giup-d\u1ee1\">Li\u00ean H\u1ec7 \u0110\u1ea1i L\u00fd Sourcing Trung Qu\u1ed1c \u2014 Ch\u00fang t\u00f4i S\u1eb5n s\u00e0ng Gi\u00fap \u0111\u1ee1<\/h2>\n\n\n\n<p>D\u00f9 b\u1ea1n \u0111ang nh\u1eadp kh\u1ea9u l\u1ea7n \u0111\u1ea7u hay qu\u1ea3n l\u00fd s\u1ea3n xu\u1ea5t li\u00ean t\u1ee5c, \u0111\u1ed9i ng\u0169 \u0111\u1ecba ph\u01b0\u01a1ng c\u1ee7a ch\u00fang t\u00f4i t\u1ea1i Trung Qu\u1ed1c s\u1eb5n s\u00e0ng h\u00e0nh \u0111\u1ed9ng. Nhanh ch\u00f3ng, \u0111\u1ed9c l\u1eadp v\u00e0 \u0111\u00e1ng tin c\u1eady. L\u00e0 \u0111\u1ea1i l\u00fd sourcing Trung Qu\u1ed1c \u0111\u00e1ng tin c\u1eady, ch\u00fang t\u00f4i ph\u1ea3n h\u1ed3i m\u1ecdi c\u00e2u h\u1ecfi trong v\u00f2ng 24 gi\u1edd.<\/p>\n\n\n\n<h2 class=\"wp-block-heading\" id=\"h-d\u1ecbch-v\u1ee5-c\u1ee7a-chung-toi\">D\u1ecbch v\u1ee5 c\u1ee7a ch\u00fang t\u00f4i<\/h2>\n\n\n\n<ul class=\"wp-block-list\">\n<li>Ki\u1ec3m tra ch\u1ea5t l\u01b0\u1ee3ng (PPI, DUPRO, PSI)<\/li>\n\n\n\n<li>Ki\u1ec3m to\u00e1n nh\u00e0 m\u00e1y v\u00e0 x\u00e1c minh nh\u00e0 cung c\u1ea5p<\/li>\n\n\n\n<li>Sourcing v\u00e0 mua h\u00e0ng t\u1eeb Trung Qu\u1ed1c<\/li>\n\n\n\n<li>Gi\u00e1m s\u00e1t x\u1ebfp h\u00e0ng container<\/li>\n\n\n\n<li>H\u1ed7 tr\u1ee3 ch\u1ee9ng t\u1eeb xu\u1ea5t kh\u1ea9u<\/li>\n\n\n\n<li>V\u1eadn chuy\u1ec3n n\u1ed9i \u0111\u1ecba v\u00e0 \u0111\u1eb7t ch\u1ed7 v\u1eadn chuy\u1ec3n h\u00e0ng h\u00f3a (\u0110\u01b0\u1eddng bi\u1ec3n v\u00e0 H\u00e0ng kh\u00f4ng)<\/li>\n\n\n\n<li>Khai b\u00e1o h\u1ea3i quan v\u00e0 ki\u1ec3m tra th\u01b0\u01a1ng m\u1ea1i t\u1ea1i Trung Qu\u1ed1c<\/li>\n<\/ul>\n\n\n\n<h2 class=\"wp-block-heading\" id=\"h-lien-h\u1ec7-tr\u1ef1c-ti\u1ebfp\">Li\u00ean h\u1ec7 tr\u1ef1c ti\u1ebfp<\/h2>\n\n\n\n<p><strong>Gi\u00e1m \u0111\u1ed1c:<\/strong> \u00d4ng Lee <strong>Email:<\/strong> <a href=\"mailto:info@ruitongs.com\">info@ruitongs.com<\/a> <strong>WhatsApp \/ \u0110i\u1ec7n tho\u1ea1i:<\/strong> +86 186 5798 7863 <strong>WeChat:<\/strong> +86 186 5798 7863 <strong>Gi\u1edd l\u00e0m vi\u1ec7c:<\/strong> Th\u1ee9 Hai \u2013 Th\u1ee9 B\u1ea3y | 09:00 \u2013 18:00 (GMT+8)<\/p>\n\n\n\n<h2 class=\"wp-block-heading\" id=\"h-g\u1eedi-tin-nh\u1eafn-cho-chung-toi\">G\u1eedi tin nh\u1eafn cho ch\u00fang t\u00f4i<\/h2>\n\n\n\n<ul class=\"wp-block-list\">\n<li>H\u1ecd v\u00e0 t\u00ean<\/li>\n\n\n\n<li>T\u00ean c\u00f4ng ty<\/li>\n\n\n\n<li>\u0110\u1ecba ch\u1ec9 email<\/li>\n\n\n\n<li>D\u1ecbch v\u1ee5 c\u1ea7n thi\u1ebft (Ki\u1ec3m tra ch\u1ea5t l\u01b0\u1ee3ng \/ Ki\u1ec3m to\u00e1n nh\u00e0 m\u00e1y \/ Sourcing \/ Logistics)<\/li>\n\n\n\n<li>Tin nh\u1eafn <em>(V\u00ed d\u1ee5: &#8220;T\u00f4i c\u1ea7n ki\u1ec3m tra tr\u01b0\u1edbc khi giao h\u00e0ng t\u1ea1i Th\u00e2m Quy\u1ebfn v\u00e0o tu\u1ea7n t\u1edbi.&#8221;)<\/em><\/li>\n<\/ul>\n\n\n\n<p>[Li\u00ean h\u1ec7 RUITONGS ngay]<\/p>\n\n\n\n<h2 class=\"wp-block-heading\" id=\"h-n\u01a1i-d\u1ea1i-ly-sourcing-trung-qu\u1ed1c-c\u1ee7a-chung-toi-ho\u1ea1t-d\u1ed9ng\">N\u01a1i \u0111\u1ea1i l\u00fd sourcing Trung Qu\u1ed1c c\u1ee7a ch\u00fang t\u00f4i ho\u1ea1t \u0111\u1ed9ng<\/h2>\n\n\n\n<p>Tr\u1ee5 s\u1edf ch\u00ednh t\u1ea1i Ngh\u0129a \u00d4, \u0111\u1ed9i ng\u0169 ch\u00fang t\u00f4i bao ph\u1ee7 t\u1ea5t c\u1ea3 c\u00e1c khu v\u1ef1c s\u1ea3n xu\u1ea5t ch\u00ednh v\u00e0 c\u1ea3ng xu\u1ea5t kh\u1ea9u t\u1ea1i Trung Qu\u1ed1c. L\u00e0 \u0111\u1ea1i l\u00fd sourcing Trung Qu\u1ed1c, ch\u00fang t\u00f4i c\u00f3 th\u1ec3 \u0111\u1ebfn b\u1ea5t k\u1ef3 nh\u00e0 m\u00e1y n\u00e0o trong v\u00f2ng 24\u201348 gi\u1edd.<\/p>\n\n\n\n<p><strong>Khu v\u1ef1c s\u1ea3n xu\u1ea5t<\/strong> Ngh\u0129a \u00d4 \u00b7 H\u00e0ng Ch\u00e2u \u00b7 Qu\u1ea3ng Ch\u00e2u \u00b7 Th\u00e2m Quy\u1ebfn \u00b7 Ki\u1ec7t D\u01b0\u01a1ng \u00b7 Giang M\u00f4n \u00b7 Thanh \u0110\u1ea3o \u00b7 H\u1ea1 M\u00f4n \u00b7 Tr\u00f9ng Kh\u00e1nh<\/p>\n\n\n\n<p><strong>C\u1ea3ng xu\u1ea5t kh\u1ea9u<\/strong> Ninh Ba \u00b7 Th\u01b0\u1ee3ng H\u1ea3i \u00b7 Th\u00e2m Quy\u1ebfn \u00b7 Qu\u1ea3ng Ch\u00e2u \u00b7 Thanh \u0110\u1ea3o \u00b7 Thi\u00ean T\u00e2n \u00b7 \u0110\u1ea1i Li\u00ean \u00b7 H\u1ea1 M\u00f4n \u00b7 Nam Kinh<\/p>\n\n\n\n<h2 class=\"wp-block-heading\" id=\"h-t\u1ea1i-sao-ch\u1ecdn-ruitongs-lam-d\u1ea1i-ly-sourcing-trung-qu\u1ed1c-c\u1ee7a-b\u1ea1n\">T\u1ea1i sao ch\u1ecdn RUITONGS l\u00e0m \u0111\u1ea1i l\u00fd sourcing Trung Qu\u1ed1c c\u1ee7a b\u1ea1n<\/h2>\n\n\n\n<p><strong>100% \u0110\u1ed9c l\u1eadp<\/strong> \u2014 Kh\u00f4ng c\u00f3 hoa h\u1ed3ng t\u1eeb nh\u00e0 m\u00e1y hay c\u00f4ng ty v\u1eadn chuy\u1ec3n. Ch\u00fang t\u00f4i l\u00e0m vi\u1ec7c \u0111\u1ed9c quy\u1ec1n cho ng\u01b0\u1eddi mua.<\/p>\n\n\n\n<p><strong>Hi\u1ec7n di\u1ec7n \u0111\u1ecba ph\u01b0\u01a1ng<\/strong> \u2014 \u0110\u1ed9i ng\u0169 bao ph\u1ee7 t\u1ea5t c\u1ea3 c\u00e1c trung t\u00e2m s\u1ea3n xu\u1ea5t v\u00e0 c\u1ea3ng xu\u1ea5t kh\u1ea9u ch\u00ednh t\u1ea1i Trung Qu\u1ed1c.<\/p>\n\n\n\n<p><strong>Ph\u1ea3n h\u1ed3i nhanh<\/strong> \u2014 Thanh tra \u0111\u01b0\u1ee3c c\u1eed \u0111i trong v\u00f2ng 24\u201348 gi\u1edd. B\u00e1o c\u00e1o \u0111\u01b0\u1ee3c giao trong v\u00f2ng 24 gi\u1edd.<\/p>\n\n\n\n<p><strong>B\u00e1o c\u00e1o minh b\u1ea1ch<\/strong> \u2014 B\u00e1o c\u00e1o d\u1ef1a tr\u00ean b\u1eb1ng ch\u1ee9ng v\u1edbi \u1ea3nh v\u00e0 video. Kh\u00f4ng c\u00f3 l\u1eddi h\u1ee9a b\u00e1n h\u00e0ng.<\/p>\n\n\n\n<p>\u0110\u1ec3 bi\u1ebft th\u00eam th\u00f4ng tin v\u1ec1 ti\u00eau chu\u1ea9n th\u01b0\u01a1ng m\u1ea1i qu\u1ed1c t\u1ebf, h\u00e3y truy c\u1eadp <a href=\"https:\/\/iccwbo.org\/\">Ph\u00f2ng Th\u01b0\u01a1ng m\u1ea1i Qu\u1ed1c t\u1ebf<\/a><\/p>\n\n\n\n<p>\ud83d\udc49 <a href=\"https:\/\/ruitongs.com\/dich-vu-sourcing-trung-quoc\/\">D\u1ecbch v\u1ee5 Sourcing Trung Qu\u1ed1c<\/a> \ud83d\udc49 <a href=\"https:\/\/ruitongs.com\/dai-ly-sourcing-trung-quoc\/\">\u0110\u1ea1i l\u00fd Sourcing Trung Qu\u1ed1c<\/a><\/p>\n\n\n\n<p>[Li\u00ean h\u1ec7 RUITONGS ngay]<\/p>\n","protected":false},"excerpt":{"rendered":"<p>Li\u00ean H\u1ec7 \u0110\u1ea1i L\u00fd Sourcing Trung Qu\u1ed1c \u2014 RUITONGS Li\u00ean h\u1ec7 RUITONGS \u2014 \u0111\u1ea1i l\u00fd sourcing Trung Qu\u1ed1c \u0111\u1ed9c l\u1eadp [&hellip;]<\/p>\n","protected":false},"author":259547316,"featured_media":0,"parent":57172,"menu_order":0,"comment_status":"closed","ping_status":"closed","template":"","meta":{"_acf_changed":false,"site-sidebar-layout":"no-sidebar","site-content-layout":"","ast-site-content-layout":"narrow-width-container","site-content-style":"boxed","site-sidebar-style":"default","ast-global-header-display":"","ast-banner-title-visibility":"","ast-main-header-display":"","ast-hfb-above-header-display":"","ast-hfb-below-header-display":"","ast-hfb-mobile-header-display":"","site-post-title":"","ast-breadcrumbs-content":"","ast-featured-img":"","footer-sml-layout":"","ast-disable-related-posts":"","theme-transparent-header-meta":"","adv-header-id-meta":"","stick-header-meta":"","header-above-stick-meta":"","header-main-stick-meta":"","header-below-stick-meta":"","astra-migrate-meta-layouts":"default","ast-page-background-enabled":"default","ast-page-background-meta":{"desktop":{"background-color":"var(--ast-global-color-5)","background-image":"","background-repeat":"repeat","background-position":"center center","background-size":"auto","background-attachment":"scroll","background-type":"","background-media":"","overlay-type":"","overlay-color":"","overlay-opacity":"","overlay-gradient":""},"tablet":{"background-color":"","background-image":"","background-repeat":"repeat","background-position":"center center","background-size":"auto","background-attachment":"scroll","background-type":"","background-media":"","overlay-type":"","overlay-color":"","overlay-opacity":"","overlay-gradient":""},"mobile":{"background-color":"","background-image":"","background-repeat":"repeat","background-position":"center center","background-size":"auto","background-attachment":"scroll","background-type":"","background-media":"","overlay-type":"","overlay-color":"","overlay-opacity":"","overlay-gradient":""}},"ast-content-background-meta":{"desktop":{"background-color":"var(--ast-global-color-4)","background-image":"","background-repeat":"repeat","background-position":"center center","background-size":"auto","background-attachment":"scroll","background-type":"","background-media":"","overlay-type":"","overlay-color":"","overlay-opacity":"","overlay-gradient":""},"tablet":{"background-color":"var(--ast-global-color-4)","background-image":"","background-repeat":"repeat","background-position":"center center","background-size":"auto","background-attachment":"scroll","background-type":"","background-media":"","overlay-type":"","overlay-color":"","overlay-opacity":"","overlay-gradient":""},"mobile":{"background-color":"var(--ast-global-color-4)","background-image":"","background-repeat":"repeat","background-position":"center center","background-size":"auto","background-attachment":"scroll","background-type":"","background-media":"","overlay-type":"","overlay-color":"","overlay-opacity":"","overlay-gradient":""}},"_cloudinary_featured_overwrite":false,"footnotes":""},"class_list":["post-57183","page","type-page","status-publish","hentry"],"acf":[],"yoast_head":"<!-- This site is optimized with the Yoast SEO Premium plugin v27.5 (Yoast SEO v27.6) - https:\/\/yoast.com\/product\/yoast-seo-premium-wordpress\/ -->\n<title>Li\u00ean H\u1ec7 \u0110\u1ea1i L\u00fd Sourcing Trung Qu\u1ed1c | RUITONGS<\/title>\n<meta name=\"description\" content=\"Li\u00ean h\u1ec7 RUITONGS \u0111\u1ea1i l\u00fd sourcing Trung Qu\u1ed1c \u0111\u1ed9c l\u1eadp. Ki\u1ec3m tra ch\u1ea5t l\u01b0\u1ee3ng, ki\u1ec3m to\u00e1n nh\u00e0 m\u00e1y v\u00e0 h\u1ed7 tr\u1ee3 logistics. Ph\u1ea3n h\u1ed3i trong 24 gi\u1edd.\" \/>\n<meta name=\"robots\" content=\"index, follow, max-snippet:-1, max-image-preview:large, max-video-preview:-1\" \/>\n<link rel=\"canonical\" href=\"https:\/\/ruitongs.com\/vi\/dai-ly-sourcing-trung-quoc\/lien-he-dai-ly-sourcing-trung-quoc\/\" \/>\n<meta property=\"og:locale\" content=\"vi_VN\" \/>\n<meta property=\"og:type\" content=\"article\" \/>\n<meta property=\"og:title\" content=\"Li\u00ean h\u1ec7\" \/>\n<meta property=\"og:description\" content=\"Li\u00ean h\u1ec7 RUITONGS \u0111\u1ea1i l\u00fd sourcing Trung Qu\u1ed1c \u0111\u1ed9c l\u1eadp. Ki\u1ec3m tra ch\u1ea5t l\u01b0\u1ee3ng, ki\u1ec3m to\u00e1n nh\u00e0 m\u00e1y v\u00e0 h\u1ed7 tr\u1ee3 logistics. Ph\u1ea3n h\u1ed3i trong 24 gi\u1edd.\" \/>\n<meta property=\"og:url\" content=\"https:\/\/ruitongs.com\/vi\/dai-ly-sourcing-trung-quoc\/lien-he-dai-ly-sourcing-trung-quoc\/\" \/>\n<meta property=\"og:site_name\" content=\"RUITONGS\" \/>\n<meta property=\"article:modified_time\" content=\"2026-05-07T01:15:04+00:00\" \/>\n<meta name=\"twitter:card\" content=\"summary_large_image\" \/>\n<meta name=\"twitter:label1\" content=\"Est. reading time\" \/>\n\t<meta name=\"twitter:data1\" content=\"3 minutes\" \/>\n<script type=\"application\/ld+json\" class=\"yoast-schema-graph\">{\"@context\":\"https:\\\/\\\/schema.org\",\"@graph\":[{\"@type\":\"WebPage\",\"@id\":\"https:\\\/\\\/ruitongs.com\\\/vi\\\/dai-ly-sourcing-trung-quoc\\\/lien-he-dai-ly-sourcing-trung-quoc\\\/\",\"url\":\"https:\\\/\\\/ruitongs.com\\\/vi\\\/dai-ly-sourcing-trung-quoc\\\/lien-he-dai-ly-sourcing-trung-quoc\\\/\",\"name\":\"Li\u00ean H\u1ec7 \u0110\u1ea1i L\u00fd Sourcing Trung Qu\u1ed1c | RUITONGS\",\"isPartOf\":{\"@id\":\"https:\\\/\\\/ruitongs.com\\\/vi\\\/#website\"},\"datePublished\":\"2026-02-08T07:15:44+00:00\",\"dateModified\":\"2026-05-07T01:15:04+00:00\",\"description\":\"Li\u00ean h\u1ec7 RUITONGS \u0111\u1ea1i l\u00fd sourcing Trung Qu\u1ed1c \u0111\u1ed9c l\u1eadp. Ki\u1ec3m tra ch\u1ea5t l\u01b0\u1ee3ng, ki\u1ec3m to\u00e1n nh\u00e0 m\u00e1y v\u00e0 h\u1ed7 tr\u1ee3 logistics. Ph\u1ea3n h\u1ed3i trong 24 gi\u1edd.\",\"breadcrumb\":{\"@id\":\"https:\\\/\\\/ruitongs.com\\\/vi\\\/dai-ly-sourcing-trung-quoc\\\/lien-he-dai-ly-sourcing-trung-quoc\\\/#breadcrumb\"},\"inLanguage\":\"vi-VN\",\"potentialAction\":[{\"@type\":\"ReadAction\",\"target\":[\"https:\\\/\\\/ruitongs.com\\\/vi\\\/dai-ly-sourcing-trung-quoc\\\/lien-he-dai-ly-sourcing-trung-quoc\\\/\"]}]},{\"@type\":\"BreadcrumbList\",\"@id\":\"https:\\\/\\\/ruitongs.com\\\/vi\\\/dai-ly-sourcing-trung-quoc\\\/lien-he-dai-ly-sourcing-trung-quoc\\\/#breadcrumb\",\"itemListElement\":[{\"@type\":\"ListItem\",\"position\":1,\"name\":\"Home\",\"item\":\"https:\\\/\\\/ruitongs.com\\\/vi\\\/dai-ly-sourcing-trung-quoc\\\/\"},{\"@type\":\"ListItem\",\"position\":2,\"name\":\"Trang ch\u1ee7\u00a0\",\"item\":\"https:\\\/\\\/ruitongs.com\\\/vi\\\/dai-ly-sourcing-trung-quoc\\\/\"},{\"@type\":\"ListItem\",\"position\":3,\"name\":\"Li\u00ean h\u1ec7\"}]},{\"@type\":\"WebSite\",\"@id\":\"https:\\\/\\\/ruitongs.com\\\/vi\\\/#website\",\"url\":\"https:\\\/\\\/ruitongs.com\\\/vi\\\/\",\"name\":\"RUITONGS\",\"description\":\"RUITONGS \u2013 China&#039;s Premier Kitchenware Supplier\",\"publisher\":{\"@id\":\"https:\\\/\\\/ruitongs.com\\\/vi\\\/#organization\"},\"potentialAction\":[{\"@type\":\"SearchAction\",\"target\":{\"@type\":\"EntryPoint\",\"urlTemplate\":\"https:\\\/\\\/ruitongs.com\\\/vi\\\/?s={search_term_string}\"},\"query-input\":{\"@type\":\"PropertyValueSpecification\",\"valueRequired\":true,\"valueName\":\"search_term_string\"}}],\"inLanguage\":\"vi-VN\"},{\"@type\":[\"Organization\",\"Place\"],\"@id\":\"https:\\\/\\\/ruitongs.com\\\/vi\\\/#organization\",\"name\":\"RUITONGS\",\"url\":\"https:\\\/\\\/ruitongs.com\\\/vi\\\/\",\"logo\":{\"@id\":\"https:\\\/\\\/ruitongs.com\\\/vi\\\/dai-ly-sourcing-trung-quoc\\\/lien-he-dai-ly-sourcing-trung-quoc\\\/#local-main-organization-logo\"},\"image\":{\"@id\":\"https:\\\/\\\/ruitongs.com\\\/vi\\\/dai-ly-sourcing-trung-quoc\\\/lien-he-dai-ly-sourcing-trung-quoc\\\/#local-main-organization-logo\"},\"description\":\"RUITONGS is a China-based professional sourcing agent offering one-stop sourcing, inspection, and export services for global buyers.\",\"telephone\":[],\"openingHoursSpecification\":[{\"@type\":\"OpeningHoursSpecification\",\"dayOfWeek\":[\"Sunday\",\"Monday\",\"Tuesday\",\"Wednesday\",\"Thursday\",\"Friday\",\"Saturday\"],\"opens\":\"09:00\",\"closes\":\"17:00\"}]},{\"@type\":\"ImageObject\",\"inLanguage\":\"vi-VN\",\"@id\":\"https:\\\/\\\/ruitongs.com\\\/vi\\\/dai-ly-sourcing-trung-quoc\\\/lien-he-dai-ly-sourcing-trung-quoc\\\/#local-main-organization-logo\",\"url\":\"https:\\\/\\\/ruitongs.com\\\/wp-content\\\/uploads\\\/2026\\\/02\\\/ruitongs-logo.png\",\"contentUrl\":\"https:\\\/\\\/ruitongs.com\\\/wp-content\\\/uploads\\\/2026\\\/02\\\/ruitongs-logo.png\",\"width\":696,\"height\":696,\"caption\":\"RUITONGS\"}]}<\/script>\n<!-- \/ Yoast SEO Premium plugin. -->","yoast_head_json":{"title":"Li\u00ean H\u1ec7 \u0110\u1ea1i L\u00fd Sourcing Trung Qu\u1ed1c | RUITONGS","description":"Li\u00ean h\u1ec7 RUITONGS \u0111\u1ea1i l\u00fd sourcing Trung Qu\u1ed1c \u0111\u1ed9c l\u1eadp. Ki\u1ec3m tra ch\u1ea5t l\u01b0\u1ee3ng, ki\u1ec3m to\u00e1n nh\u00e0 m\u00e1y v\u00e0 h\u1ed7 tr\u1ee3 logistics. Ph\u1ea3n h\u1ed3i trong 24 gi\u1edd.","robots":{"index":"index","follow":"follow","max-snippet":"max-snippet:-1","max-image-preview":"max-image-preview:large","max-video-preview":"max-video-preview:-1"},"canonical":"https:\/\/ruitongs.com\/vi\/dai-ly-sourcing-trung-quoc\/lien-he-dai-ly-sourcing-trung-quoc\/","og_locale":"vi_VN","og_type":"article","og_title":"Li\u00ean h\u1ec7","og_description":"Li\u00ean h\u1ec7 RUITONGS \u0111\u1ea1i l\u00fd sourcing Trung Qu\u1ed1c \u0111\u1ed9c l\u1eadp. Ki\u1ec3m tra ch\u1ea5t l\u01b0\u1ee3ng, ki\u1ec3m to\u00e1n nh\u00e0 m\u00e1y v\u00e0 h\u1ed7 tr\u1ee3 logistics. Ph\u1ea3n h\u1ed3i trong 24 gi\u1edd.","og_url":"https:\/\/ruitongs.com\/vi\/dai-ly-sourcing-trung-quoc\/lien-he-dai-ly-sourcing-trung-quoc\/","og_site_name":"RUITONGS","article_modified_time":"2026-05-07T01:15:04+00:00","twitter_card":"summary_large_image","twitter_misc":{"Est. reading time":"3 minutes"},"schema":{"@context":"https:\/\/schema.org","@graph":[{"@type":"WebPage","@id":"https:\/\/ruitongs.com\/vi\/dai-ly-sourcing-trung-quoc\/lien-he-dai-ly-sourcing-trung-quoc\/","url":"https:\/\/ruitongs.com\/vi\/dai-ly-sourcing-trung-quoc\/lien-he-dai-ly-sourcing-trung-quoc\/","name":"Li\u00ean H\u1ec7 \u0110\u1ea1i L\u00fd Sourcing Trung Qu\u1ed1c | RUITONGS","isPartOf":{"@id":"https:\/\/ruitongs.com\/vi\/#website"},"datePublished":"2026-02-08T07:15:44+00:00","dateModified":"2026-05-07T01:15:04+00:00","description":"Li\u00ean h\u1ec7 RUITONGS \u0111\u1ea1i l\u00fd sourcing Trung Qu\u1ed1c \u0111\u1ed9c l\u1eadp. Ki\u1ec3m tra ch\u1ea5t l\u01b0\u1ee3ng, ki\u1ec3m to\u00e1n nh\u00e0 m\u00e1y v\u00e0 h\u1ed7 tr\u1ee3 logistics. Ph\u1ea3n h\u1ed3i trong 24 gi\u1edd.","breadcrumb":{"@id":"https:\/\/ruitongs.com\/vi\/dai-ly-sourcing-trung-quoc\/lien-he-dai-ly-sourcing-trung-quoc\/#breadcrumb"},"inLanguage":"vi-VN","potentialAction":[{"@type":"ReadAction","target":["https:\/\/ruitongs.com\/vi\/dai-ly-sourcing-trung-quoc\/lien-he-dai-ly-sourcing-trung-quoc\/"]}]},{"@type":"BreadcrumbList","@id":"https:\/\/ruitongs.com\/vi\/dai-ly-sourcing-trung-quoc\/lien-he-dai-ly-sourcing-trung-quoc\/#breadcrumb","itemListElement":[{"@type":"ListItem","position":1,"name":"Home","item":"https:\/\/ruitongs.com\/vi\/dai-ly-sourcing-trung-quoc\/"},{"@type":"ListItem","position":2,"name":"Trang ch\u1ee7\u00a0","item":"https:\/\/ruitongs.com\/vi\/dai-ly-sourcing-trung-quoc\/"},{"@type":"ListItem","position":3,"name":"Li\u00ean h\u1ec7"}]},{"@type":"WebSite","@id":"https:\/\/ruitongs.com\/vi\/#website","url":"https:\/\/ruitongs.com\/vi\/","name":"RUITONGS","description":"RUITONGS \u2013 China&#039;s Premier Kitchenware Supplier","publisher":{"@id":"https:\/\/ruitongs.com\/vi\/#organization"},"potentialAction":[{"@type":"SearchAction","target":{"@type":"EntryPoint","urlTemplate":"https:\/\/ruitongs.com\/vi\/?s={search_term_string}"},"query-input":{"@type":"PropertyValueSpecification","valueRequired":true,"valueName":"search_term_string"}}],"inLanguage":"vi-VN"},{"@type":["Organization","Place"],"@id":"https:\/\/ruitongs.com\/vi\/#organization","name":"RUITONGS","url":"https:\/\/ruitongs.com\/vi\/","logo":{"@id":"https:\/\/ruitongs.com\/vi\/dai-ly-sourcing-trung-quoc\/lien-he-dai-ly-sourcing-trung-quoc\/#local-main-organization-logo"},"image":{"@id":"https:\/\/ruitongs.com\/vi\/dai-ly-sourcing-trung-quoc\/lien-he-dai-ly-sourcing-trung-quoc\/#local-main-organization-logo"},"description":"RUITONGS is a China-based professional sourcing agent offering one-stop sourcing, inspection, and export services for global buyers.","telephone":[],"openingHoursSpecification":[{"@type":"OpeningHoursSpecification","dayOfWeek":["Sunday","Monday","Tuesday","Wednesday","Thursday","Friday","Saturday"],"opens":"09:00","closes":"17:00"}]},{"@type":"ImageObject","inLanguage":"vi-VN","@id":"https:\/\/ruitongs.com\/vi\/dai-ly-sourcing-trung-quoc\/lien-he-dai-ly-sourcing-trung-quoc\/#local-main-organization-logo","url":"https:\/\/ruitongs.com\/wp-content\/uploads\/2026\/02\/ruitongs-logo.png","contentUrl":"https:\/\/ruitongs.com\/wp-content\/uploads\/2026\/02\/ruitongs-logo.png","width":696,"height":696,"caption":"RUITONGS"}]}},"jetpack_likes_enabled":false,"jetpack_sharing_enabled":false,"jetpack_shortlink":"https:\/\/wp.me\/Pgestk-eSj","jetpack-related-posts":[{"id":57172,"url":"https:\/\/ruitongs.com\/vi\/","url_meta":{"origin":57183,"position":0},"title":"Trang ch\u1ee7\u00a0","author":"Ruitongs","date":"06\/02\/2026","format":false,"excerpt":"\u0110\u1ea1i L\u00fd Sourcing Trung Qu\u1ed1c \u2014 RUITONGS RUITONGS l\u00e0 \u0111\u1ea1i l\u00fd sourcing Trung Qu\u1ed1c \u0111\u00e1ng tin c\u1eady c\u1ee7a b\u1ea1n. Ch\u00fang t\u00f4i cung c\u1ea5p h\u1ed7 tr\u1ee3 to\u00e0n di\u1ec7n trong x\u00e1c minh nh\u00e0 cung c\u1ea5p, ki\u1ec3m tra ch\u1ea5t l\u01b0\u1ee3ng v\u00e0 ph\u1ed1i h\u1ee3p xu\u1ea5t kh\u1ea9u. Ng\u01b0\u1eddi mua to\u00e0n c\u1ea7u nh\u1eadp kh\u1ea9u v\u1edbi \u0111\u1ea7y\u2026","rel":"","context":"Similar post","block_context":{"text":"Similar post","link":""},"img":{"alt_text":"","src":"","width":0,"height":0},"classes":[]},{"id":57177,"url":"https:\/\/ruitongs.com\/vi\/dai-ly-sourcing-trung-quoc\/dich-vu-sourcing-trung-quoc\/","url_meta":{"origin":57183,"position":1},"title":"D\u1ecbch v\u1ee5 c\u1ee7a ch\u00fang t\u00f4i","author":"Ruitongs","date":"08\/02\/2026","format":false,"excerpt":"D\u1ecbch V\u1ee5 Sourcing Trung Qu\u1ed1c \u2014 RUITONGS RUITONGS cung c\u1ea5p d\u1ecbch v\u1ee5 sourcing Trung Qu\u1ed1c to\u00e0n di\u1ec7n. Ch\u00fang t\u00f4i h\u1ed7 tr\u1ee3 t\u1eeb ki\u1ec3m to\u00e1n nh\u00e0 cung c\u1ea5p \u0111\u1ebfn qu\u1ea3n l\u00fd mua h\u00e0ng \u0111\u1ea7y \u0111\u1ee7. \u0110\u1ed9i ng\u0169 \u0111\u1ecba ph\u01b0\u01a1ng v\u00e0 gi\u00e1m s\u00e1t t\u1ea1i hi\u1ec7n tr\u01b0\u1eddng gi\u00fap b\u1ea1n nh\u1eadp kh\u1ea9u v\u1edbi \u0111\u1ea7y\u2026","rel":"","context":"Similar post","block_context":{"text":"Similar post","link":""},"img":{"alt_text":"","src":"","width":0,"height":0},"classes":[]},{"id":17842,"url":"https:\/\/ruitongs.com\/vi\/do-nau-nuong\/","url_meta":{"origin":57183,"position":2},"title":"\u0110\u1ed3 n\u1ea5u n\u01b0\u1edbng","author":"Ruitongs","date":"15\/05\/2025","format":false,"excerpt":"Ch\u1ea3o r\u00e1n B\u1ec1n, Kh\u00f4ng d\u00ednh, S\u1eb5n s\u00e0ng \u2013 Ng\u01b0\u1eddi b\u1ea1n \u0111\u1ed3ng h\u00e0nh thi\u1ebft y\u1ebfu trong b\u1ebfp nh\u00e0 b\u1ea1n. Ch\u1ea3o \u0111\u1ef1ng n\u01b0\u1edbc s\u1ed1t \u0110\u1ebf r\u1ed9ng, k\u1ebft qu\u1ea3 ch\u00ednh x\u00e1c \u2013 L\u00fd t\u01b0\u1edfng cho c\u00e1c lo\u1ea1i n\u01b0\u1edbc s\u1ed1t v\u00e0 n\u01b0\u1edbc th\u1ecbt \u0111\u1eadm \u0111\u00e0. N\u1ed3i h\u1ea7m T\u1eeb \u00e1p ch\u1ea3o \u0111\u1ebfn ninh nh\u1ecf l\u1eeda\u2026","rel":"","context":"Similar post","block_context":{"text":"Similar post","link":""},"img":{"alt_text":"","src":"","width":0,"height":0},"classes":[]},{"id":17811,"url":"https:\/\/ruitongs.com\/vi\/trang-chu\/","url_meta":{"origin":57183,"position":3},"title":"Trang ch\u1ee7","author":"Ruitongs","date":"13\/05\/2025","format":false,"excerpt":"\u0110\u1ed3 n\u1ea5u n\u01b0\u1edbng N\u00e2ng t\u1ea7m c\u0103n b\u1ebfp c\u1ee7a b\u1ea1n v\u1edbi \u0111\u1ed3 n\u1ea5u n\u01b0\u1edbng chuy\u00ean nghi\u1ec7p \u2013 B\u1ec1n, \u0111\u00e1ng tin c\u1eady, s\u1eb5n s\u00e0ng cho nh\u00e0 h\u00e0ng! \u0110\u1ed3 d\u00f9ng nh\u00e0 b\u1ebfp C\u1eaft, th\u00e1i v\u00e0 chu\u1ea9n b\u1ecb ch\u00ednh x\u00e1c \u2013 Dao nh\u00e0 b\u1ebfp chuy\u00ean nghi\u1ec7p cho nh\u00e0 h\u00e0ng th\u01b0\u01a1ng m\u1ea1i c\u1ee7a b\u1ea1n! \u0110\u1ed3\u2026","rel":"","context":"Similar post","block_context":{"text":"Similar post","link":""},"img":{"alt_text":"","src":"","width":0,"height":0},"classes":[]}],"_links":{"self":[{"href":"https:\/\/ruitongs.com\/vi\/wp-json\/wp\/v2\/pages\/57183","targetHints":{"allow":["GET"]}}],"collection":[{"href":"https:\/\/ruitongs.com\/vi\/wp-json\/wp\/v2\/pages"}],"about":[{"href":"https:\/\/ruitongs.com\/vi\/wp-json\/wp\/v2\/types\/page"}],"author":[{"embeddable":true,"href":"https:\/\/ruitongs.com\/vi\/wp-json\/wp\/v2\/users\/259547316"}],"replies":[{"embeddable":true,"href":"https:\/\/ruitongs.com\/vi\/wp-json\/wp\/v2\/comments?post=57183"}],"version-history":[{"count":5,"href":"https:\/\/ruitongs.com\/vi\/wp-json\/wp\/v2\/pages\/57183\/revisions"}],"predecessor-version":[{"id":57192,"href":"https:\/\/ruitongs.com\/vi\/wp-json\/wp\/v2\/pages\/57183\/revisions\/57192"}],"up":[{"embeddable":true,"href":"https:\/\/ruitongs.com\/vi\/wp-json\/wp\/v2\/pages\/57172"}],"wp:attachment":[{"href":"https:\/\/ruitongs.com\/vi\/wp-json\/wp\/v2\/media?parent=57183"}],"curies":[{"name":"wp","href":"https:\/\/api.w.org\/{rel}","templated":true}]}}